{"id":16389,"date":"2025-03-25T12:53:27","date_gmt":"2025-03-25T09:53:27","guid":{"rendered":"https:\/\/ceoparts.com\/?post_type=product&#038;p=16389"},"modified":"2026-05-16T19:50:38","modified_gmt":"2026-05-16T16:50:38","slug":"cat-forklift-kol-dayama-alt-plastik-91a7302031","status":"publish","type":"product","link":"https:\/\/ceoparts.com\/de\/urun\/cat-forklift-kol-dayama-alt-plastik-91a7302031\/","title":{"rendered":"Cat Gabelstapler Armlehne Untere Kunststoffteile &#8211; 91A7302031"},"content":{"rendered":"<p>Cat Gabelstapler Armlehne Untere Kunststoffteile &#8211; 91A7302031<\/p>","protected":false},"excerpt":{"rendered":"<p data-start=\"1065\" data-end=\"1296\">Das <strong data-start=\"1069\" data-end=\"1129\">Cat Forklift Armlehnen-Unterteil Kunststoff \u2013 91A7302031<\/strong> verbessert den Bedienkomfort und st\u00fctzt den unteren Teil der Armlehne zuverl\u00e4ssig. Mit seiner sto\u00df- und verschlei\u00dffesten Struktur sorgt es f\u00fcr eine lange Lebensdauer.<\/p>\n<p data-start=\"1298\" data-end=\"1318\"><strong data-start=\"1298\" data-end=\"1316\">Eigenschaften:<\/strong><\/p>\n<ul data-start=\"1319\" data-end=\"1447\">\n<li data-start=\"1319\" data-end=\"1363\">\n<p data-start=\"1321\" data-end=\"1363\">Kompatibel mit: Cat Gabelstapler-Modelle<\/p>\n<\/li>\n<li data-start=\"1364\" data-end=\"1399\">\n<p data-start=\"1366\" data-end=\"1399\">Hochwertiges Kunststoffmaterial<\/p>\n<\/li>\n<li data-start=\"1400\" data-end=\"1420\">\n<p data-start=\"1402\" data-end=\"1420\">Einfache Montage<\/p>\n<\/li>\n<li data-start=\"1421\" data-end=\"1447\">\n<p data-start=\"1423\" data-end=\"1447\">Komfort und Sicherheit<\/p>\n<\/li>\n<\/ul>\n","protected":false},"featured_media":16394,"template":"","meta":[],"product_brand":[],"product_cat":[472],"product_tag":[],"class_list":{"0":"post-16389","1":"product","2":"type-product","3":"status-publish","4":"has-post-thumbnail","6":"product_cat-kaporta-aksami","8":"first","9":"instock","10":"taxable","11":"shipping-taxable","12":"purchasable","13":"product-type-simple"},"_links":{"self":[{"href":"https:\/\/ceoparts.com\/de\/wp-json\/wp\/v2\/product\/16389","targetHints":{"allow":["GET"]}}],"collection":[{"href":"https:\/\/ceoparts.com\/de\/wp-json\/wp\/v2\/product"}],"about":[{"href":"https:\/\/ceoparts.com\/de\/wp-json\/wp\/v2\/types\/product"}],"wp:featuredmedia":[{"embeddable":true,"href":"https:\/\/ceoparts.com\/de\/wp-json\/wp\/v2\/media\/16394"}],"wp:attachment":[{"href":"https:\/\/ceoparts.com\/de\/wp-json\/wp\/v2\/media?parent=16389"}],"wp:term":[{"taxonomy":"product_brand","embeddable":true,"href":"https:\/\/ceoparts.com\/de\/wp-json\/wp\/v2\/product_brand?post=16389"},{"taxonomy":"product_cat","embeddable":true,"href":"https:\/\/ceoparts.com\/de\/wp-json\/wp\/v2\/product_cat?post=16389"},{"taxonomy":"product_tag","embeddable":true,"href":"https:\/\/ceoparts.com\/de\/wp-json\/wp\/v2\/product_tag?post=16389"}],"curies":[{"name":"wp","href":"https:\/\/api.w.org\/{rel}","templated":true}]}}