{"id":16407,"date":"2025-03-25T13:54:32","date_gmt":"2025-03-25T10:54:32","guid":{"rendered":"https:\/\/ceoparts.com\/?post_type=product&#038;p=16407"},"modified":"2026-05-16T18:10:38","modified_gmt":"2026-05-16T15:10:38","slug":"cin-transpalet-kumanda-kolu-kelebegi-takim-turuncu","status":"publish","type":"product","link":"https:\/\/ceoparts.com\/de\/urun\/cin-transpalet-kumanda-kolu-kelebegi-takim-turuncu\/","title":{"rendered":"China Hubwagen Steuerhebel Schmetterlingskit Orange"},"content":{"rendered":"<p>China Hubwagen Steuerhebel Schmetterlingskit Orange<\/p>","protected":false},"excerpt":{"rendered":"<p data-start=\"1254\" data-end=\"1596\">Das <strong data-start=\"1258\" data-end=\"1319\">Chinesische Hubwagen Steuergriff-Schmetterlingsset Orange<\/strong> ist ein hochwertiges und ergonomisches Bedienelement zur Steuerung von Richtung und Geschwindigkeit bei manuellen und elektrischen Hubwagen. Der robuste Kunststoffk\u00f6rper und die einfache Montage erh\u00f6hen die Benutzerfreundlichkeit. Die orange Farbe sorgt f\u00fcr gute Sichtbarkeit.<\/p>\n<p data-start=\"1598\" data-end=\"1618\"><strong data-start=\"1598\" data-end=\"1616\">Eigenschaften:<\/strong><\/p>\n<ul data-start=\"1619\" data-end=\"1767\">\n<li data-start=\"1619\" data-end=\"1669\">\n<p data-start=\"1621\" data-end=\"1669\">Kompatibel mit: Chinesischen Hubwagen-Modellen<\/p>\n<\/li>\n<li data-start=\"1670\" data-end=\"1703\">\n<p data-start=\"1672\" data-end=\"1703\">Material: Robuster Kunststoff<\/p>\n<\/li>\n<li data-start=\"1704\" data-end=\"1721\">\n<p data-start=\"1706\" data-end=\"1721\">Farbe: Orange<\/p>\n<\/li>\n<li data-start=\"1722\" data-end=\"1742\">\n<p data-start=\"1724\" data-end=\"1742\">Einfache Montage<\/p>\n<\/li>\n<li data-start=\"1743\" data-end=\"1767\">\n<p data-start=\"1745\" data-end=\"1767\">Ergonomisches Design<\/p>\n<\/li>\n<\/ul>\n","protected":false},"featured_media":16410,"template":"","meta":[],"product_brand":[],"product_cat":[454],"product_tag":[],"class_list":{"0":"post-16407","1":"product","2":"type-product","3":"status-publish","4":"has-post-thumbnail","6":"product_cat-switch-ve-buton","8":"first","9":"instock","10":"taxable","11":"shipping-taxable","12":"purchasable","13":"product-type-simple"},"_links":{"self":[{"href":"https:\/\/ceoparts.com\/de\/wp-json\/wp\/v2\/product\/16407","targetHints":{"allow":["GET"]}}],"collection":[{"href":"https:\/\/ceoparts.com\/de\/wp-json\/wp\/v2\/product"}],"about":[{"href":"https:\/\/ceoparts.com\/de\/wp-json\/wp\/v2\/types\/product"}],"wp:featuredmedia":[{"embeddable":true,"href":"https:\/\/ceoparts.com\/de\/wp-json\/wp\/v2\/media\/16410"}],"wp:attachment":[{"href":"https:\/\/ceoparts.com\/de\/wp-json\/wp\/v2\/media?parent=16407"}],"wp:term":[{"taxonomy":"product_brand","embeddable":true,"href":"https:\/\/ceoparts.com\/de\/wp-json\/wp\/v2\/product_brand?post=16407"},{"taxonomy":"product_cat","embeddable":true,"href":"https:\/\/ceoparts.com\/de\/wp-json\/wp\/v2\/product_cat?post=16407"},{"taxonomy":"product_tag","embeddable":true,"href":"https:\/\/ceoparts.com\/de\/wp-json\/wp\/v2\/product_tag?post=16407"}],"curies":[{"name":"wp","href":"https:\/\/api.w.org\/{rel}","templated":true}]}}