{"id":16443,"date":"2025-03-26T13:03:02","date_gmt":"2025-03-26T10:03:02","guid":{"rendered":"https:\/\/ceoparts.com\/?post_type=product&#038;p=16443"},"modified":"2026-05-16T17:33:32","modified_gmt":"2026-05-16T14:33:32","slug":"150x48-65-12-wicke-vullkolan-denge-tekeri-0039903515","status":"publish","type":"product","link":"https:\/\/ceoparts.com\/de\/urun\/150x48-65-12-wicke-vullkolan-denge-tekeri-0039903515\/","title":{"rendered":"150&#215;48\/65-12 Wicke Vullkolan Ausgleichsrad &#8211; 0039903515"},"content":{"rendered":"<p>150&#215;48\/65-12 Wicke Vullkolan Ausgleichsrad &#8211; 0039903515<\/p>","protected":false},"excerpt":{"rendered":"<p data-start=\"1359\" data-end=\"1745\">Das <strong data-start=\"1363\" data-end=\"1417\">150\u00d748\/65-12 Wicke Vulkollan St\u00fctzrad \u2013 0039903515<\/strong> wurde speziell f\u00fcr Gabelstapler und Flurf\u00f6rderzeuge entwickelt, um die Stabilit\u00e4t zu gew\u00e4hrleisten und die Sicherheit beim Lastentransport zu erh\u00f6hen. Mit seiner hochwertigen Vulkollan-Beschichtung ist es \u00e4u\u00dferst belastbar und bietet eine langlebige und bodenschonende Nutzung. Die ideale L\u00f6sung f\u00fcr Gabel- und Antriebssysteme.<\/p>\n<p data-start=\"1747\" data-end=\"1767\"><strong data-start=\"1747\" data-end=\"1765\">Eigenschaften:<\/strong><\/p>\n<ul data-start=\"1768\" data-end=\"1898\">\n<li data-start=\"1768\" data-end=\"1794\">\n<p data-start=\"1770\" data-end=\"1794\">Gr\u00f6\u00dfe: 150\u00d748\/65-12 mm<\/p>\n<\/li>\n<li data-start=\"1795\" data-end=\"1818\">\n<p data-start=\"1797\" data-end=\"1818\">Material: Vulkollan<\/p>\n<\/li>\n<li data-start=\"1819\" data-end=\"1835\">\n<p data-start=\"1821\" data-end=\"1835\">Marke: Wicke<\/p>\n<\/li>\n<li data-start=\"1836\" data-end=\"1864\">\n<p data-start=\"1838\" data-end=\"1864\">Verschlei\u00df- und sto\u00dffest<\/p>\n<\/li>\n<li data-start=\"1865\" data-end=\"1898\">\n<p data-start=\"1867\" data-end=\"1898\">Ger\u00e4uscharm und bodenschonend<\/p>\n<\/li>\n<\/ul>\n<p>0039903515, 0039903514, 0039903577<\/p>\n<p>50\u00d748\/60\/65-12\u00a0 Linde 0039903515<\/p>\n<p>372\u00a0L14\/16<br \/>\n372\u00a0L14\/16\/L14AP\/16AP<br \/>\n379\u00a0L10\/12-L10\/12AS<\/p>\n","protected":false},"featured_media":16444,"template":"","meta":[],"product_brand":[],"product_cat":[246,247,403,185],"product_tag":[],"class_list":{"0":"post-16443","1":"product","2":"type-product","3":"status-publish","4":"has-post-thumbnail","6":"product_cat-linde","7":"product_cat-denge-tekeri-linde","8":"product_cat-denge-tekeri-wicke","9":"product_cat-denge-tekeri","11":"first","12":"instock","13":"taxable","14":"shipping-taxable","15":"purchasable","16":"product-type-simple"},"_links":{"self":[{"href":"https:\/\/ceoparts.com\/de\/wp-json\/wp\/v2\/product\/16443","targetHints":{"allow":["GET"]}}],"collection":[{"href":"https:\/\/ceoparts.com\/de\/wp-json\/wp\/v2\/product"}],"about":[{"href":"https:\/\/ceoparts.com\/de\/wp-json\/wp\/v2\/types\/product"}],"wp:featuredmedia":[{"embeddable":true,"href":"https:\/\/ceoparts.com\/de\/wp-json\/wp\/v2\/media\/16444"}],"wp:attachment":[{"href":"https:\/\/ceoparts.com\/de\/wp-json\/wp\/v2\/media?parent=16443"}],"wp:term":[{"taxonomy":"product_brand","embeddable":true,"href":"https:\/\/ceoparts.com\/de\/wp-json\/wp\/v2\/product_brand?post=16443"},{"taxonomy":"product_cat","embeddable":true,"href":"https:\/\/ceoparts.com\/de\/wp-json\/wp\/v2\/product_cat?post=16443"},{"taxonomy":"product_tag","embeddable":true,"href":"https:\/\/ceoparts.com\/de\/wp-json\/wp\/v2\/product_tag?post=16443"}],"curies":[{"name":"wp","href":"https:\/\/api.w.org\/{rel}","templated":true}]}}