{"id":16476,"date":"2025-03-27T10:30:51","date_gmt":"2025-03-27T07:30:51","guid":{"rendered":"https:\/\/ceoparts.com\/?post_type=product&#038;p=16476"},"modified":"2026-05-16T17:29:25","modified_gmt":"2026-05-16T14:29:25","slug":"250x80-80-tellure-rota-yuruyus-tekeri-95306114","status":"publish","type":"product","link":"https:\/\/ceoparts.com\/de\/urun\/250x80-80-tellure-rota-yuruyus-tekeri-95306114\/","title":{"rendered":"250&#215;80-80 Tellure Rota Geh-Rad &#8211; 95306114"},"content":{"rendered":"<p>250&#215;80-80 Tellure Rota Geh-Rad &#8211; 95306114<\/p>","protected":false},"excerpt":{"rendered":"<p data-start=\"1414\" data-end=\"1864\">Das <strong data-start=\"1418\" data-end=\"1467\">250\u00d780-80 Tellure Rota Antriebsrad \u2013 95306114<\/strong> ist ein Hochleistungsrad, das speziell f\u00fcr Gabelstapler und Flurf\u00f6rderzeuge entwickelt wurde. Mit seiner langlebigen Polyurethan-Beschichtung und der robusten Bauweise bietet es eine lange Lebensdauer und effizienten Betrieb unter schweren Lasten. Mit der bew\u00e4hrten Qualit\u00e4t von Tellure Rota verbessert dieses Rad die Man\u00f6vrierf\u00e4higkeit Ihres Fahrzeugs und hinterl\u00e4sst keine Spuren auf dem Boden.<\/p>\n<p data-start=\"1866\" data-end=\"1886\"><strong data-start=\"1866\" data-end=\"1884\">Eigenschaften:<\/strong><\/p>\n<ul data-start=\"1887\" data-end=\"2015\">\n<li data-start=\"1887\" data-end=\"1910\">\n<p data-start=\"1889\" data-end=\"1910\">Gr\u00f6\u00dfe: 250\u00d780-80 mm<\/p>\n<\/li>\n<li data-start=\"1911\" data-end=\"1936\">\n<p data-start=\"1913\" data-end=\"1936\">Material: Polyurethan<\/p>\n<\/li>\n<li data-start=\"1937\" data-end=\"1960\">\n<p data-start=\"1939\" data-end=\"1960\">Marke: Tellure Rota<\/p>\n<\/li>\n<li data-start=\"1961\" data-end=\"1984\">\n<p data-start=\"1963\" data-end=\"1984\">Langlebig und leise<\/p>\n<\/li>\n<li data-start=\"1985\" data-end=\"2015\">\n<p data-start=\"1987\" data-end=\"2015\">Bodenfreundlich und robust<\/p>\n<\/li>\n<\/ul>\n<p>OM Pimespo TSX20 Seri: F24522 \/ Komatsu MWP20F1RStill COP-H10 24K Seri: F21061 \/ 2016r. \/ CROWN WT30605<\/p>\n<p>OM Pimespo TSX20 Seri: F24522 \/ 95306114<\/p>\n","protected":false},"featured_media":16478,"template":"","meta":[],"product_brand":[],"product_cat":[414,241,244,272,275,412,193],"product_tag":[],"class_list":{"0":"post-16476","1":"product","2":"type-product","3":"status-publish","4":"has-post-thumbnail","6":"product_cat-yuruyus-tekeri-rota","7":"product_cat-still","8":"product_cat-yuruyus-tekeri-still","9":"product_cat-crown","10":"product_cat-yuruyus-tekeri-crown","11":"product_cat-tellure-rota","12":"product_cat-yuruyus-tekeri","14":"first","15":"instock","16":"taxable","17":"shipping-taxable","18":"purchasable","19":"product-type-simple"},"_links":{"self":[{"href":"https:\/\/ceoparts.com\/de\/wp-json\/wp\/v2\/product\/16476","targetHints":{"allow":["GET"]}}],"collection":[{"href":"https:\/\/ceoparts.com\/de\/wp-json\/wp\/v2\/product"}],"about":[{"href":"https:\/\/ceoparts.com\/de\/wp-json\/wp\/v2\/types\/product"}],"wp:featuredmedia":[{"embeddable":true,"href":"https:\/\/ceoparts.com\/de\/wp-json\/wp\/v2\/media\/16478"}],"wp:attachment":[{"href":"https:\/\/ceoparts.com\/de\/wp-json\/wp\/v2\/media?parent=16476"}],"wp:term":[{"taxonomy":"product_brand","embeddable":true,"href":"https:\/\/ceoparts.com\/de\/wp-json\/wp\/v2\/product_brand?post=16476"},{"taxonomy":"product_cat","embeddable":true,"href":"https:\/\/ceoparts.com\/de\/wp-json\/wp\/v2\/product_cat?post=16476"},{"taxonomy":"product_tag","embeddable":true,"href":"https:\/\/ceoparts.com\/de\/wp-json\/wp\/v2\/product_tag?post=16476"}],"curies":[{"name":"wp","href":"https:\/\/api.w.org\/{rel}","templated":true}]}}