{"id":16483,"date":"2025-03-29T11:27:09","date_gmt":"2025-03-29T08:27:09","guid":{"rendered":"https:\/\/ceoparts.com\/?post_type=product&#038;p=16483"},"modified":"2026-05-16T14:33:56","modified_gmt":"2026-05-16T11:33:56","slug":"350x106-6b-stellana-bt-yuk-tekeri-rre200h-7610264","status":"publish","type":"product","link":"https:\/\/ceoparts.com\/de\/urun\/350x106-6b-stellana-bt-yuk-tekeri-rre200h-7610264\/","title":{"rendered":"350&#215;106 6B Stellana BT Rad RRE200H &#8211; 7610264"},"content":{"rendered":"<p>350&#215;106 6B Stellana BT Rad RRE200H &#8211; 7610264<\/p>","protected":false},"excerpt":{"rendered":"<p data-start=\"1272\" data-end=\"1633\">Das <strong data-start=\"1276\" data-end=\"1329\">350&#215;106 6B Stellana BT Last-Rad RRE200H \u2013 7610264<\/strong> ist ein hochwertiges Gabelstapler-Ersatzteil, das f\u00fcr Haltbarkeit und Leistung entwickelt wurde. Hergestellt aus Stellana Vulkollan-Material, eignet sich dieses Last-Rad f\u00fcr schwere Lasten und den Langzeitgebrauch. Kompatibel mit BT RRE200H Modellen, verbessert es die Tragf\u00e4higkeit Ihres Gabelstaplers.<\/p>\n<p data-start=\"1635\" data-end=\"1655\"><strong data-start=\"1635\" data-end=\"1653\">Eigenschaften:<\/strong><\/p>\n<ul data-start=\"1656\" data-end=\"1785\">\n<li data-start=\"1656\" data-end=\"1677\">\n<p data-start=\"1658\" data-end=\"1677\">Gr\u00f6\u00dfe: 350&#215;106 mm<\/p>\n<\/li>\n<li data-start=\"1678\" data-end=\"1692\">\n<p data-start=\"1680\" data-end=\"1692\">Modell: 6B<\/p>\n<\/li>\n<li data-start=\"1693\" data-end=\"1725\">\n<p data-start=\"1695\" data-end=\"1725\">Material: Stellana Vulkollan<\/p>\n<\/li>\n<li data-start=\"1726\" data-end=\"1760\">\n<p data-start=\"1728\" data-end=\"1760\">Kompatibles Modell: BT RRE200H<\/p>\n<\/li>\n<li data-start=\"1761\" data-end=\"1785\">\n<p data-start=\"1763\" data-end=\"1785\">Langlebig und robust<\/p>\n<\/li>\n<\/ul>\n","protected":false},"featured_media":16489,"template":"","meta":[],"product_brand":[],"product_cat":[251,255,416,419,194],"product_tag":[],"class_list":{"0":"post-16483","1":"product","2":"type-product","3":"status-publish","4":"has-post-thumbnail","6":"product_cat-bt","7":"product_cat-yuk-tekeri-bt","8":"product_cat-stellana","9":"product_cat-yuk-tekeri-stellana","10":"product_cat-yuk-tekeri","12":"first","13":"instock","14":"taxable","15":"shipping-taxable","16":"purchasable","17":"product-type-simple"},"_links":{"self":[{"href":"https:\/\/ceoparts.com\/de\/wp-json\/wp\/v2\/product\/16483","targetHints":{"allow":["GET"]}}],"collection":[{"href":"https:\/\/ceoparts.com\/de\/wp-json\/wp\/v2\/product"}],"about":[{"href":"https:\/\/ceoparts.com\/de\/wp-json\/wp\/v2\/types\/product"}],"wp:featuredmedia":[{"embeddable":true,"href":"https:\/\/ceoparts.com\/de\/wp-json\/wp\/v2\/media\/16489"}],"wp:attachment":[{"href":"https:\/\/ceoparts.com\/de\/wp-json\/wp\/v2\/media?parent=16483"}],"wp:term":[{"taxonomy":"product_brand","embeddable":true,"href":"https:\/\/ceoparts.com\/de\/wp-json\/wp\/v2\/product_brand?post=16483"},{"taxonomy":"product_cat","embeddable":true,"href":"https:\/\/ceoparts.com\/de\/wp-json\/wp\/v2\/product_cat?post=16483"},{"taxonomy":"product_tag","embeddable":true,"href":"https:\/\/ceoparts.com\/de\/wp-json\/wp\/v2\/product_tag?post=16483"}],"curies":[{"name":"wp","href":"https:\/\/api.w.org\/{rel}","templated":true}]}}