{"id":16543,"date":"2025-04-04T14:19:39","date_gmt":"2025-04-04T11:19:39","guid":{"rendered":"https:\/\/ceoparts.com\/?post_type=product&#038;p=16543"},"modified":"2026-05-16T16:18:53","modified_gmt":"2026-05-16T13:18:53","slug":"jungheinrich-sensor-eje-51488224","status":"publish","type":"product","link":"https:\/\/ceoparts.com\/de\/urun\/jungheinrich-sensor-eje-51488224\/","title":{"rendered":"Jungheinrich Sensor \u2013 EJE 51488224"},"content":{"rendered":"<p>Jungheinrich Sensor \u2013 EJE 51488224<\/p>","protected":false},"excerpt":{"rendered":"<p data-start=\"1179\" data-end=\"1471\">Dieser Sensor wurde speziell f\u00fcr die Jungheinrich EJE-Serie von Elektrohubwagen entwickelt. Mit der Teilenummer 51488224 sorgt er f\u00fcr eine pr\u00e4zise Erkennung in Bewegungs- und Steuersystemen und gew\u00e4hrleistet einen sicheren und effizienten Betrieb. Robuste Bauweise f\u00fcr eine lange Lebensdauer.<\/p>\n<p data-start=\"1473\" data-end=\"1494\"><strong data-start=\"1473\" data-end=\"1494\">Technische Daten:<\/strong><\/p>\n<ul data-start=\"1495\" data-end=\"1633\">\n<li data-start=\"1495\" data-end=\"1518\">\n<p data-start=\"1497\" data-end=\"1518\">Marke: Jungheinrich<\/p>\n<\/li>\n<li data-start=\"1519\" data-end=\"1552\">\n<p data-start=\"1521\" data-end=\"1552\">Kompatibles Modell: EJE-Serie<\/p>\n<\/li>\n<li data-start=\"1553\" data-end=\"1578\">\n<p data-start=\"1555\" data-end=\"1578\">Teilenummer: 51488224<\/p>\n<\/li>\n<li data-start=\"1579\" data-end=\"1601\">\n<p data-start=\"1581\" data-end=\"1601\">Produkttyp: Sensor<\/p>\n<\/li>\n<li data-start=\"1602\" data-end=\"1633\">\n<p data-start=\"1604\" data-end=\"1633\">Zustand: Neu \/ Originalteil<\/p>\n<\/li>\n<\/ul>\n","protected":false},"featured_media":16544,"template":"","meta":[],"product_brand":[],"product_cat":[236,469,522],"product_tag":[],"class_list":{"0":"post-16543","1":"product","2":"type-product","3":"status-publish","4":"has-post-thumbnail","6":"product_cat-jungheinrich","7":"product_cat-elektrik-ve-sistem-parcalari","8":"product_cat-yedek-parca-jungheinrich","10":"first","11":"instock","12":"taxable","13":"shipping-taxable","14":"purchasable","15":"product-type-simple"},"_links":{"self":[{"href":"https:\/\/ceoparts.com\/de\/wp-json\/wp\/v2\/product\/16543","targetHints":{"allow":["GET"]}}],"collection":[{"href":"https:\/\/ceoparts.com\/de\/wp-json\/wp\/v2\/product"}],"about":[{"href":"https:\/\/ceoparts.com\/de\/wp-json\/wp\/v2\/types\/product"}],"wp:featuredmedia":[{"embeddable":true,"href":"https:\/\/ceoparts.com\/de\/wp-json\/wp\/v2\/media\/16544"}],"wp:attachment":[{"href":"https:\/\/ceoparts.com\/de\/wp-json\/wp\/v2\/media?parent=16543"}],"wp:term":[{"taxonomy":"product_brand","embeddable":true,"href":"https:\/\/ceoparts.com\/de\/wp-json\/wp\/v2\/product_brand?post=16543"},{"taxonomy":"product_cat","embeddable":true,"href":"https:\/\/ceoparts.com\/de\/wp-json\/wp\/v2\/product_cat?post=16543"},{"taxonomy":"product_tag","embeddable":true,"href":"https:\/\/ceoparts.com\/de\/wp-json\/wp\/v2\/product_tag?post=16543"}],"curies":[{"name":"wp","href":"https:\/\/api.w.org\/{rel}","templated":true}]}}