{"id":16642,"date":"2025-04-11T16:26:54","date_gmt":"2025-04-11T13:26:54","guid":{"rendered":"https:\/\/ceoparts.com\/?post_type=product&#038;p=16642"},"modified":"2026-05-16T18:47:17","modified_gmt":"2026-05-16T15:47:17","slug":"linde-1100n-amortisor-0009655566","status":"publish","type":"product","link":"https:\/\/ceoparts.com\/de\/urun\/linde-1100n-amortisor-0009655566\/","title":{"rendered":"Linde 1100N Sto\u00dfd\u00e4mpfer &#8211; 0009655566"},"content":{"rendered":"<p>Linde 1100N Sto\u00dfd\u00e4mpfer &#8211; 0009655566<\/p>","protected":false},"excerpt":{"rendered":"<p data-start=\"1061\" data-end=\"1342\">Der <strong data-start=\"1065\" data-end=\"1092\">Linde 1100N Sto\u00dfd\u00e4mpfer<\/strong> ist ein hochwertiges Bauteil zur Reduzierung von Vibrationen und zur Verbesserung des Fahrkomforts bei Linde Gabelstaplern und Hubwagen. Mit einer Kapazit\u00e4t von 1100 Newton ist er langlebig und steigert die Maschinenleistung sowie den Bedienkomfort.<\/p>\n<p data-start=\"1344\" data-end=\"1364\"><strong data-start=\"1344\" data-end=\"1362\">Eigenschaften:<\/strong><\/p>\n<ul data-start=\"1365\" data-end=\"1504\">\n<li data-start=\"1365\" data-end=\"1415\">\n<p data-start=\"1367\" data-end=\"1415\">Kompatible Modelle: Linde Stapler und Hubwagen<\/p>\n<\/li>\n<li data-start=\"1416\" data-end=\"1445\">\n<p data-start=\"1418\" data-end=\"1445\">Artikelnummer: 0009655566<\/p>\n<\/li>\n<li data-start=\"1446\" data-end=\"1466\">\n<p data-start=\"1448\" data-end=\"1466\">Kapazit\u00e4t: 1100N<\/p>\n<\/li>\n<li data-start=\"1467\" data-end=\"1504\">\n<p data-start=\"1469\" data-end=\"1504\">Robustes und langlebiges Material<\/p>\n<\/li>\n<\/ul>\n","protected":false},"featured_media":16646,"template":"","meta":[],"product_brand":[],"product_cat":[246,497,523],"product_tag":[],"class_list":{"0":"post-16642","1":"product","2":"type-product","3":"status-publish","4":"has-post-thumbnail","6":"product_cat-linde","7":"product_cat-amortisor-grubu","8":"product_cat-yedek-parca-linde","10":"first","11":"instock","12":"taxable","13":"shipping-taxable","14":"purchasable","15":"product-type-simple"},"_links":{"self":[{"href":"https:\/\/ceoparts.com\/de\/wp-json\/wp\/v2\/product\/16642","targetHints":{"allow":["GET"]}}],"collection":[{"href":"https:\/\/ceoparts.com\/de\/wp-json\/wp\/v2\/product"}],"about":[{"href":"https:\/\/ceoparts.com\/de\/wp-json\/wp\/v2\/types\/product"}],"wp:featuredmedia":[{"embeddable":true,"href":"https:\/\/ceoparts.com\/de\/wp-json\/wp\/v2\/media\/16646"}],"wp:attachment":[{"href":"https:\/\/ceoparts.com\/de\/wp-json\/wp\/v2\/media?parent=16642"}],"wp:term":[{"taxonomy":"product_brand","embeddable":true,"href":"https:\/\/ceoparts.com\/de\/wp-json\/wp\/v2\/product_brand?post=16642"},{"taxonomy":"product_cat","embeddable":true,"href":"https:\/\/ceoparts.com\/de\/wp-json\/wp\/v2\/product_cat?post=16642"},{"taxonomy":"product_tag","embeddable":true,"href":"https:\/\/ceoparts.com\/de\/wp-json\/wp\/v2\/product_tag?post=16642"}],"curies":[{"name":"wp","href":"https:\/\/api.w.org\/{rel}","templated":true}]}}