{"id":16656,"date":"2025-04-11T16:46:30","date_gmt":"2025-04-11T13:46:30","guid":{"rendered":"https:\/\/ceoparts.com\/?post_type=product&#038;p=16656"},"modified":"2026-05-16T17:33:54","modified_gmt":"2026-05-16T14:33:54","slug":"bt-parmak-joystick-mini-lever-tuslu-678201660071","status":"publish","type":"product","link":"https:\/\/ceoparts.com\/de\/urun\/bt-parmak-joystick-mini-lever-tuslu-678201660071\/","title":{"rendered":"BT Finger-Joystick \/ Minihebel mit Taste \u2013 678201660071"},"content":{"rendered":"<p>BT Finger-Joystick \/ Minihebel mit Taste \u2013 678201660071<\/p>","protected":false},"excerpt":{"rendered":"<p data-start=\"1096\" data-end=\"1349\">Der <strong data-start=\"1100\" data-end=\"1128\">BT Mini Hebel mit Tasten<\/strong> ist ein ergonomischer Steuerhebel mit integrierten Tasten, entwickelt f\u00fcr BT Gabelstapler und Hubwagen. Er erm\u00f6glicht pr\u00e4zise Steuerung der hydraulischen Hub-, Senk- und Zusatzfunktionen und verbessert den Bedienkomfort.<\/p>\n<p data-start=\"1351\" data-end=\"1371\"><strong data-start=\"1351\" data-end=\"1369\">Eigenschaften:<\/strong><\/p>\n<ul data-start=\"1372\" data-end=\"1526\">\n<li data-start=\"1372\" data-end=\"1419\">\n<p data-start=\"1374\" data-end=\"1419\">Kompatible Modelle: BT Stapler und Hubwagen<\/p>\n<\/li>\n<li data-start=\"1420\" data-end=\"1451\">\n<p data-start=\"1422\" data-end=\"1451\">Artikelnummer: 678201660071<\/p>\n<\/li>\n<li data-start=\"1452\" data-end=\"1487\">\n<p data-start=\"1454\" data-end=\"1487\">Ergonomisches Design mit Tasten<\/p>\n<\/li>\n<li data-start=\"1488\" data-end=\"1526\">\n<p data-start=\"1490\" data-end=\"1526\">Robuste und langlebige Materialien<\/p>\n<\/li>\n<\/ul>\n","protected":false},"featured_media":16661,"template":"","meta":[],"product_brand":[],"product_cat":[251,471,518],"product_tag":[],"class_list":{"0":"post-16656","1":"product","2":"type-product","3":"status-publish","4":"has-post-thumbnail","6":"product_cat-bt","7":"product_cat-joystick-pedal-yedek-parca","8":"product_cat-yedek-parca-bt","10":"first","11":"instock","12":"taxable","13":"shipping-taxable","14":"purchasable","15":"product-type-simple"},"_links":{"self":[{"href":"https:\/\/ceoparts.com\/de\/wp-json\/wp\/v2\/product\/16656","targetHints":{"allow":["GET"]}}],"collection":[{"href":"https:\/\/ceoparts.com\/de\/wp-json\/wp\/v2\/product"}],"about":[{"href":"https:\/\/ceoparts.com\/de\/wp-json\/wp\/v2\/types\/product"}],"wp:featuredmedia":[{"embeddable":true,"href":"https:\/\/ceoparts.com\/de\/wp-json\/wp\/v2\/media\/16661"}],"wp:attachment":[{"href":"https:\/\/ceoparts.com\/de\/wp-json\/wp\/v2\/media?parent=16656"}],"wp:term":[{"taxonomy":"product_brand","embeddable":true,"href":"https:\/\/ceoparts.com\/de\/wp-json\/wp\/v2\/product_brand?post=16656"},{"taxonomy":"product_cat","embeddable":true,"href":"https:\/\/ceoparts.com\/de\/wp-json\/wp\/v2\/product_cat?post=16656"},{"taxonomy":"product_tag","embeddable":true,"href":"https:\/\/ceoparts.com\/de\/wp-json\/wp\/v2\/product_tag?post=16656"}],"curies":[{"name":"wp","href":"https:\/\/api.w.org\/{rel}","templated":true}]}}