{"id":16663,"date":"2025-04-11T16:55:21","date_gmt":"2025-04-11T13:55:21","guid":{"rendered":"https:\/\/ceoparts.com\/?post_type=product&#038;p=16663"},"modified":"2026-05-16T16:28:42","modified_gmt":"2026-05-16T13:28:42","slug":"bt-mini-lever-678101660071","status":"publish","type":"product","link":"https:\/\/ceoparts.com\/de\/urun\/bt-mini-lever-678101660071\/","title":{"rendered":"BT Minihebel &#8211; 678101660071"},"content":{"rendered":"<p>BT Minihebel &#8211; 678101660071<\/p>","protected":false},"excerpt":{"rendered":"<p data-start=\"960\" data-end=\"1183\">Der <strong data-start=\"964\" data-end=\"981\">BT Mini Hebel<\/strong> ist ein ergonomischer Steuerhebel f\u00fcr BT Gabelstapler und Hubwagen, der die pr\u00e4zise Steuerung von Hub-, Senk- und Zusatzhydraulikfunktionen erm\u00f6glicht. Entwickelt f\u00fcr komfortable und sichere Bedienung.<\/p>\n<p data-start=\"1185\" data-end=\"1205\"><strong data-start=\"1185\" data-end=\"1203\">Eigenschaften:<\/strong><\/p>\n<ul data-start=\"1206\" data-end=\"1346\">\n<li data-start=\"1206\" data-end=\"1253\">\n<p data-start=\"1208\" data-end=\"1253\">Kompatible Modelle: BT Stapler und Hubwagen<\/p>\n<\/li>\n<li data-start=\"1254\" data-end=\"1285\">\n<p data-start=\"1256\" data-end=\"1285\">Artikelnummer: 678101660071<\/p>\n<\/li>\n<li data-start=\"1286\" data-end=\"1310\">\n<p data-start=\"1288\" data-end=\"1310\">Ergonomisches Design<\/p>\n<\/li>\n<li data-start=\"1311\" data-end=\"1346\">\n<p data-start=\"1313\" data-end=\"1346\">Robuste und langlebige Bauweise<\/p>\n<\/li>\n<\/ul>\n","protected":false},"featured_media":16668,"template":"","meta":[],"product_brand":[],"product_cat":[251,471,518],"product_tag":[],"class_list":{"0":"post-16663","1":"product","2":"type-product","3":"status-publish","4":"has-post-thumbnail","6":"product_cat-bt","7":"product_cat-joystick-pedal-yedek-parca","8":"product_cat-yedek-parca-bt","10":"first","11":"instock","12":"taxable","13":"shipping-taxable","14":"purchasable","15":"product-type-simple"},"_links":{"self":[{"href":"https:\/\/ceoparts.com\/de\/wp-json\/wp\/v2\/product\/16663","targetHints":{"allow":["GET"]}}],"collection":[{"href":"https:\/\/ceoparts.com\/de\/wp-json\/wp\/v2\/product"}],"about":[{"href":"https:\/\/ceoparts.com\/de\/wp-json\/wp\/v2\/types\/product"}],"wp:featuredmedia":[{"embeddable":true,"href":"https:\/\/ceoparts.com\/de\/wp-json\/wp\/v2\/media\/16668"}],"wp:attachment":[{"href":"https:\/\/ceoparts.com\/de\/wp-json\/wp\/v2\/media?parent=16663"}],"wp:term":[{"taxonomy":"product_brand","embeddable":true,"href":"https:\/\/ceoparts.com\/de\/wp-json\/wp\/v2\/product_brand?post=16663"},{"taxonomy":"product_cat","embeddable":true,"href":"https:\/\/ceoparts.com\/de\/wp-json\/wp\/v2\/product_cat?post=16663"},{"taxonomy":"product_tag","embeddable":true,"href":"https:\/\/ceoparts.com\/de\/wp-json\/wp\/v2\/product_tag?post=16663"}],"curies":[{"name":"wp","href":"https:\/\/api.w.org\/{rel}","templated":true}]}}