{"id":16762,"date":"2025-04-26T09:42:35","date_gmt":"2025-04-26T06:42:35","guid":{"rendered":"https:\/\/ceoparts.com\/?post_type=product&#038;p=16762"},"modified":"2026-05-16T16:32:47","modified_gmt":"2026-05-16T13:32:47","slug":"rema-640a-aku-soketi-fisi-erkek","status":"publish","type":"product","link":"https:\/\/ceoparts.com\/de\/urun\/rema-640a-aku-soketi-fisi-erkek\/","title":{"rendered":"Rema 640A Batterieanschluss \/ Stecker \u2013 M\u00e4nnlich"},"content":{"rendered":"<p>Rema 640A Batterieanschluss \/ Stecker \u2013 M\u00e4nnlich<\/p>","protected":false},"excerpt":{"rendered":"<p data-start=\"1352\" data-end=\"1705\">Der <strong data-start=\"1356\" data-end=\"1409\">Rema 640 A Batterieanschluss \/ Stecker \u2013 M\u00e4nnlich<\/strong> ist eine hochwertige Verbindungskomponente f\u00fcr sichere und effiziente Hochstrom\u00fcbertragungen in Gabelstaplern und industriellen Batteriesystemen. Dank seiner robusten Bauweise und hohen Stromkapazit\u00e4t bietet er sichere Energieverbindungen. Ideal f\u00fcr Schwerlast-Gabelstapler und Elektrofahrzeuge.<\/p>\n<p data-start=\"1707\" data-end=\"1727\"><strong data-start=\"1707\" data-end=\"1725\">Eigenschaften:<\/strong><\/p>\n<ul data-start=\"1728\" data-end=\"1904\">\n<li data-start=\"1728\" data-end=\"1782\">\n<p data-start=\"1730\" data-end=\"1782\">Produkttyp: Batterieanschluss \/ Stecker (M\u00e4nnlich)<\/p>\n<\/li>\n<li data-start=\"1783\" data-end=\"1798\">\n<p data-start=\"1785\" data-end=\"1798\">Marke: Rema<\/p>\n<\/li>\n<li data-start=\"1799\" data-end=\"1821\">\n<p data-start=\"1801\" data-end=\"1821\">Stromst\u00e4rke: 640 A<\/p>\n<\/li>\n<li data-start=\"1822\" data-end=\"1857\">\n<p data-start=\"1824\" data-end=\"1857\">Robustes, hochwertiges Material<\/p>\n<\/li>\n<li data-start=\"1858\" data-end=\"1904\">\n<p data-start=\"1860\" data-end=\"1904\">Ideal f\u00fcr Gabelstapler und Batteriesysteme<\/p>\n<\/li>\n<\/ul>\n","protected":false},"featured_media":16763,"template":"","meta":[],"product_brand":[],"product_cat":[444],"product_tag":[],"class_list":{"0":"post-16762","1":"product","2":"type-product","3":"status-publish","4":"has-post-thumbnail","6":"product_cat-aku-fisi","8":"first","9":"instock","10":"taxable","11":"shipping-taxable","12":"purchasable","13":"product-type-simple"},"_links":{"self":[{"href":"https:\/\/ceoparts.com\/de\/wp-json\/wp\/v2\/product\/16762","targetHints":{"allow":["GET"]}}],"collection":[{"href":"https:\/\/ceoparts.com\/de\/wp-json\/wp\/v2\/product"}],"about":[{"href":"https:\/\/ceoparts.com\/de\/wp-json\/wp\/v2\/types\/product"}],"wp:featuredmedia":[{"embeddable":true,"href":"https:\/\/ceoparts.com\/de\/wp-json\/wp\/v2\/media\/16763"}],"wp:attachment":[{"href":"https:\/\/ceoparts.com\/de\/wp-json\/wp\/v2\/media?parent=16762"}],"wp:term":[{"taxonomy":"product_brand","embeddable":true,"href":"https:\/\/ceoparts.com\/de\/wp-json\/wp\/v2\/product_brand?post=16762"},{"taxonomy":"product_cat","embeddable":true,"href":"https:\/\/ceoparts.com\/de\/wp-json\/wp\/v2\/product_cat?post=16762"},{"taxonomy":"product_tag","embeddable":true,"href":"https:\/\/ceoparts.com\/de\/wp-json\/wp\/v2\/product_tag?post=16762"}],"curies":[{"name":"wp","href":"https:\/\/api.w.org\/{rel}","templated":true}]}}