{"id":16782,"date":"2025-04-28T10:19:53","date_gmt":"2025-04-28T07:19:53","guid":{"rendered":"https:\/\/ceoparts.com\/?post_type=product&#038;p=16782"},"modified":"2026-05-16T18:45:41","modified_gmt":"2026-05-16T15:45:41","slug":"teleco-bt-lpe200-yeni-tip-fren-manyetigi","status":"publish","type":"product","link":"https:\/\/ceoparts.com\/de\/urun\/teleco-bt-lpe200-yeni-tip-fren-manyetigi\/","title":{"rendered":"Teleco BT LPE200 Neue Typ Bremsmagnet"},"content":{"rendered":"<p>Teleco BT LPE200 Neue Typ Bremsmagnet<\/p>","protected":false},"excerpt":{"rendered":"<p data-start=\"1155\" data-end=\"1446\">Der <strong data-start=\"1159\" data-end=\"1200\">Teleco BT LPE200 Neue Typ Bremsmagnet<\/strong> ist ein hochwertiges Bremssystem-Bauteil f\u00fcr BT LPE200 Transpaletten und Hubger\u00e4te. Er gew\u00e4hrleistet sichere Bremsvorg\u00e4nge und Lastkontrolle durch seine robuste und zuverl\u00e4ssige Konstruktion. Voll kompatibel mit original Teleco und BT Maschinen.<\/p>\n<p data-start=\"1448\" data-end=\"1468\"><strong data-start=\"1448\" data-end=\"1466\">Eigenschaften:<\/strong><\/p>\n<ul data-start=\"1469\" data-end=\"1623\">\n<li data-start=\"1469\" data-end=\"1496\">\n<p data-start=\"1471\" data-end=\"1496\">Produkttyp: Bremsmagnet<\/p>\n<\/li>\n<li data-start=\"1497\" data-end=\"1530\">\n<p data-start=\"1499\" data-end=\"1530\">Kompatibles Modell: BT LPE200<\/p>\n<\/li>\n<li data-start=\"1531\" data-end=\"1548\">\n<p data-start=\"1533\" data-end=\"1548\">Marke: Teleco<\/p>\n<\/li>\n<li data-start=\"1549\" data-end=\"1623\">\n<p data-start=\"1551\" data-end=\"1623\">Vorteile: Starke Bremskraft, lange Lebensdauer, Originalkompatibilit\u00e4t<\/p>\n<\/li>\n<\/ul>\n","protected":false},"featured_media":16784,"template":"","meta":[],"product_brand":[],"product_cat":[251,449,518],"product_tag":[],"class_list":{"0":"post-16782","1":"product","2":"type-product","3":"status-publish","4":"has-post-thumbnail","6":"product_cat-bt","7":"product_cat-fren-sistem-parcalari","8":"product_cat-yedek-parca-bt","10":"first","11":"instock","12":"taxable","13":"shipping-taxable","14":"purchasable","15":"product-type-simple"},"_links":{"self":[{"href":"https:\/\/ceoparts.com\/de\/wp-json\/wp\/v2\/product\/16782","targetHints":{"allow":["GET"]}}],"collection":[{"href":"https:\/\/ceoparts.com\/de\/wp-json\/wp\/v2\/product"}],"about":[{"href":"https:\/\/ceoparts.com\/de\/wp-json\/wp\/v2\/types\/product"}],"wp:featuredmedia":[{"embeddable":true,"href":"https:\/\/ceoparts.com\/de\/wp-json\/wp\/v2\/media\/16784"}],"wp:attachment":[{"href":"https:\/\/ceoparts.com\/de\/wp-json\/wp\/v2\/media?parent=16782"}],"wp:term":[{"taxonomy":"product_brand","embeddable":true,"href":"https:\/\/ceoparts.com\/de\/wp-json\/wp\/v2\/product_brand?post=16782"},{"taxonomy":"product_cat","embeddable":true,"href":"https:\/\/ceoparts.com\/de\/wp-json\/wp\/v2\/product_cat?post=16782"},{"taxonomy":"product_tag","embeddable":true,"href":"https:\/\/ceoparts.com\/de\/wp-json\/wp\/v2\/product_tag?post=16782"}],"curies":[{"name":"wp","href":"https:\/\/api.w.org\/{rel}","templated":true}]}}