{"id":16807,"date":"2025-04-28T14:14:30","date_gmt":"2025-04-28T11:14:30","guid":{"rendered":"https:\/\/ceoparts.com\/?post_type=product&#038;p=16807"},"modified":"2026-05-16T12:00:07","modified_gmt":"2026-05-16T09:00:07","slug":"mazot-depo-kapagi-kilitli-model","status":"publish","type":"product","link":"https:\/\/ceoparts.com\/de\/urun\/mazot-depo-kapagi-kilitli-model\/","title":{"rendered":"Dieseltankdeckel mit Schloss"},"content":{"rendered":"<p>Dieseltankdeckel mit Schloss<\/p>","protected":false},"excerpt":{"rendered":"<p data-start=\"1221\" data-end=\"1543\">Der <strong data-start=\"1225\" data-end=\"1259\">abschlie\u00dfbare Dieseltankdeckel<\/strong> sch\u00fctzt den Kraftstofftank von Gabelstaplern, Baumaschinen und Industriefahrzeugen vor \u00e4u\u00dferen Einfl\u00fcssen und unbefugtem Zugriff. Dank des Schlossmechanismus wird Kraftstoffdiebstahl und versehentliches \u00d6ffnen verhindert. Aus hochwertigem Metall gefertigt f\u00fcr eine lange Lebensdauer.<\/p>\n<p data-start=\"1545\" data-end=\"1565\"><strong data-start=\"1545\" data-end=\"1563\">Eigenschaften:<\/strong><\/p>\n<ul data-start=\"1566\" data-end=\"1721\">\n<li data-start=\"1566\" data-end=\"1613\">\n<p data-start=\"1568\" data-end=\"1613\">Produkttyp: Abschlie\u00dfbarer Dieseltankdeckel<\/p>\n<\/li>\n<li data-start=\"1614\" data-end=\"1640\">\n<p data-start=\"1616\" data-end=\"1640\">Mit Schlossmechanismus<\/p>\n<\/li>\n<li data-start=\"1641\" data-end=\"1680\">\n<p data-start=\"1643\" data-end=\"1680\">Robuste und langlebige Konstruktion<\/p>\n<\/li>\n<li data-start=\"1681\" data-end=\"1721\">\n<p data-start=\"1683\" data-end=\"1721\">Ideal f\u00fcr Gabelstapler und Maschinen<\/p>\n<\/li>\n<\/ul>\n","protected":false},"featured_media":16808,"template":"","meta":[],"product_brand":[],"product_cat":[470],"product_tag":[],"class_list":{"0":"post-16807","1":"product","2":"type-product","3":"status-publish","4":"has-post-thumbnail","6":"product_cat-diger-yedek-parcalar","8":"first","9":"instock","10":"taxable","11":"shipping-taxable","12":"purchasable","13":"product-type-simple"},"_links":{"self":[{"href":"https:\/\/ceoparts.com\/de\/wp-json\/wp\/v2\/product\/16807","targetHints":{"allow":["GET"]}}],"collection":[{"href":"https:\/\/ceoparts.com\/de\/wp-json\/wp\/v2\/product"}],"about":[{"href":"https:\/\/ceoparts.com\/de\/wp-json\/wp\/v2\/types\/product"}],"wp:featuredmedia":[{"embeddable":true,"href":"https:\/\/ceoparts.com\/de\/wp-json\/wp\/v2\/media\/16808"}],"wp:attachment":[{"href":"https:\/\/ceoparts.com\/de\/wp-json\/wp\/v2\/media?parent=16807"}],"wp:term":[{"taxonomy":"product_brand","embeddable":true,"href":"https:\/\/ceoparts.com\/de\/wp-json\/wp\/v2\/product_brand?post=16807"},{"taxonomy":"product_cat","embeddable":true,"href":"https:\/\/ceoparts.com\/de\/wp-json\/wp\/v2\/product_cat?post=16807"},{"taxonomy":"product_tag","embeddable":true,"href":"https:\/\/ceoparts.com\/de\/wp-json\/wp\/v2\/product_tag?post=16807"}],"curies":[{"name":"wp","href":"https:\/\/api.w.org\/{rel}","templated":true}]}}