{"id":16816,"date":"2025-05-02T13:42:43","date_gmt":"2025-05-02T10:42:43","guid":{"rendered":"https:\/\/ceoparts.com\/?post_type=product&#038;p=16816"},"modified":"2026-05-16T14:17:32","modified_gmt":"2026-05-16T11:17:32","slug":"285-243x100-45-stellana-vulkollan-yuk-tekerlegi-820184","status":"publish","type":"product","link":"https:\/\/ceoparts.com\/de\/urun\/285-243x100-45-stellana-vulkollan-yuk-tekerlegi-820184\/","title":{"rendered":"285\/243&#215;100-45 Stellana Vulkollan Lastrolle &#8211; 820184"},"content":{"rendered":"<p>285\/243&#215;100-45 Stellana Vulkollan Lastrolle &#8211; 820184<\/p>","protected":false},"excerpt":{"rendered":"<p data-start=\"1445\" data-end=\"1852\"><strong data-start=\"1445\" data-end=\"1501\">285\/243\u00d7100-45 Stellana Vulkollan Lastrolle \u2013 820184<\/strong> ist ein langlebiges und leistungsstarkes Rad, das f\u00fcr Gabelstapler und schwere Lastger\u00e4te entwickelt wurde. Das Material Vulkollan bietet ausgezeichnete Verschlei\u00dffestigkeit und lange Lebensdauer. Mit den Ma\u00dfen 285 mm Au\u00dfendurchmesser, 243 mm Breite und 100-45 mm Gr\u00f6\u00dfe eignet es sich f\u00fcr hohe Tragf\u00e4higkeit. Ideal f\u00fcr Lauf- und Gleichgewichtsrollen.<\/p>\n<p data-start=\"1854\" data-end=\"1874\"><strong data-start=\"1854\" data-end=\"1872\">Eigenschaften:<\/strong><\/p>\n<ul data-start=\"1875\" data-end=\"2080\">\n<li data-start=\"1875\" data-end=\"1894\">\n<p data-start=\"1877\" data-end=\"1894\">Marke: Stellana<\/p>\n<\/li>\n<li data-start=\"1895\" data-end=\"1918\">\n<p data-start=\"1897\" data-end=\"1918\">Material: Vulkollan<\/p>\n<\/li>\n<li data-start=\"1919\" data-end=\"1947\">\n<p data-start=\"1921\" data-end=\"1947\">Gr\u00f6\u00dfe: 285\/243\u00d7100-45 mm<\/p>\n<\/li>\n<li data-start=\"1948\" data-end=\"1997\">\n<p data-start=\"1950\" data-end=\"1997\">Verwendung: Gabelstapler- und Schwerlastrolle<\/p>\n<\/li>\n<li data-start=\"1998\" data-end=\"2080\">\n<p data-start=\"2000\" data-end=\"2080\">Vorteile: Hohe Haltbarkeit, lange Lebensdauer, exzellente Verschlei\u00dffestigkeit<\/p>\n<\/li>\n<\/ul>\n<p>285&#215;100-45 Crown 820183, 820184<\/p>\n<p>Crown ESR 5000 1,4<\/p>\n","protected":false},"featured_media":16822,"template":"","meta":[],"product_brand":[],"product_cat":[272,276,416,419,194],"product_tag":[],"class_list":{"0":"post-16816","1":"product","2":"type-product","3":"status-publish","4":"has-post-thumbnail","6":"product_cat-crown","7":"product_cat-yuk-tekeri-crown","8":"product_cat-stellana","9":"product_cat-yuk-tekeri-stellana","10":"product_cat-yuk-tekeri","12":"first","13":"instock","14":"taxable","15":"shipping-taxable","16":"purchasable","17":"product-type-simple"},"_links":{"self":[{"href":"https:\/\/ceoparts.com\/de\/wp-json\/wp\/v2\/product\/16816","targetHints":{"allow":["GET"]}}],"collection":[{"href":"https:\/\/ceoparts.com\/de\/wp-json\/wp\/v2\/product"}],"about":[{"href":"https:\/\/ceoparts.com\/de\/wp-json\/wp\/v2\/types\/product"}],"wp:featuredmedia":[{"embeddable":true,"href":"https:\/\/ceoparts.com\/de\/wp-json\/wp\/v2\/media\/16822"}],"wp:attachment":[{"href":"https:\/\/ceoparts.com\/de\/wp-json\/wp\/v2\/media?parent=16816"}],"wp:term":[{"taxonomy":"product_brand","embeddable":true,"href":"https:\/\/ceoparts.com\/de\/wp-json\/wp\/v2\/product_brand?post=16816"},{"taxonomy":"product_cat","embeddable":true,"href":"https:\/\/ceoparts.com\/de\/wp-json\/wp\/v2\/product_cat?post=16816"},{"taxonomy":"product_tag","embeddable":true,"href":"https:\/\/ceoparts.com\/de\/wp-json\/wp\/v2\/product_tag?post=16816"}],"curies":[{"name":"wp","href":"https:\/\/api.w.org\/{rel}","templated":true}]}}