{"id":16834,"date":"2025-05-08T10:05:52","date_gmt":"2025-05-08T07:05:52","guid":{"rendered":"https:\/\/ceoparts.com\/?post_type=product&#038;p=16834"},"modified":"2026-05-16T06:16:48","modified_gmt":"2026-05-16T03:16:48","slug":"frotek-forklift-aku-baglanti-kablosu-25x110","status":"publish","type":"product","link":"https:\/\/ceoparts.com\/de\/urun\/frotek-forklift-aku-baglanti-kablosu-25x110\/","title":{"rendered":"Frotek Gabelstapler-Batterieanschlusskabel 25&#215;110"},"content":{"rendered":"<p>Frotek Gabelstapler-Batterieanschlusskabel 25&#215;110<\/p>","protected":false},"excerpt":{"rendered":"<p data-start=\"1254\" data-end=\"1600\"><strong data-start=\"1254\" data-end=\"1303\">Fr\u00f6tek Batterie-Zellenverbindungskabel 25\u00d7110<\/strong> bietet starke und zuverl\u00e4ssige Verbindungen zwischen Batteriezellen in Gabelstaplern und industriellen Batteriesystemen. Mit 25 mm\u00b2 Querschnitt und 110 mm L\u00e4nge gew\u00e4hrleistet dieses Kabel hohe Strombelastbarkeit und Leistung. Flexible Bauweise und robuste Isolierung sorgen f\u00fcr lange Haltbarkeit.<\/p>\n<p data-start=\"1602\" data-end=\"1622\"><strong data-start=\"1602\" data-end=\"1620\">Eigenschaften:<\/strong><\/p>\n<ul data-start=\"1623\" data-end=\"1815\">\n<li data-start=\"1623\" data-end=\"1640\">\n<p data-start=\"1625\" data-end=\"1640\">Marke: Fr\u00f6tek<\/p>\n<\/li>\n<li data-start=\"1641\" data-end=\"1664\">\n<p data-start=\"1643\" data-end=\"1664\">Querschnitt: 25 mm\u00b2<\/p>\n<\/li>\n<li data-start=\"1665\" data-end=\"1682\">\n<p data-start=\"1667\" data-end=\"1682\">L\u00e4nge: 110 mm<\/p>\n<\/li>\n<li data-start=\"1683\" data-end=\"1743\">\n<p data-start=\"1685\" data-end=\"1743\">Verwendung: Batteriezellen-Verbindungen f\u00fcr Gabelstapler<\/p>\n<\/li>\n<li data-start=\"1744\" data-end=\"1815\">\n<p data-start=\"1746\" data-end=\"1815\">Vorteile: Hohe Leitf\u00e4higkeit, robuste Isolierung, flexible Bauweise<\/p>\n<\/li>\n<\/ul>\n","protected":false},"featured_media":16836,"template":"","meta":[],"product_brand":[],"product_cat":[446],"product_tag":[],"class_list":{"0":"post-16834","1":"product","2":"type-product","3":"status-publish","4":"has-post-thumbnail","6":"product_cat-aku-bar","8":"first","9":"instock","10":"taxable","11":"shipping-taxable","12":"purchasable","13":"product-type-simple"},"_links":{"self":[{"href":"https:\/\/ceoparts.com\/de\/wp-json\/wp\/v2\/product\/16834","targetHints":{"allow":["GET"]}}],"collection":[{"href":"https:\/\/ceoparts.com\/de\/wp-json\/wp\/v2\/product"}],"about":[{"href":"https:\/\/ceoparts.com\/de\/wp-json\/wp\/v2\/types\/product"}],"wp:featuredmedia":[{"embeddable":true,"href":"https:\/\/ceoparts.com\/de\/wp-json\/wp\/v2\/media\/16836"}],"wp:attachment":[{"href":"https:\/\/ceoparts.com\/de\/wp-json\/wp\/v2\/media?parent=16834"}],"wp:term":[{"taxonomy":"product_brand","embeddable":true,"href":"https:\/\/ceoparts.com\/de\/wp-json\/wp\/v2\/product_brand?post=16834"},{"taxonomy":"product_cat","embeddable":true,"href":"https:\/\/ceoparts.com\/de\/wp-json\/wp\/v2\/product_cat?post=16834"},{"taxonomy":"product_tag","embeddable":true,"href":"https:\/\/ceoparts.com\/de\/wp-json\/wp\/v2\/product_tag?post=16834"}],"curies":[{"name":"wp","href":"https:\/\/api.w.org\/{rel}","templated":true}]}}