{"id":16839,"date":"2025-05-08T10:30:10","date_gmt":"2025-05-08T07:30:10","guid":{"rendered":"https:\/\/ceoparts.com\/?post_type=product&#038;p=16839"},"modified":"2026-05-16T16:32:47","modified_gmt":"2026-05-16T13:32:47","slug":"frotek-forklift-aku-baglanti-kablosu-35x75","status":"publish","type":"product","link":"https:\/\/ceoparts.com\/de\/urun\/frotek-forklift-aku-baglanti-kablosu-35x75\/","title":{"rendered":"Frotek Gabelstapler-Batterieanschlusskabel 35&#215;75"},"content":{"rendered":"<p>Frotek Gabelstapler-Batterieanschlusskabel 35&#215;75<\/p>","protected":false},"excerpt":{"rendered":"<p data-start=\"1198\" data-end=\"1524\"><strong data-start=\"1198\" data-end=\"1246\">Fr\u00f6tek Batterie-Zellenverbindungskabel 35\u00d775<\/strong> bietet sichere und langlebige Verbindungen zwischen Batteriezellen in Gabelstaplern und industriellen Batteriesystemen. Mit 35 mm\u00b2 Querschnitt und 75 mm L\u00e4nge gew\u00e4hrleistet es hohe Strombelastbarkeit. Flexible Bauweise und robuste Isolierung sorgen f\u00fcr langanhaltende Leistung.<\/p>\n<p data-start=\"1526\" data-end=\"1546\"><strong data-start=\"1526\" data-end=\"1544\">Eigenschaften:<\/strong><\/p>\n<ul data-start=\"1547\" data-end=\"1738\">\n<li data-start=\"1547\" data-end=\"1564\">\n<p data-start=\"1549\" data-end=\"1564\">Marke: Fr\u00f6tek<\/p>\n<\/li>\n<li data-start=\"1565\" data-end=\"1588\">\n<p data-start=\"1567\" data-end=\"1588\">Querschnitt: 35 mm\u00b2<\/p>\n<\/li>\n<li data-start=\"1589\" data-end=\"1605\">\n<p data-start=\"1591\" data-end=\"1605\">L\u00e4nge: 75 mm<\/p>\n<\/li>\n<li data-start=\"1606\" data-end=\"1666\">\n<p data-start=\"1608\" data-end=\"1666\">Verwendung: Batteriezellen-Verbindungen f\u00fcr Gabelstapler<\/p>\n<\/li>\n<li data-start=\"1667\" data-end=\"1738\">\n<p data-start=\"1669\" data-end=\"1738\">Vorteile: Hohe Leitf\u00e4higkeit, robuste Isolierung, flexible Bauweise<\/p>\n<\/li>\n<\/ul>\n","protected":false},"featured_media":16842,"template":"","meta":[],"product_brand":[],"product_cat":[446],"product_tag":[],"class_list":{"0":"post-16839","1":"product","2":"type-product","3":"status-publish","4":"has-post-thumbnail","6":"product_cat-aku-bar","8":"first","9":"instock","10":"taxable","11":"shipping-taxable","12":"purchasable","13":"product-type-simple"},"_links":{"self":[{"href":"https:\/\/ceoparts.com\/de\/wp-json\/wp\/v2\/product\/16839","targetHints":{"allow":["GET"]}}],"collection":[{"href":"https:\/\/ceoparts.com\/de\/wp-json\/wp\/v2\/product"}],"about":[{"href":"https:\/\/ceoparts.com\/de\/wp-json\/wp\/v2\/types\/product"}],"wp:featuredmedia":[{"embeddable":true,"href":"https:\/\/ceoparts.com\/de\/wp-json\/wp\/v2\/media\/16842"}],"wp:attachment":[{"href":"https:\/\/ceoparts.com\/de\/wp-json\/wp\/v2\/media?parent=16839"}],"wp:term":[{"taxonomy":"product_brand","embeddable":true,"href":"https:\/\/ceoparts.com\/de\/wp-json\/wp\/v2\/product_brand?post=16839"},{"taxonomy":"product_cat","embeddable":true,"href":"https:\/\/ceoparts.com\/de\/wp-json\/wp\/v2\/product_cat?post=16839"},{"taxonomy":"product_tag","embeddable":true,"href":"https:\/\/ceoparts.com\/de\/wp-json\/wp\/v2\/product_tag?post=16839"}],"curies":[{"name":"wp","href":"https:\/\/api.w.org\/{rel}","templated":true}]}}