{"id":16861,"date":"2025-05-08T12:07:25","date_gmt":"2025-05-08T09:07:25","guid":{"rendered":"https:\/\/ceoparts.com\/?post_type=product&#038;p=16861"},"modified":"2026-05-16T15:04:34","modified_gmt":"2026-05-16T12:04:34","slug":"frotek-forklift-aku-baglanti-kablosu-50x85","status":"publish","type":"product","link":"https:\/\/ceoparts.com\/de\/urun\/frotek-forklift-aku-baglanti-kablosu-50x85\/","title":{"rendered":"Frotek Gabelstapler-Batterieanschlusskabel 50&#215;85"},"content":{"rendered":"<p>Frotek Gabelstapler-Batterieanschlusskabel 50&#215;85<\/p>","protected":false},"excerpt":{"rendered":"<p data-start=\"1234\" data-end=\"1554\"><strong data-start=\"1234\" data-end=\"1282\">Fr\u00f6tek Batterie-Zellenverbindungskabel 50\u00d785<\/strong> bietet sichere und langlebige Verbindungen zwischen Batteriezellen in Gabelstaplern und industriellen Batteriesystemen. Mit 50 mm\u00b2 Querschnitt und 85 mm L\u00e4nge gew\u00e4hrleistet es hohe Strombelastbarkeit. Robuste Isolierung und flexible Bauweise sorgen f\u00fcr lange Haltbarkeit.<\/p>\n<p data-start=\"1556\" data-end=\"1576\"><strong data-start=\"1556\" data-end=\"1574\">Eigenschaften:<\/strong><\/p>\n<ul data-start=\"1577\" data-end=\"1791\">\n<li data-start=\"1577\" data-end=\"1598\">\n<p data-start=\"1579\" data-end=\"1598\"><strong data-start=\"1579\" data-end=\"1589\">Marke:<\/strong> Fr\u00f6tek<\/p>\n<\/li>\n<li data-start=\"1599\" data-end=\"1626\">\n<p data-start=\"1601\" data-end=\"1626\"><strong data-start=\"1601\" data-end=\"1617\">Querschnitt:<\/strong> 50 mm\u00b2<\/p>\n<\/li>\n<li data-start=\"1627\" data-end=\"1647\">\n<p data-start=\"1629\" data-end=\"1647\"><strong data-start=\"1629\" data-end=\"1639\">L\u00e4nge:<\/strong> 85 mm<\/p>\n<\/li>\n<li data-start=\"1648\" data-end=\"1712\">\n<p data-start=\"1650\" data-end=\"1712\"><strong data-start=\"1650\" data-end=\"1665\">Verwendung:<\/strong> Batteriezellen-Verbindungen f\u00fcr Gabelstapler<\/p>\n<\/li>\n<li data-start=\"1713\" data-end=\"1791\">\n<p data-start=\"1715\" data-end=\"1791\"><strong data-start=\"1715\" data-end=\"1728\">Vorteile:<\/strong> Hohe Leitf\u00e4higkeit, langlebige Isolierung, flexible Bauweise<\/p>\n<\/li>\n<\/ul>\n","protected":false},"featured_media":16859,"template":"","meta":[],"product_brand":[],"product_cat":[446],"product_tag":[],"class_list":{"0":"post-16861","1":"product","2":"type-product","3":"status-publish","4":"has-post-thumbnail","6":"product_cat-aku-bar","8":"first","9":"instock","10":"taxable","11":"shipping-taxable","12":"purchasable","13":"product-type-simple"},"_links":{"self":[{"href":"https:\/\/ceoparts.com\/de\/wp-json\/wp\/v2\/product\/16861","targetHints":{"allow":["GET"]}}],"collection":[{"href":"https:\/\/ceoparts.com\/de\/wp-json\/wp\/v2\/product"}],"about":[{"href":"https:\/\/ceoparts.com\/de\/wp-json\/wp\/v2\/types\/product"}],"wp:featuredmedia":[{"embeddable":true,"href":"https:\/\/ceoparts.com\/de\/wp-json\/wp\/v2\/media\/16859"}],"wp:attachment":[{"href":"https:\/\/ceoparts.com\/de\/wp-json\/wp\/v2\/media?parent=16861"}],"wp:term":[{"taxonomy":"product_brand","embeddable":true,"href":"https:\/\/ceoparts.com\/de\/wp-json\/wp\/v2\/product_brand?post=16861"},{"taxonomy":"product_cat","embeddable":true,"href":"https:\/\/ceoparts.com\/de\/wp-json\/wp\/v2\/product_cat?post=16861"},{"taxonomy":"product_tag","embeddable":true,"href":"https:\/\/ceoparts.com\/de\/wp-json\/wp\/v2\/product_tag?post=16861"}],"curies":[{"name":"wp","href":"https:\/\/api.w.org\/{rel}","templated":true}]}}