{"id":16882,"date":"2025-05-08T14:43:26","date_gmt":"2025-05-08T11:43:26","guid":{"rendered":"https:\/\/ceoparts.com\/?post_type=product&#038;p=16882"},"modified":"2026-05-16T15:54:51","modified_gmt":"2026-05-16T12:54:51","slug":"rema-640-a-aku-soketi-fisi-disi","status":"publish","type":"product","link":"https:\/\/ceoparts.com\/de\/urun\/rema-640-a-aku-soketi-fisi-disi\/","title":{"rendered":"Rema 640 A Batterieanschluss \u2013 Buchse"},"content":{"rendered":"<p>Rema 640 A Batterieanschluss \u2013 Buchse<\/p>","protected":false},"excerpt":{"rendered":"<p data-start=\"1344\" data-end=\"1719\"><strong data-start=\"1344\" data-end=\"1394\">Rema 640 A Batteriestecker \/ Buchse (Weiblich)<\/strong> ist eine langlebige und zuverl\u00e4ssige Steckverbindung f\u00fcr Hochstromanwendungen in industriellen Batteriesystemen. Bietet sichere, leitf\u00e4hige und langlebige Verbindungen in Gabelstaplern, Flurf\u00f6rderzeugen und Elektrofahrzeugen. Ergonomisches Design und bew\u00e4hrte Rema-Qualit\u00e4t sorgen f\u00fcr unterbrechungsfreie Energie\u00fcbertragung.<\/p>\n<p data-start=\"1721\" data-end=\"1741\"><strong data-start=\"1721\" data-end=\"1739\">Eigenschaften:<\/strong><\/p>\n<ul data-start=\"1742\" data-end=\"1959\">\n<li data-start=\"1742\" data-end=\"1761\">\n<p data-start=\"1744\" data-end=\"1761\"><strong data-start=\"1744\" data-end=\"1754\">Marke:<\/strong> Rema<\/p>\n<\/li>\n<li data-start=\"1762\" data-end=\"1783\">\n<p data-start=\"1764\" data-end=\"1783\"><strong data-start=\"1764\" data-end=\"1775\">Modell:<\/strong> 640 A<\/p>\n<\/li>\n<li data-start=\"1784\" data-end=\"1814\">\n<p data-start=\"1786\" data-end=\"1814\"><strong data-start=\"1786\" data-end=\"1794\">Typ:<\/strong> Buchse (Weiblich)<\/p>\n<\/li>\n<li data-start=\"1815\" data-end=\"1880\">\n<p data-start=\"1817\" data-end=\"1880\"><strong data-start=\"1817\" data-end=\"1832\">Verwendung:<\/strong> Batteriesteckverbindungen f\u00fcr Flurf\u00f6rderzeuge<\/p>\n<\/li>\n<li data-start=\"1881\" data-end=\"1959\">\n<p data-start=\"1883\" data-end=\"1959\"><strong data-start=\"1883\" data-end=\"1896\">Vorteile:<\/strong> Hohe Strombelastbarkeit, robuste Bauweise, lange Lebensdauer<\/p>\n<\/li>\n<\/ul>\n","protected":false},"featured_media":16886,"template":"","meta":[],"product_brand":[],"product_cat":[444],"product_tag":[],"class_list":{"0":"post-16882","1":"product","2":"type-product","3":"status-publish","4":"has-post-thumbnail","6":"product_cat-aku-fisi","8":"first","9":"instock","10":"taxable","11":"shipping-taxable","12":"purchasable","13":"product-type-simple"},"_links":{"self":[{"href":"https:\/\/ceoparts.com\/de\/wp-json\/wp\/v2\/product\/16882","targetHints":{"allow":["GET"]}}],"collection":[{"href":"https:\/\/ceoparts.com\/de\/wp-json\/wp\/v2\/product"}],"about":[{"href":"https:\/\/ceoparts.com\/de\/wp-json\/wp\/v2\/types\/product"}],"wp:featuredmedia":[{"embeddable":true,"href":"https:\/\/ceoparts.com\/de\/wp-json\/wp\/v2\/media\/16886"}],"wp:attachment":[{"href":"https:\/\/ceoparts.com\/de\/wp-json\/wp\/v2\/media?parent=16882"}],"wp:term":[{"taxonomy":"product_brand","embeddable":true,"href":"https:\/\/ceoparts.com\/de\/wp-json\/wp\/v2\/product_brand?post=16882"},{"taxonomy":"product_cat","embeddable":true,"href":"https:\/\/ceoparts.com\/de\/wp-json\/wp\/v2\/product_cat?post=16882"},{"taxonomy":"product_tag","embeddable":true,"href":"https:\/\/ceoparts.com\/de\/wp-json\/wp\/v2\/product_tag?post=16882"}],"curies":[{"name":"wp","href":"https:\/\/api.w.org\/{rel}","templated":true}]}}