{"id":16887,"date":"2025-05-08T17:34:54","date_gmt":"2025-05-08T14:34:54","guid":{"rendered":"https:\/\/ceoparts.com\/?post_type=product&#038;p=16887"},"modified":"2026-05-16T15:08:17","modified_gmt":"2026-05-16T12:08:17","slug":"toyota-direksiyon-dingili-43110f318271","status":"publish","type":"product","link":"https:\/\/ceoparts.com\/de\/urun\/toyota-direksiyon-dingili-43110f318271\/","title":{"rendered":"Toyota Lenks\u00e4ule \/ Lenkzwischenwelle \u2013 43110F318271"},"content":{"rendered":"<p>Toyota Lenks\u00e4ule \/ Lenkzwischenwelle \u2013 43110F318271<\/p>","protected":false},"excerpt":{"rendered":"<p data-start=\"1146\" data-end=\"1433\"><strong data-start=\"1146\" data-end=\"1181\">Toyota Lenkwelle \u2013 43110F318271<\/strong> ist ein hochwertiges Ersatzteil f\u00fcr Toyota-Gabelstapler und Flurf\u00f6rderzeuge, das f\u00fcr die \u00dcbertragung und Stabilisierung der Lenkbewegungen sorgt. Dank robuster Bauweise und originaler Passgenauigkeit garantiert sie eine sichere und langlebige Nutzung.<\/p>\n<p data-start=\"1435\" data-end=\"1455\"><strong data-start=\"1435\" data-end=\"1453\">Eigenschaften:<\/strong><\/p>\n<ul data-start=\"1456\" data-end=\"1621\">\n<li data-start=\"1456\" data-end=\"1477\">\n<p data-start=\"1458\" data-end=\"1477\"><strong data-start=\"1458\" data-end=\"1468\">Marke:<\/strong> Toyota<\/p>\n<\/li>\n<li data-start=\"1478\" data-end=\"1511\">\n<p data-start=\"1480\" data-end=\"1511\"><strong data-start=\"1480\" data-end=\"1496\">Teilenummer:<\/strong> 43110F318271<\/p>\n<\/li>\n<li data-start=\"1512\" data-end=\"1542\">\n<p data-start=\"1514\" data-end=\"1542\"><strong data-start=\"1514\" data-end=\"1529\">Verwendung:<\/strong> Lenksystem<\/p>\n<\/li>\n<li data-start=\"1543\" data-end=\"1621\">\n<p data-start=\"1545\" data-end=\"1621\"><strong data-start=\"1545\" data-end=\"1558\">Vorteile:<\/strong> Robuste Konstruktion, hohe Kompatibilit\u00e4t, lange Lebensdauer<\/p>\n<\/li>\n<\/ul>\n","protected":false},"featured_media":16895,"template":"","meta":[],"product_brand":[],"product_cat":[470,521,530],"product_tag":[],"class_list":{"0":"post-16887","1":"product","2":"type-product","3":"status-publish","4":"has-post-thumbnail","6":"product_cat-diger-yedek-parcalar","7":"product_cat-toyota","8":"product_cat-yedek-parca-toyota","10":"first","11":"instock","12":"taxable","13":"shipping-taxable","14":"purchasable","15":"product-type-simple"},"_links":{"self":[{"href":"https:\/\/ceoparts.com\/de\/wp-json\/wp\/v2\/product\/16887","targetHints":{"allow":["GET"]}}],"collection":[{"href":"https:\/\/ceoparts.com\/de\/wp-json\/wp\/v2\/product"}],"about":[{"href":"https:\/\/ceoparts.com\/de\/wp-json\/wp\/v2\/types\/product"}],"wp:featuredmedia":[{"embeddable":true,"href":"https:\/\/ceoparts.com\/de\/wp-json\/wp\/v2\/media\/16895"}],"wp:attachment":[{"href":"https:\/\/ceoparts.com\/de\/wp-json\/wp\/v2\/media?parent=16887"}],"wp:term":[{"taxonomy":"product_brand","embeddable":true,"href":"https:\/\/ceoparts.com\/de\/wp-json\/wp\/v2\/product_brand?post=16887"},{"taxonomy":"product_cat","embeddable":true,"href":"https:\/\/ceoparts.com\/de\/wp-json\/wp\/v2\/product_cat?post=16887"},{"taxonomy":"product_tag","embeddable":true,"href":"https:\/\/ceoparts.com\/de\/wp-json\/wp\/v2\/product_tag?post=16887"}],"curies":[{"name":"wp","href":"https:\/\/api.w.org\/{rel}","templated":true}]}}