{"id":16906,"date":"2025-05-09T16:44:07","date_gmt":"2025-05-09T13:44:07","guid":{"rendered":"https:\/\/ceoparts.com\/?post_type=product&#038;p=16906"},"modified":"2026-05-16T14:36:06","modified_gmt":"2026-05-16T11:36:06","slug":"aku-salteri-devre-keisici","status":"publish","type":"product","link":"https:\/\/ceoparts.com\/de\/urun\/aku-salteri-devre-keisici\/","title":{"rendered":"Batterietrennschalter \/ Leistungsschalter"},"content":{"rendered":"<p>Batterietrennschalter \/ Leistungsschalter<\/p>","protected":false},"excerpt":{"rendered":"<p data-start=\"1170\" data-end=\"1535\"><strong data-start=\"1170\" data-end=\"1195\">Batterietrennschalter<\/strong> wird in Gabelstaplern, Hubwagen, Baumaschinen und Industriefahrzeugen verwendet, um den Stromkreis sicher und schnell zu unterbrechen. Er sorgt f\u00fcr Systemsicherheit, indem er die Batterie bei Wartung, Reparatur oder Notf\u00e4llen vollst\u00e4ndig trennt. Mit robuster Bauweise und einfacher Montage ist er ein langlebiges und zuverl\u00e4ssiges Produkt.<\/p>\n<p data-start=\"1537\" data-end=\"1557\"><strong data-start=\"1537\" data-end=\"1555\">Eigenschaften:<\/strong><\/p>\n<ul data-start=\"1558\" data-end=\"1678\">\n<li data-start=\"1558\" data-end=\"1599\">\n<p data-start=\"1560\" data-end=\"1599\"><strong data-start=\"1560\" data-end=\"1575\">Verwendung:<\/strong> Batterietrennschalter<\/p>\n<\/li>\n<li data-start=\"1600\" data-end=\"1678\">\n<p data-start=\"1602\" data-end=\"1678\"><strong data-start=\"1602\" data-end=\"1615\">Vorteile:<\/strong> Hohe Sicherheit, einfache Bedienung, langlebige Konstruktion<\/p>\n<\/li>\n<\/ul>\n","protected":false},"featured_media":16907,"template":"","meta":[],"product_brand":[],"product_cat":[443],"product_tag":[],"class_list":{"0":"post-16906","1":"product","2":"type-product","3":"status-publish","4":"has-post-thumbnail","6":"product_cat-aku-parcalari","8":"first","9":"instock","10":"taxable","11":"shipping-taxable","12":"purchasable","13":"product-type-simple"},"_links":{"self":[{"href":"https:\/\/ceoparts.com\/de\/wp-json\/wp\/v2\/product\/16906","targetHints":{"allow":["GET"]}}],"collection":[{"href":"https:\/\/ceoparts.com\/de\/wp-json\/wp\/v2\/product"}],"about":[{"href":"https:\/\/ceoparts.com\/de\/wp-json\/wp\/v2\/types\/product"}],"wp:featuredmedia":[{"embeddable":true,"href":"https:\/\/ceoparts.com\/de\/wp-json\/wp\/v2\/media\/16907"}],"wp:attachment":[{"href":"https:\/\/ceoparts.com\/de\/wp-json\/wp\/v2\/media?parent=16906"}],"wp:term":[{"taxonomy":"product_brand","embeddable":true,"href":"https:\/\/ceoparts.com\/de\/wp-json\/wp\/v2\/product_brand?post=16906"},{"taxonomy":"product_cat","embeddable":true,"href":"https:\/\/ceoparts.com\/de\/wp-json\/wp\/v2\/product_cat?post=16906"},{"taxonomy":"product_tag","embeddable":true,"href":"https:\/\/ceoparts.com\/de\/wp-json\/wp\/v2\/product_tag?post=16906"}],"curies":[{"name":"wp","href":"https:\/\/api.w.org\/{rel}","templated":true}]}}