{"id":16928,"date":"2025-05-10T08:57:57","date_gmt":"2025-05-10T05:57:57","guid":{"rendered":"https:\/\/ceoparts.com\/?post_type=product&#038;p=16928"},"modified":"2026-05-16T18:10:50","modified_gmt":"2026-05-16T15:10:50","slug":"bt-rre160-sigorta-kutusu-232805","status":"publish","type":"product","link":"https:\/\/ceoparts.com\/de\/urun\/bt-rre160-sigorta-kutusu-232805\/","title":{"rendered":"BT RRE160 Sicherungskasten \u2013 232805"},"content":{"rendered":"<p>BT RRE160 Sicherungskasten \u2013 232805<\/p>","protected":false},"excerpt":{"rendered":"<p data-start=\"1194\" data-end=\"1546\"><strong data-start=\"1194\" data-end=\"1224\">BT RRE160 Sicherungskasten<\/strong> ist ein langlebiger und zuverl\u00e4ssiger Sicherungskasten, der f\u00fcr Gabelstapler und Industriefahrzeuge entwickelt wurde. Er sch\u00fctzt Ihr elektrisches System und reduziert den Wartungsaufwand durch seine langlebige Bauweise. Einfach zu montieren, gew\u00e4hrleistet er sicheren Schutz der elektrischen Schaltkreise Ihres Fahrzeugs.<\/p>\n<p data-start=\"1548\" data-end=\"1568\"><strong data-start=\"1548\" data-end=\"1566\">Eigenschaften:<\/strong><\/p>\n<ul data-start=\"1569\" data-end=\"1766\">\n<li data-start=\"1569\" data-end=\"1594\">\n<p data-start=\"1571\" data-end=\"1594\"><strong data-start=\"1571\" data-end=\"1582\">Modell:<\/strong> BT RRE160<\/p>\n<\/li>\n<li data-start=\"1595\" data-end=\"1622\">\n<p data-start=\"1597\" data-end=\"1622\"><strong data-start=\"1597\" data-end=\"1613\">Teilenummer:<\/strong> 232805<\/p>\n<\/li>\n<li data-start=\"1623\" data-end=\"1676\">\n<p data-start=\"1625\" data-end=\"1676\"><strong data-start=\"1625\" data-end=\"1640\">Verwendung:<\/strong> Sicherungskasten f\u00fcr Gabelstapler<\/p>\n<\/li>\n<li data-start=\"1677\" data-end=\"1766\">\n<p data-start=\"1679\" data-end=\"1766\"><strong data-start=\"1679\" data-end=\"1692\">Vorteile:<\/strong> Robustes Design, einfache Montage, Schutz der elektrischen Schaltkreise<\/p>\n<\/li>\n<\/ul>\n","protected":false},"featured_media":16932,"template":"","meta":[],"product_brand":[],"product_cat":[251,470,518],"product_tag":[],"class_list":{"0":"post-16928","1":"product","2":"type-product","3":"status-publish","4":"has-post-thumbnail","6":"product_cat-bt","7":"product_cat-diger-yedek-parcalar","8":"product_cat-yedek-parca-bt","10":"first","11":"instock","12":"taxable","13":"shipping-taxable","14":"purchasable","15":"product-type-simple"},"_links":{"self":[{"href":"https:\/\/ceoparts.com\/de\/wp-json\/wp\/v2\/product\/16928","targetHints":{"allow":["GET"]}}],"collection":[{"href":"https:\/\/ceoparts.com\/de\/wp-json\/wp\/v2\/product"}],"about":[{"href":"https:\/\/ceoparts.com\/de\/wp-json\/wp\/v2\/types\/product"}],"wp:featuredmedia":[{"embeddable":true,"href":"https:\/\/ceoparts.com\/de\/wp-json\/wp\/v2\/media\/16932"}],"wp:attachment":[{"href":"https:\/\/ceoparts.com\/de\/wp-json\/wp\/v2\/media?parent=16928"}],"wp:term":[{"taxonomy":"product_brand","embeddable":true,"href":"https:\/\/ceoparts.com\/de\/wp-json\/wp\/v2\/product_brand?post=16928"},{"taxonomy":"product_cat","embeddable":true,"href":"https:\/\/ceoparts.com\/de\/wp-json\/wp\/v2\/product_cat?post=16928"},{"taxonomy":"product_tag","embeddable":true,"href":"https:\/\/ceoparts.com\/de\/wp-json\/wp\/v2\/product_tag?post=16928"}],"curies":[{"name":"wp","href":"https:\/\/api.w.org\/{rel}","templated":true}]}}