{"id":17044,"date":"2025-05-21T09:22:10","date_gmt":"2025-05-21T06:22:10","guid":{"rendered":"https:\/\/ceoparts.com\/?post_type=product&#038;p=17044"},"modified":"2026-05-17T00:46:58","modified_gmt":"2026-05-16T21:46:58","slug":"bt-rre160-mcu-karti-7525401001","status":"publish","type":"product","link":"https:\/\/ceoparts.com\/de\/urun\/bt-rre160-mcu-karti-7525401001\/","title":{"rendered":"BT RRE160 MCU-Platine \u2013 7525401001"},"content":{"rendered":"<p>BT RRE160 MCU-Platine \u2013 7525401001<\/p>","protected":false},"excerpt":{"rendered":"<p data-start=\"1284\" data-end=\"1611\"><strong data-start=\"1284\" data-end=\"1322\">BT RRE160 MCU Platine \u2013 7525401001<\/strong> ist eine leistungsstarke Mikrocontroller-Platine, die speziell f\u00fcr Gabelstapler und Industrieanlagen entwickelt wurde. Sie gew\u00e4hrleistet pr\u00e4zise Steuerung und zuverl\u00e4ssigen Betrieb in Ger\u00e4testeuerungssystemen. Mit robuster Bauweise und hoher Kompatibilit\u00e4t bietet sie langlebige Leistung.<\/p>\n<p data-start=\"1613\" data-end=\"1633\"><strong data-start=\"1613\" data-end=\"1631\">Eigenschaften:<\/strong><\/p>\n<ul data-start=\"1634\" data-end=\"1846\">\n<li data-start=\"1634\" data-end=\"1668\">\n<p data-start=\"1636\" data-end=\"1668\"><strong data-start=\"1636\" data-end=\"1647\">Modell:<\/strong> RRE160 MCU Platine<\/p>\n<\/li>\n<li data-start=\"1669\" data-end=\"1700\">\n<p data-start=\"1671\" data-end=\"1700\"><strong data-start=\"1671\" data-end=\"1687\">Teilenummer:<\/strong> 7525401001<\/p>\n<\/li>\n<li data-start=\"1701\" data-end=\"1764\">\n<p data-start=\"1703\" data-end=\"1764\"><strong data-start=\"1703\" data-end=\"1717\">Anwendung:<\/strong> Gabelstapler, industrielle Steuerungssysteme<\/p>\n<\/li>\n<li data-start=\"1765\" data-end=\"1812\">\n<p data-start=\"1767\" data-end=\"1812\"><strong data-start=\"1767\" data-end=\"1780\">Funktion:<\/strong> Mikrocontroller-Steuerplatine<\/p>\n<\/li>\n<li data-start=\"1813\" data-end=\"1846\">\n<p data-start=\"1815\" data-end=\"1846\"><strong data-start=\"1815\" data-end=\"1834\">Kompatibilit\u00e4t:<\/strong> BT Ger\u00e4te<\/p>\n<\/li>\n<\/ul>\n","protected":false},"featured_media":17045,"template":"","meta":[],"product_brand":[],"product_cat":[251,431],"product_tag":[],"class_list":{"0":"post-17044","1":"product","2":"type-product","3":"status-publish","4":"has-post-thumbnail","6":"product_cat-bt","7":"product_cat-ekranlar-ve-kartlar","9":"first","10":"instock","11":"taxable","12":"shipping-taxable","13":"purchasable","14":"product-type-simple"},"_links":{"self":[{"href":"https:\/\/ceoparts.com\/de\/wp-json\/wp\/v2\/product\/17044","targetHints":{"allow":["GET"]}}],"collection":[{"href":"https:\/\/ceoparts.com\/de\/wp-json\/wp\/v2\/product"}],"about":[{"href":"https:\/\/ceoparts.com\/de\/wp-json\/wp\/v2\/types\/product"}],"wp:featuredmedia":[{"embeddable":true,"href":"https:\/\/ceoparts.com\/de\/wp-json\/wp\/v2\/media\/17045"}],"wp:attachment":[{"href":"https:\/\/ceoparts.com\/de\/wp-json\/wp\/v2\/media?parent=17044"}],"wp:term":[{"taxonomy":"product_brand","embeddable":true,"href":"https:\/\/ceoparts.com\/de\/wp-json\/wp\/v2\/product_brand?post=17044"},{"taxonomy":"product_cat","embeddable":true,"href":"https:\/\/ceoparts.com\/de\/wp-json\/wp\/v2\/product_cat?post=17044"},{"taxonomy":"product_tag","embeddable":true,"href":"https:\/\/ceoparts.com\/de\/wp-json\/wp\/v2\/product_tag?post=17044"}],"curies":[{"name":"wp","href":"https:\/\/api.w.org\/{rel}","templated":true}]}}