{"id":17072,"date":"2025-05-21T15:26:23","date_gmt":"2025-05-21T12:26:23","guid":{"rendered":"https:\/\/ceoparts.com\/?post_type=product&#038;p=17072"},"modified":"2026-05-16T16:33:02","modified_gmt":"2026-05-16T13:33:02","slug":"linde-hidrolik-pompa-takimi-0039810878","status":"publish","type":"product","link":"https:\/\/ceoparts.com\/de\/urun\/linde-hidrolik-pompa-takimi-0039810878\/","title":{"rendered":"Linde Hydraulikpumpenaggregat \u2013 0039810878"},"content":{"rendered":"<p>Linde Hydraulikpumpenaggregat \u2013 0039810878<\/p>","protected":false},"excerpt":{"rendered":"<p data-start=\"1199\" data-end=\"1537\"><strong data-start=\"1199\" data-end=\"1241\">Linde Hydraulikpumpen-Set \u2013 0039810878<\/strong> ist ein hochwertiges Original-Hydraulikpumpen-Set, das in Linde Gabelstaplern und Staplern verwendet wird. Die robuste Konstruktion gew\u00e4hrleistet einen reibungslosen Betrieb des Hydrauliksystems und bietet langlebigen, zuverl\u00e4ssigen Service. Es tr\u00e4gt zur optimalen Effizienz Ihrer Maschinen bei.<\/p>\n<p data-start=\"1539\" data-end=\"1559\"><strong data-start=\"1539\" data-end=\"1557\">Eigenschaften:<\/strong><\/p>\n<ul data-start=\"1560\" data-end=\"1702\">\n<li data-start=\"1560\" data-end=\"1593\">\n<p data-start=\"1562\" data-end=\"1593\"><strong data-start=\"1562\" data-end=\"1580\">Artikelnummer:<\/strong> 0039810878<\/p>\n<\/li>\n<li data-start=\"1594\" data-end=\"1643\">\n<p data-start=\"1596\" data-end=\"1643\"><strong data-start=\"1596\" data-end=\"1610\">Anwendung:<\/strong> Linde Gabelstapler und Stapler<\/p>\n<\/li>\n<li data-start=\"1644\" data-end=\"1676\">\n<p data-start=\"1646\" data-end=\"1676\"><strong data-start=\"1646\" data-end=\"1654\">Typ:<\/strong> Hydraulikpumpen-Set<\/p>\n<\/li>\n<li data-start=\"1677\" data-end=\"1702\">\n<p data-start=\"1679\" data-end=\"1702\"><strong data-start=\"1679\" data-end=\"1702\">Original Ersatzteil<\/strong><\/p>\n<\/li>\n<\/ul>\n","protected":false},"featured_media":17077,"template":"","meta":[],"product_brand":[],"product_cat":[246,461,523],"product_tag":[],"class_list":{"0":"post-17072","1":"product","2":"type-product","3":"status-publish","4":"has-post-thumbnail","6":"product_cat-linde","7":"product_cat-hidrolik-sistemi","8":"product_cat-yedek-parca-linde","10":"first","11":"instock","12":"taxable","13":"shipping-taxable","14":"purchasable","15":"product-type-simple"},"_links":{"self":[{"href":"https:\/\/ceoparts.com\/de\/wp-json\/wp\/v2\/product\/17072","targetHints":{"allow":["GET"]}}],"collection":[{"href":"https:\/\/ceoparts.com\/de\/wp-json\/wp\/v2\/product"}],"about":[{"href":"https:\/\/ceoparts.com\/de\/wp-json\/wp\/v2\/types\/product"}],"wp:featuredmedia":[{"embeddable":true,"href":"https:\/\/ceoparts.com\/de\/wp-json\/wp\/v2\/media\/17077"}],"wp:attachment":[{"href":"https:\/\/ceoparts.com\/de\/wp-json\/wp\/v2\/media?parent=17072"}],"wp:term":[{"taxonomy":"product_brand","embeddable":true,"href":"https:\/\/ceoparts.com\/de\/wp-json\/wp\/v2\/product_brand?post=17072"},{"taxonomy":"product_cat","embeddable":true,"href":"https:\/\/ceoparts.com\/de\/wp-json\/wp\/v2\/product_cat?post=17072"},{"taxonomy":"product_tag","embeddable":true,"href":"https:\/\/ceoparts.com\/de\/wp-json\/wp\/v2\/product_tag?post=17072"}],"curies":[{"name":"wp","href":"https:\/\/api.w.org\/{rel}","templated":true}]}}