{"id":17079,"date":"2025-05-22T11:09:56","date_gmt":"2025-05-22T08:09:56","guid":{"rendered":"https:\/\/ceoparts.com\/?post_type=product&#038;p=17079"},"modified":"2026-05-16T17:47:12","modified_gmt":"2026-05-16T14:47:12","slug":"still-fmx-reduktor-11202601000","status":"publish","type":"product","link":"https:\/\/ceoparts.com\/de\/urun\/still-fmx-reduktor-11202601000\/","title":{"rendered":"STILL FMX Getriebe \u2013 11202601000"},"content":{"rendered":"<p>STILL FMX Getriebe \u2013 11202601000<\/p>","protected":false},"excerpt":{"rendered":"<p data-start=\"1200\" data-end=\"1522\"><strong data-start=\"1200\" data-end=\"1236\">Still FMX Getriebe \u2013 11202601000<\/strong> ist ein hochwertiges Originalgetriebeteil f\u00fcr Still Gabelstapler und Stapler, das f\u00fcr eine effiziente Kraft\u00fcbertragung sorgt. Es tr\u00e4gt mit seiner Langlebigkeit und Zuverl\u00e4ssigkeit zur optimalen Leistung Ihrer Maschinen bei. F\u00fcr den Einsatz unter anspruchsvollen Bedingungen konzipiert.<\/p>\n<p data-start=\"1524\" data-end=\"1544\"><strong data-start=\"1524\" data-end=\"1542\">Eigenschaften:<\/strong><\/p>\n<ul data-start=\"1545\" data-end=\"1708\">\n<li data-start=\"1545\" data-end=\"1579\">\n<p data-start=\"1547\" data-end=\"1579\"><strong data-start=\"1547\" data-end=\"1565\">Artikelnummer:<\/strong> 11202601000<\/p>\n<\/li>\n<li data-start=\"1580\" data-end=\"1633\">\n<p data-start=\"1582\" data-end=\"1633\"><strong data-start=\"1582\" data-end=\"1596\">Anwendung:<\/strong> Still FMX Gabelstapler und Stapler<\/p>\n<\/li>\n<li data-start=\"1634\" data-end=\"1682\">\n<p data-start=\"1636\" data-end=\"1682\"><strong data-start=\"1636\" data-end=\"1649\">Material:<\/strong> Hochbelastbare Metalllegierung<\/p>\n<\/li>\n<li data-start=\"1683\" data-end=\"1708\">\n<p data-start=\"1685\" data-end=\"1708\"><strong data-start=\"1685\" data-end=\"1708\">Original Ersatzteil<\/strong><\/p>\n<\/li>\n<\/ul>\n","protected":false},"featured_media":17080,"template":"","meta":[],"product_brand":[],"product_cat":[241,470,524],"product_tag":[],"class_list":{"0":"post-17079","1":"product","2":"type-product","3":"status-publish","4":"has-post-thumbnail","6":"product_cat-still","7":"product_cat-diger-yedek-parcalar","8":"product_cat-yedek-parca-still","10":"first","11":"instock","12":"taxable","13":"shipping-taxable","14":"purchasable","15":"product-type-simple"},"_links":{"self":[{"href":"https:\/\/ceoparts.com\/de\/wp-json\/wp\/v2\/product\/17079","targetHints":{"allow":["GET"]}}],"collection":[{"href":"https:\/\/ceoparts.com\/de\/wp-json\/wp\/v2\/product"}],"about":[{"href":"https:\/\/ceoparts.com\/de\/wp-json\/wp\/v2\/types\/product"}],"wp:featuredmedia":[{"embeddable":true,"href":"https:\/\/ceoparts.com\/de\/wp-json\/wp\/v2\/media\/17080"}],"wp:attachment":[{"href":"https:\/\/ceoparts.com\/de\/wp-json\/wp\/v2\/media?parent=17079"}],"wp:term":[{"taxonomy":"product_brand","embeddable":true,"href":"https:\/\/ceoparts.com\/de\/wp-json\/wp\/v2\/product_brand?post=17079"},{"taxonomy":"product_cat","embeddable":true,"href":"https:\/\/ceoparts.com\/de\/wp-json\/wp\/v2\/product_cat?post=17079"},{"taxonomy":"product_tag","embeddable":true,"href":"https:\/\/ceoparts.com\/de\/wp-json\/wp\/v2\/product_tag?post=17079"}],"curies":[{"name":"wp","href":"https:\/\/api.w.org\/{rel}","templated":true}]}}