{"id":17093,"date":"2025-05-22T11:35:00","date_gmt":"2025-05-22T08:35:00","guid":{"rendered":"https:\/\/ceoparts.com\/?post_type=product&#038;p=17093"},"modified":"2026-05-16T18:57:51","modified_gmt":"2026-05-16T15:57:51","slug":"rema-aku-soketi-pimi-160-a","status":"publish","type":"product","link":"https:\/\/ceoparts.com\/de\/urun\/rema-aku-soketi-pimi-160-a\/","title":{"rendered":"Rema Batterieanschlusspin 160A"},"content":{"rendered":"<p>Rema Batterieanschlusspin 160A<\/p>","protected":false},"excerpt":{"rendered":"<p data-start=\"1277\" data-end=\"1622\"><strong data-start=\"1277\" data-end=\"1320\">Rema Batterie-Steckverbinder Stift 160A<\/strong> ist ein speziell entwickelter Leistungsstift f\u00fcr Rema Batteriesteckverbinder in industriellen Elektrostaplern, Hubwagen und Staplern. Er sorgt f\u00fcr eine sichere und unterbrechungsfreie Strom\u00fcbertragung dank hoher Stromtragf\u00e4higkeit und robuster Bauweise. F\u00fcr anspruchsvolle Einsatzbedingungen geeignet.<\/p>\n<p data-start=\"1624\" data-end=\"1644\"><strong data-start=\"1624\" data-end=\"1642\">Eigenschaften:<\/strong><\/p>\n<ul data-start=\"1645\" data-end=\"1831\">\n<li data-start=\"1645\" data-end=\"1673\">\n<p data-start=\"1647\" data-end=\"1673\"><strong data-start=\"1647\" data-end=\"1666\">Stromkapazit\u00e4t:<\/strong> 160A<\/p>\n<\/li>\n<li data-start=\"1674\" data-end=\"1737\">\n<p data-start=\"1676\" data-end=\"1737\"><strong data-start=\"1676\" data-end=\"1690\">Anwendung:<\/strong> Gabelstapler, Elektrostapler und Ladesysteme<\/p>\n<\/li>\n<li data-start=\"1738\" data-end=\"1789\">\n<p data-start=\"1740\" data-end=\"1789\"><strong data-start=\"1740\" data-end=\"1759\">Kompatibilit\u00e4t:<\/strong> Rema Batteriesteckverbinder<\/p>\n<\/li>\n<li data-start=\"1790\" data-end=\"1831\">\n<p data-start=\"1792\" data-end=\"1831\"><strong data-start=\"1792\" data-end=\"1831\">Zuverl\u00e4ssige und sichere Verbindung<\/strong><\/p>\n<\/li>\n<\/ul>\n","protected":false},"featured_media":17095,"template":"","meta":[],"product_brand":[],"product_cat":[444],"product_tag":[],"class_list":{"0":"post-17093","1":"product","2":"type-product","3":"status-publish","4":"has-post-thumbnail","6":"product_cat-aku-fisi","8":"first","9":"instock","10":"taxable","11":"shipping-taxable","12":"purchasable","13":"product-type-simple"},"_links":{"self":[{"href":"https:\/\/ceoparts.com\/de\/wp-json\/wp\/v2\/product\/17093","targetHints":{"allow":["GET"]}}],"collection":[{"href":"https:\/\/ceoparts.com\/de\/wp-json\/wp\/v2\/product"}],"about":[{"href":"https:\/\/ceoparts.com\/de\/wp-json\/wp\/v2\/types\/product"}],"wp:featuredmedia":[{"embeddable":true,"href":"https:\/\/ceoparts.com\/de\/wp-json\/wp\/v2\/media\/17095"}],"wp:attachment":[{"href":"https:\/\/ceoparts.com\/de\/wp-json\/wp\/v2\/media?parent=17093"}],"wp:term":[{"taxonomy":"product_brand","embeddable":true,"href":"https:\/\/ceoparts.com\/de\/wp-json\/wp\/v2\/product_brand?post=17093"},{"taxonomy":"product_cat","embeddable":true,"href":"https:\/\/ceoparts.com\/de\/wp-json\/wp\/v2\/product_cat?post=17093"},{"taxonomy":"product_tag","embeddable":true,"href":"https:\/\/ceoparts.com\/de\/wp-json\/wp\/v2\/product_tag?post=17093"}],"curies":[{"name":"wp","href":"https:\/\/api.w.org\/{rel}","templated":true}]}}