{"id":17096,"date":"2025-05-22T13:37:15","date_gmt":"2025-05-22T10:37:15","guid":{"rendered":"https:\/\/ceoparts.com\/?post_type=product&#038;p=17096"},"modified":"2026-05-16T14:16:32","modified_gmt":"2026-05-16T11:16:32","slug":"still-ecu-kaldirma-butonu-452049164","status":"publish","type":"product","link":"https:\/\/ceoparts.com\/de\/urun\/still-ecu-kaldirma-butonu-452049164\/","title":{"rendered":"Still ECU-Hubtaste \u2013 452049164"},"content":{"rendered":"<p>Still ECU-Hubtaste \u2013 452049164<\/p>","protected":false},"excerpt":{"rendered":"<p data-start=\"1204\" data-end=\"1481\"><strong data-start=\"1204\" data-end=\"1239\">Still ECU Hubtaster \u2013 452049164<\/strong> ist der originale Steuertaster f\u00fcr die Hubfunktion bei Still ECU Hubwagen und Staplern. Das ergonomische Design erm\u00f6glicht eine sichere und komfortable Bedienung. Durch die robuste Bauweise ist er f\u00fcr den intensiven Einsatz bestens geeignet.<\/p>\n<p data-start=\"1483\" data-end=\"1503\"><strong data-start=\"1483\" data-end=\"1501\">Eigenschaften:<\/strong><\/p>\n<ul data-start=\"1504\" data-end=\"1659\">\n<li data-start=\"1504\" data-end=\"1536\">\n<p data-start=\"1506\" data-end=\"1536\"><strong data-start=\"1506\" data-end=\"1524\">Artikelnummer:<\/strong> 452049164<\/p>\n<\/li>\n<li data-start=\"1537\" data-end=\"1584\">\n<p data-start=\"1539\" data-end=\"1584\"><strong data-start=\"1539\" data-end=\"1553\">Anwendung:<\/strong> Still ECU Hubwagen Hubtaster<\/p>\n<\/li>\n<li data-start=\"1585\" data-end=\"1633\">\n<p data-start=\"1587\" data-end=\"1633\"><strong data-start=\"1587\" data-end=\"1600\">Material:<\/strong> Robuster Kunststoff und Metall<\/p>\n<\/li>\n<li data-start=\"1634\" data-end=\"1659\">\n<p data-start=\"1636\" data-end=\"1659\"><strong data-start=\"1636\" data-end=\"1659\">Original Ersatzteil<\/strong><\/p>\n<\/li>\n<\/ul>\n","protected":false},"featured_media":17099,"template":"","meta":[],"product_brand":[],"product_cat":[251,454,518,524,241],"product_tag":[],"class_list":{"0":"post-17096","1":"product","2":"type-product","3":"status-publish","4":"has-post-thumbnail","6":"product_cat-bt","7":"product_cat-switch-ve-buton","8":"product_cat-yedek-parca-bt","9":"product_cat-yedek-parca-still","10":"product_cat-still","12":"first","13":"instock","14":"taxable","15":"shipping-taxable","16":"purchasable","17":"product-type-simple"},"_links":{"self":[{"href":"https:\/\/ceoparts.com\/de\/wp-json\/wp\/v2\/product\/17096","targetHints":{"allow":["GET"]}}],"collection":[{"href":"https:\/\/ceoparts.com\/de\/wp-json\/wp\/v2\/product"}],"about":[{"href":"https:\/\/ceoparts.com\/de\/wp-json\/wp\/v2\/types\/product"}],"wp:featuredmedia":[{"embeddable":true,"href":"https:\/\/ceoparts.com\/de\/wp-json\/wp\/v2\/media\/17099"}],"wp:attachment":[{"href":"https:\/\/ceoparts.com\/de\/wp-json\/wp\/v2\/media?parent=17096"}],"wp:term":[{"taxonomy":"product_brand","embeddable":true,"href":"https:\/\/ceoparts.com\/de\/wp-json\/wp\/v2\/product_brand?post=17096"},{"taxonomy":"product_cat","embeddable":true,"href":"https:\/\/ceoparts.com\/de\/wp-json\/wp\/v2\/product_cat?post=17096"},{"taxonomy":"product_tag","embeddable":true,"href":"https:\/\/ceoparts.com\/de\/wp-json\/wp\/v2\/product_tag?post=17096"}],"curies":[{"name":"wp","href":"https:\/\/api.w.org\/{rel}","templated":true}]}}