{"id":17100,"date":"2025-05-22T14:04:37","date_gmt":"2025-05-22T11:04:37","guid":{"rendered":"https:\/\/ceoparts.com\/?post_type=product&#038;p=17100"},"modified":"2026-05-16T14:28:42","modified_gmt":"2026-05-16T11:28:42","slug":"toyota-forklift-finger","status":"publish","type":"product","link":"https:\/\/ceoparts.com\/de\/urun\/toyota-forklift-finger\/","title":{"rendered":"Toyota Forklift Finger"},"content":{"rendered":"<p>Toyota Forklift Finger<\/p>\n","protected":false},"excerpt":{"rendered":"<p data-start=\"1136\" data-end=\"1408\"><strong data-start=\"1136\" data-end=\"1166\">Toyota Gabelstapler Finger<\/strong> ist ein wichtiges Ersatzteil f\u00fcr Lenk- und Steuersysteme von Gabelstaplern. Es \u00fcbertr\u00e4gt hydraulische und elektronische Steuerbewegungen pr\u00e4zise und schnell. Dank seiner robusten Konstruktion passt es perfekt zu Toyota Gabelstapler-Modellen.<\/p>\n<p data-start=\"1410\" data-end=\"1430\"><strong data-start=\"1410\" data-end=\"1428\">Eigenschaften:<\/strong><\/p>\n<ul data-start=\"1431\" data-end=\"1586\">\n<li data-start=\"1431\" data-end=\"1498\">\n<p data-start=\"1433\" data-end=\"1498\"><strong data-start=\"1433\" data-end=\"1447\">Anwendung:<\/strong> Lenk- und Steuersysteme von Toyota Gabelstaplern<\/p>\n<\/li>\n<li data-start=\"1499\" data-end=\"1560\">\n<p data-start=\"1501\" data-end=\"1560\"><strong data-start=\"1501\" data-end=\"1514\">Material:<\/strong> Hochfeste Metall- und Kunststoffkomponenten<\/p>\n<\/li>\n<li data-start=\"1561\" data-end=\"1586\">\n<p data-start=\"1563\" data-end=\"1586\"><strong data-start=\"1563\" data-end=\"1586\">Original Ersatzteil<\/strong><\/p>\n<\/li>\n<\/ul>\n","protected":false},"featured_media":17105,"template":"","meta":[],"product_brand":[],"product_cat":[469,521,530],"product_tag":[],"class_list":{"0":"post-17100","1":"product","2":"type-product","3":"status-publish","4":"has-post-thumbnail","6":"product_cat-elektrik-ve-sistem-parcalari","7":"product_cat-toyota","8":"product_cat-yedek-parca-toyota","10":"first","11":"instock","12":"taxable","13":"shipping-taxable","14":"purchasable","15":"product-type-simple"},"_links":{"self":[{"href":"https:\/\/ceoparts.com\/de\/wp-json\/wp\/v2\/product\/17100","targetHints":{"allow":["GET"]}}],"collection":[{"href":"https:\/\/ceoparts.com\/de\/wp-json\/wp\/v2\/product"}],"about":[{"href":"https:\/\/ceoparts.com\/de\/wp-json\/wp\/v2\/types\/product"}],"wp:featuredmedia":[{"embeddable":true,"href":"https:\/\/ceoparts.com\/de\/wp-json\/wp\/v2\/media\/17105"}],"wp:attachment":[{"href":"https:\/\/ceoparts.com\/de\/wp-json\/wp\/v2\/media?parent=17100"}],"wp:term":[{"taxonomy":"product_brand","embeddable":true,"href":"https:\/\/ceoparts.com\/de\/wp-json\/wp\/v2\/product_brand?post=17100"},{"taxonomy":"product_cat","embeddable":true,"href":"https:\/\/ceoparts.com\/de\/wp-json\/wp\/v2\/product_cat?post=17100"},{"taxonomy":"product_tag","embeddable":true,"href":"https:\/\/ceoparts.com\/de\/wp-json\/wp\/v2\/product_tag?post=17100"}],"curies":[{"name":"wp","href":"https:\/\/api.w.org\/{rel}","templated":true}]}}