{"id":17106,"date":"2025-05-22T14:18:39","date_gmt":"2025-05-22T11:18:39","guid":{"rendered":"https:\/\/ceoparts.com\/?post_type=product&#038;p=17106"},"modified":"2026-05-16T16:18:16","modified_gmt":"2026-05-16T13:18:16","slug":"310x102-40-wicke-vulkollan-yuk-tekeri-8365302","status":"publish","type":"product","link":"https:\/\/ceoparts.com\/de\/urun\/310x102-40-wicke-vulkollan-yuk-tekeri-8365302\/","title":{"rendered":"310&#215;102-40 Wicke Vulkollan Lastrolle \u2013 8365302"},"content":{"rendered":"<p>310&#215;102-40 Wicke Vulkollan Lastrolle \u2013 8365302<\/p>","protected":false},"excerpt":{"rendered":"<p data-start=\"1272\" data-end=\"1590\"><strong data-start=\"1272\" data-end=\"1322\">310&#215;102-40 Wicke Vulkollan Lastenrad \u2013 8365302<\/strong> ist ein hochbelastbares Lastenrad f\u00fcr Gabelstapler und Hubwagen. Die Vulkollan-Beschichtung bietet maximale Widerstandsf\u00e4higkeit gegen Abrieb, St\u00f6\u00dfe und schwere Lasten. Bodenschonend und langlebig, sorgt es f\u00fcr einen reibungslosen Betrieb ohne Spuren zu hinterlassen.<\/p>\n<p data-start=\"1592\" data-end=\"1612\"><strong data-start=\"1592\" data-end=\"1610\">Eigenschaften:<\/strong><\/p>\n<ul data-start=\"1613\" data-end=\"1783\">\n<li data-start=\"1613\" data-end=\"1643\">\n<p data-start=\"1615\" data-end=\"1643\"><strong data-start=\"1615\" data-end=\"1633\">Artikelnummer:<\/strong> 8365302<\/p>\n<\/li>\n<li data-start=\"1644\" data-end=\"1672\">\n<p data-start=\"1646\" data-end=\"1672\"><strong data-start=\"1646\" data-end=\"1656\">Gr\u00f6\u00dfe:<\/strong> 310&#215;102-40 mm<\/p>\n<\/li>\n<li data-start=\"1673\" data-end=\"1700\">\n<p data-start=\"1675\" data-end=\"1700\"><strong data-start=\"1675\" data-end=\"1688\">Material:<\/strong> Vulkollan<\/p>\n<\/li>\n<li data-start=\"1701\" data-end=\"1745\">\n<p data-start=\"1703\" data-end=\"1745\"><strong data-start=\"1703\" data-end=\"1717\">Anwendung:<\/strong> Gabelstapler und Hubwagen<\/p>\n<\/li>\n<li data-start=\"1746\" data-end=\"1783\">\n<p data-start=\"1748\" data-end=\"1783\"><strong data-start=\"1748\" data-end=\"1783\">Abrieb- und belastungsbest\u00e4ndig<\/strong><\/p>\n<\/li>\n<\/ul>\n<p>FM<\/p>\n<p>FM I<\/p>\n","protected":false},"featured_media":17111,"template":"","meta":[],"product_brand":[],"product_cat":[405,194],"product_tag":[],"class_list":{"0":"post-17106","1":"product","2":"type-product","3":"status-publish","4":"has-post-thumbnail","6":"product_cat-yuk-tekeri-wicke","7":"product_cat-yuk-tekeri","9":"first","10":"instock","11":"taxable","12":"shipping-taxable","13":"purchasable","14":"product-type-simple"},"_links":{"self":[{"href":"https:\/\/ceoparts.com\/de\/wp-json\/wp\/v2\/product\/17106","targetHints":{"allow":["GET"]}}],"collection":[{"href":"https:\/\/ceoparts.com\/de\/wp-json\/wp\/v2\/product"}],"about":[{"href":"https:\/\/ceoparts.com\/de\/wp-json\/wp\/v2\/types\/product"}],"wp:featuredmedia":[{"embeddable":true,"href":"https:\/\/ceoparts.com\/de\/wp-json\/wp\/v2\/media\/17111"}],"wp:attachment":[{"href":"https:\/\/ceoparts.com\/de\/wp-json\/wp\/v2\/media?parent=17106"}],"wp:term":[{"taxonomy":"product_brand","embeddable":true,"href":"https:\/\/ceoparts.com\/de\/wp-json\/wp\/v2\/product_brand?post=17106"},{"taxonomy":"product_cat","embeddable":true,"href":"https:\/\/ceoparts.com\/de\/wp-json\/wp\/v2\/product_cat?post=17106"},{"taxonomy":"product_tag","embeddable":true,"href":"https:\/\/ceoparts.com\/de\/wp-json\/wp\/v2\/product_tag?post=17106"}],"curies":[{"name":"wp","href":"https:\/\/api.w.org\/{rel}","templated":true}]}}