{"id":17112,"date":"2025-05-22T15:11:29","date_gmt":"2025-05-22T12:11:29","guid":{"rendered":"https:\/\/ceoparts.com\/?post_type=product&#038;p=17112"},"modified":"2026-05-16T15:13:47","modified_gmt":"2026-05-16T12:13:47","slug":"linde-mt15-yuruyus-tekeri-0009934025","status":"publish","type":"product","link":"https:\/\/ceoparts.com\/de\/urun\/linde-mt15-yuruyus-tekeri-0009934025\/","title":{"rendered":"Linde MT15 Antriebsrad \u2013 0009934025"},"content":{"rendered":"<p>Linde MT15 Antriebsrad \u2013 0009934025<\/p>","protected":false},"excerpt":{"rendered":"<p data-start=\"1221\" data-end=\"1488\"><strong data-start=\"1221\" data-end=\"1260\">Linde MT15 Antriebsrad \u2013 0009934025<\/strong> ist das Original-Antriebsrad f\u00fcr Linde MT15 Elektrohubwagen. Die verschlei\u00dffeste Konstruktion und das hochwertige Material sorgen f\u00fcr eine lange Lebensdauer. Es bietet perfekten Bodenkontakt, hohe Tragf\u00e4higkeit und leisen Lauf.<\/p>\n<p data-start=\"1490\" data-end=\"1510\"><strong data-start=\"1490\" data-end=\"1508\">Eigenschaften:<\/strong><\/p>\n<ul data-start=\"1511\" data-end=\"1674\">\n<li data-start=\"1511\" data-end=\"1544\">\n<p data-start=\"1513\" data-end=\"1544\"><strong data-start=\"1513\" data-end=\"1531\">Artikelnummer:<\/strong> 0009934025<\/p>\n<\/li>\n<li data-start=\"1545\" data-end=\"1595\">\n<p data-start=\"1547\" data-end=\"1595\"><strong data-start=\"1547\" data-end=\"1561\">Anwendung:<\/strong> Linde MT15 Hubwagen Antriebsrad<\/p>\n<\/li>\n<li data-start=\"1596\" data-end=\"1642\">\n<p data-start=\"1598\" data-end=\"1642\"><strong data-start=\"1598\" data-end=\"1611\">Material:<\/strong> Verschlei\u00dffestes Polyurethan<\/p>\n<\/li>\n<li data-start=\"1643\" data-end=\"1674\">\n<p data-start=\"1645\" data-end=\"1674\"><strong data-start=\"1645\" data-end=\"1674\">Langlebig und ger\u00e4uscharm<\/strong><\/p>\n<\/li>\n<\/ul>\n","protected":false},"featured_media":17117,"template":"","meta":[],"product_brand":[],"product_cat":[246,249,193],"product_tag":[],"class_list":{"0":"post-17112","1":"product","2":"type-product","3":"status-publish","4":"has-post-thumbnail","6":"product_cat-linde","7":"product_cat-yuruyus-tekeri-linde","8":"product_cat-yuruyus-tekeri","10":"first","11":"instock","12":"taxable","13":"shipping-taxable","14":"purchasable","15":"product-type-simple"},"_links":{"self":[{"href":"https:\/\/ceoparts.com\/de\/wp-json\/wp\/v2\/product\/17112","targetHints":{"allow":["GET"]}}],"collection":[{"href":"https:\/\/ceoparts.com\/de\/wp-json\/wp\/v2\/product"}],"about":[{"href":"https:\/\/ceoparts.com\/de\/wp-json\/wp\/v2\/types\/product"}],"wp:featuredmedia":[{"embeddable":true,"href":"https:\/\/ceoparts.com\/de\/wp-json\/wp\/v2\/media\/17117"}],"wp:attachment":[{"href":"https:\/\/ceoparts.com\/de\/wp-json\/wp\/v2\/media?parent=17112"}],"wp:term":[{"taxonomy":"product_brand","embeddable":true,"href":"https:\/\/ceoparts.com\/de\/wp-json\/wp\/v2\/product_brand?post=17112"},{"taxonomy":"product_cat","embeddable":true,"href":"https:\/\/ceoparts.com\/de\/wp-json\/wp\/v2\/product_cat?post=17112"},{"taxonomy":"product_tag","embeddable":true,"href":"https:\/\/ceoparts.com\/de\/wp-json\/wp\/v2\/product_tag?post=17112"}],"curies":[{"name":"wp","href":"https:\/\/api.w.org\/{rel}","templated":true}]}}