{"id":17131,"date":"2025-05-22T17:20:25","date_gmt":"2025-05-22T14:20:25","guid":{"rendered":"https:\/\/ceoparts.com\/?post_type=product&#038;p=17131"},"modified":"2026-05-16T14:53:18","modified_gmt":"2026-05-16T11:53:18","slug":"albright-kontaktor-ed125a-27-48v","status":"publish","type":"product","link":"https:\/\/ceoparts.com\/de\/urun\/albright-kontaktor-ed125a-27-48v\/","title":{"rendered":"ALBRIGHT Not-Aus-Sch\u00fctz \u2013 ED125A-27 48V"},"content":{"rendered":"<p>ALBRIGHT Not-Aus-Sch\u00fctz \u2013 ED125A-27 48V<\/p>","protected":false},"excerpt":{"rendered":"<p data-start=\"1473\" data-end=\"1805\"><strong data-start=\"1473\" data-end=\"1516\">ALBRIGHT Not-Aus Sch\u00fctz \u2013 ED125A-27 48V<\/strong> ist ein sicherheitsrelevantes Not-Aus-Sch\u00fctz f\u00fcr industrielle Anlagen, Gabelstapler und Elektrofahrzeuge. Mit 48V Betriebsspannung und 125A Stromst\u00e4rke trennt es im Notfall den Stromkreis schnell und zuverl\u00e4ssig und sch\u00fctzt Bediener und System. Ein Original-Ersatzteil der Marke Albright.<\/p>\n<p data-start=\"1807\" data-end=\"1827\"><strong data-start=\"1807\" data-end=\"1825\">Eigenschaften:<\/strong><\/p>\n<ul data-start=\"1828\" data-end=\"2047\">\n<li data-start=\"1828\" data-end=\"1860\">\n<p data-start=\"1830\" data-end=\"1860\"><strong data-start=\"1830\" data-end=\"1848\">Artikelnummer:<\/strong> ED125A-27<\/p>\n<\/li>\n<li data-start=\"1861\" data-end=\"1890\">\n<p data-start=\"1863\" data-end=\"1890\"><strong data-start=\"1863\" data-end=\"1884\">Betriebsspannung:<\/strong> 48V<\/p>\n<\/li>\n<li data-start=\"1891\" data-end=\"1916\">\n<p data-start=\"1893\" data-end=\"1916\"><strong data-start=\"1893\" data-end=\"1909\">Stromst\u00e4rke:<\/strong> 125A<\/p>\n<\/li>\n<li data-start=\"1917\" data-end=\"2001\">\n<p data-start=\"1919\" data-end=\"2001\"><strong data-start=\"1919\" data-end=\"1938\">Einsatzbereich:<\/strong> Gabelstapler, Hubwagen, Elektrofahrzeuge, Industriemaschinen<\/p>\n<\/li>\n<li data-start=\"2002\" data-end=\"2047\">\n<p data-start=\"2004\" data-end=\"2047\"><strong data-start=\"2004\" data-end=\"2047\">Hohe Sicherheit und langlebige Bauweise<\/strong><\/p>\n<\/li>\n<\/ul>\n","protected":false},"featured_media":17135,"template":"","meta":[],"product_brand":[],"product_cat":[469],"product_tag":[],"class_list":{"0":"post-17131","1":"product","2":"type-product","3":"status-publish","4":"has-post-thumbnail","6":"product_cat-elektrik-ve-sistem-parcalari","8":"first","9":"instock","10":"taxable","11":"shipping-taxable","12":"purchasable","13":"product-type-simple"},"_links":{"self":[{"href":"https:\/\/ceoparts.com\/de\/wp-json\/wp\/v2\/product\/17131","targetHints":{"allow":["GET"]}}],"collection":[{"href":"https:\/\/ceoparts.com\/de\/wp-json\/wp\/v2\/product"}],"about":[{"href":"https:\/\/ceoparts.com\/de\/wp-json\/wp\/v2\/types\/product"}],"wp:featuredmedia":[{"embeddable":true,"href":"https:\/\/ceoparts.com\/de\/wp-json\/wp\/v2\/media\/17135"}],"wp:attachment":[{"href":"https:\/\/ceoparts.com\/de\/wp-json\/wp\/v2\/media?parent=17131"}],"wp:term":[{"taxonomy":"product_brand","embeddable":true,"href":"https:\/\/ceoparts.com\/de\/wp-json\/wp\/v2\/product_brand?post=17131"},{"taxonomy":"product_cat","embeddable":true,"href":"https:\/\/ceoparts.com\/de\/wp-json\/wp\/v2\/product_cat?post=17131"},{"taxonomy":"product_tag","embeddable":true,"href":"https:\/\/ceoparts.com\/de\/wp-json\/wp\/v2\/product_tag?post=17131"}],"curies":[{"name":"wp","href":"https:\/\/api.w.org\/{rel}","templated":true}]}}