{"id":17136,"date":"2025-05-22T17:50:41","date_gmt":"2025-05-22T14:50:41","guid":{"rendered":"https:\/\/ceoparts.com\/?post_type=product&#038;p=17136"},"modified":"2026-05-16T21:00:38","modified_gmt":"2026-05-16T18:00:38","slug":"bt-lpe-gri-buton-171666","status":"publish","type":"product","link":"https:\/\/ceoparts.com\/de\/urun\/bt-lpe-gri-buton-171666\/","title":{"rendered":"BT-LPE Senk \/ Hebetaste &#8211; 171666"},"content":{"rendered":"<p>BT-LPE Senk \/ Hebetaste &#8211; 171666<\/p>","protected":false},"excerpt":{"rendered":"<p data-start=\"1678\" data-end=\"2055\">Der <strong data-start=\"1682\" data-end=\"1714\">BT-LPE Hub-\/Senkknopf 171666<\/strong> ist ein Bedienelement f\u00fcr Elektro-Hubwagen und Lagertechnikger\u00e4te zur Steuerung der Hub- und Senkbewegungen der Gabeln. Er erm\u00f6glicht dem Bediener eine pr\u00e4zise und sichere Steuerung des Hydrauliksystems. Dank seines ergonomischen Designs bietet er hohen Bedienkomfort und eine zuverl\u00e4ssige Funktion auch unter intensiven Einsatzbedingungen.<\/p>\n<p data-start=\"2057\" data-end=\"2293\"><strong data-start=\"2057\" data-end=\"2075\">Eigenschaften:<\/strong><br data-start=\"2075\" data-end=\"2078\" \/>Produktname: BT-LPE Hub-\/Senkknopf<br data-start=\"2112\" data-end=\"2115\" \/>Teilenummer: 171666<br data-start=\"2134\" data-end=\"2137\" \/>Typ: Hub- und Senksteuerung<br data-start=\"2164\" data-end=\"2167\" \/>Anwendung: Steuerungssysteme f\u00fcr Elektro-Hubwagen<br data-start=\"2216\" data-end=\"2219\" \/>Vorteil: Pr\u00e4zise Steuerung, ergonomische Bedienung und lange Lebensdauer<\/p>\n","protected":false},"featured_media":17141,"template":"","meta":[],"product_brand":[],"product_cat":[251,454,518,521,530],"product_tag":[],"class_list":{"0":"post-17136","1":"product","2":"type-product","3":"status-publish","4":"has-post-thumbnail","6":"product_cat-bt","7":"product_cat-switch-ve-buton","8":"product_cat-yedek-parca-bt","9":"product_cat-toyota","10":"product_cat-yedek-parca-toyota","12":"first","13":"instock","14":"taxable","15":"shipping-taxable","16":"purchasable","17":"product-type-simple"},"_links":{"self":[{"href":"https:\/\/ceoparts.com\/de\/wp-json\/wp\/v2\/product\/17136","targetHints":{"allow":["GET"]}}],"collection":[{"href":"https:\/\/ceoparts.com\/de\/wp-json\/wp\/v2\/product"}],"about":[{"href":"https:\/\/ceoparts.com\/de\/wp-json\/wp\/v2\/types\/product"}],"wp:featuredmedia":[{"embeddable":true,"href":"https:\/\/ceoparts.com\/de\/wp-json\/wp\/v2\/media\/17141"}],"wp:attachment":[{"href":"https:\/\/ceoparts.com\/de\/wp-json\/wp\/v2\/media?parent=17136"}],"wp:term":[{"taxonomy":"product_brand","embeddable":true,"href":"https:\/\/ceoparts.com\/de\/wp-json\/wp\/v2\/product_brand?post=17136"},{"taxonomy":"product_cat","embeddable":true,"href":"https:\/\/ceoparts.com\/de\/wp-json\/wp\/v2\/product_cat?post=17136"},{"taxonomy":"product_tag","embeddable":true,"href":"https:\/\/ceoparts.com\/de\/wp-json\/wp\/v2\/product_tag?post=17136"}],"curies":[{"name":"wp","href":"https:\/\/api.w.org\/{rel}","templated":true}]}}