{"id":17155,"date":"2025-05-23T13:08:35","date_gmt":"2025-05-23T10:08:35","guid":{"rendered":"https:\/\/ceoparts.com\/?post_type=product&#038;p=17155"},"modified":"2026-05-16T10:41:06","modified_gmt":"2026-05-16T07:41:06","slug":"fren-manyetigi-t20-ap-3005047001","status":"publish","type":"product","link":"https:\/\/ceoparts.com\/de\/urun\/fren-manyetigi-t20-ap-3005047001\/","title":{"rendered":"Bremsmagnet T20 AP \u2013 3005047001"},"content":{"rendered":"<p>Bremsmagnet T20 AP \u2013 3005047001<\/p>","protected":false},"excerpt":{"rendered":"<p data-start=\"1434\" data-end=\"1747\">Erleben Sie h\u00f6chste Bremsleistung mit dem T20 AP Bremsmagneten! Dank seiner starken Magnetkraft und langlebigen Konstruktion erh\u00f6ht er die Effizienz und Sicherheit Ihres Bremssystems. Ideal f\u00fcr den Einsatz in Industrie- und Nutzfahrzeugen \u2013 einfach zu montieren und \u00e4u\u00dferst zuverl\u00e4ssig.<\/p>\n<p data-start=\"1749\" data-end=\"1769\"><strong data-start=\"1749\" data-end=\"1767\">Hauptmerkmale:<\/strong><\/p>\n<ul data-start=\"1770\" data-end=\"1913\">\n<li data-start=\"1770\" data-end=\"1793\">\n<p data-start=\"1772\" data-end=\"1793\">Hohe Magnetzugkraft<\/p>\n<\/li>\n<li data-start=\"1794\" data-end=\"1829\">\n<p data-start=\"1796\" data-end=\"1829\">Robuste und langlebige Bauweise<\/p>\n<\/li>\n<li data-start=\"1830\" data-end=\"1850\">\n<p data-start=\"1832\" data-end=\"1850\">Einfache Montage<\/p>\n<\/li>\n<li data-start=\"1851\" data-end=\"1876\">\n<p data-start=\"1853\" data-end=\"1876\">Langfristige Leistung<\/p>\n<\/li>\n<li data-start=\"1877\" data-end=\"1913\">\n<p data-start=\"1879\" data-end=\"1913\">Original Produktcode: 3005047001<\/p>\n<\/li>\n<\/ul>\n","protected":false},"featured_media":17159,"template":"","meta":[],"product_brand":[],"product_cat":[449],"product_tag":[],"class_list":{"0":"post-17155","1":"product","2":"type-product","3":"status-publish","4":"has-post-thumbnail","6":"product_cat-fren-sistem-parcalari","8":"first","9":"instock","10":"taxable","11":"shipping-taxable","12":"purchasable","13":"product-type-simple"},"_links":{"self":[{"href":"https:\/\/ceoparts.com\/de\/wp-json\/wp\/v2\/product\/17155","targetHints":{"allow":["GET"]}}],"collection":[{"href":"https:\/\/ceoparts.com\/de\/wp-json\/wp\/v2\/product"}],"about":[{"href":"https:\/\/ceoparts.com\/de\/wp-json\/wp\/v2\/types\/product"}],"wp:featuredmedia":[{"embeddable":true,"href":"https:\/\/ceoparts.com\/de\/wp-json\/wp\/v2\/media\/17159"}],"wp:attachment":[{"href":"https:\/\/ceoparts.com\/de\/wp-json\/wp\/v2\/media?parent=17155"}],"wp:term":[{"taxonomy":"product_brand","embeddable":true,"href":"https:\/\/ceoparts.com\/de\/wp-json\/wp\/v2\/product_brand?post=17155"},{"taxonomy":"product_cat","embeddable":true,"href":"https:\/\/ceoparts.com\/de\/wp-json\/wp\/v2\/product_cat?post=17155"},{"taxonomy":"product_tag","embeddable":true,"href":"https:\/\/ceoparts.com\/de\/wp-json\/wp\/v2\/product_tag?post=17155"}],"curies":[{"name":"wp","href":"https:\/\/api.w.org\/{rel}","templated":true}]}}