{"id":17173,"date":"2025-05-23T14:29:04","date_gmt":"2025-05-23T11:29:04","guid":{"rendered":"https:\/\/ceoparts.com\/?post_type=product&#038;p=17173"},"modified":"2026-05-16T19:55:01","modified_gmt":"2026-05-16T16:55:01","slug":"bt-indirme-sembolu-171585-003","status":"publish","type":"product","link":"https:\/\/ceoparts.com\/de\/urun\/bt-indirme-sembolu-171585-003\/","title":{"rendered":"BT Absenksymbol \u2013 171585-003"},"content":{"rendered":"<p>BT Absenksymbol \u2013 171585-003<\/p>","protected":false},"excerpt":{"rendered":"<p data-start=\"1445\" data-end=\"1804\"><strong data-start=\"1445\" data-end=\"1477\">BT Absenksymbol \u2013 171585-003<\/strong> ist ein hochwertiges Warnsymbol, das auf Gabelstaplern und anderen Hebeger\u00e4ten verwendet wird, um w\u00e4hrend des Absenkvorgangs von Lasten die Arbeitssicherheit zu gew\u00e4hrleisten und den Bediener zu informieren. Das robuste Material sorgt f\u00fcr eine lange Lebensdauer. Ideal, um Ordnung und Sicherheit am Arbeitsplatz zu verbessern.<\/p>\n<p data-start=\"1806\" data-end=\"1824\"><strong data-start=\"1806\" data-end=\"1824\">Eigenschaften:<\/strong><\/p>\n<ul data-start=\"1825\" data-end=\"2063\">\n<li data-start=\"1825\" data-end=\"1858\">\n<p data-start=\"1827\" data-end=\"1858\"><strong data-start=\"1827\" data-end=\"1845\">Artikelnummer:<\/strong> 171585-003<\/p>\n<\/li>\n<li data-start=\"1859\" data-end=\"1908\">\n<p data-start=\"1861\" data-end=\"1908\"><strong data-start=\"1861\" data-end=\"1874\">Material:<\/strong> Robuster Kunststoff oder Metall<\/p>\n<\/li>\n<li data-start=\"1909\" data-end=\"1961\">\n<p data-start=\"1911\" data-end=\"1961\"><strong data-start=\"1911\" data-end=\"1930\">Einsatzbereich:<\/strong> Gabelstapler und Hebesysteme<\/p>\n<\/li>\n<li data-start=\"1962\" data-end=\"2020\">\n<p data-start=\"1964\" data-end=\"2020\"><strong data-start=\"1964\" data-end=\"1987\">Kompatible Modelle:<\/strong> Bestimmte BT-kompatible Ger\u00e4te<\/p>\n<\/li>\n<li data-start=\"2021\" data-end=\"2063\">\n<p data-start=\"2023\" data-end=\"2063\"><strong data-start=\"2023\" data-end=\"2063\">Einfache Montage &amp; Lange Lebensdauer<\/strong><\/p>\n<\/li>\n<\/ul>\n","protected":false},"featured_media":17175,"template":"","meta":[],"product_brand":[],"product_cat":[251,454,518],"product_tag":[],"class_list":{"0":"post-17173","1":"product","2":"type-product","3":"status-publish","4":"has-post-thumbnail","6":"product_cat-bt","7":"product_cat-switch-ve-buton","8":"product_cat-yedek-parca-bt","10":"first","11":"instock","12":"taxable","13":"shipping-taxable","14":"purchasable","15":"product-type-simple"},"_links":{"self":[{"href":"https:\/\/ceoparts.com\/de\/wp-json\/wp\/v2\/product\/17173","targetHints":{"allow":["GET"]}}],"collection":[{"href":"https:\/\/ceoparts.com\/de\/wp-json\/wp\/v2\/product"}],"about":[{"href":"https:\/\/ceoparts.com\/de\/wp-json\/wp\/v2\/types\/product"}],"wp:featuredmedia":[{"embeddable":true,"href":"https:\/\/ceoparts.com\/de\/wp-json\/wp\/v2\/media\/17175"}],"wp:attachment":[{"href":"https:\/\/ceoparts.com\/de\/wp-json\/wp\/v2\/media?parent=17173"}],"wp:term":[{"taxonomy":"product_brand","embeddable":true,"href":"https:\/\/ceoparts.com\/de\/wp-json\/wp\/v2\/product_brand?post=17173"},{"taxonomy":"product_cat","embeddable":true,"href":"https:\/\/ceoparts.com\/de\/wp-json\/wp\/v2\/product_cat?post=17173"},{"taxonomy":"product_tag","embeddable":true,"href":"https:\/\/ceoparts.com\/de\/wp-json\/wp\/v2\/product_tag?post=17173"}],"curies":[{"name":"wp","href":"https:\/\/api.w.org\/{rel}","templated":true}]}}