{"id":17176,"date":"2025-05-23T14:38:04","date_gmt":"2025-05-23T11:38:04","guid":{"rendered":"https:\/\/ceoparts.com\/?post_type=product&#038;p=17176"},"modified":"2026-05-17T08:17:31","modified_gmt":"2026-05-17T05:17:31","slug":"bt-kaldirma-sembolu-171585-004","status":"publish","type":"product","link":"https:\/\/ceoparts.com\/de\/urun\/bt-kaldirma-sembolu-171585-004\/","title":{"rendered":"BT Hubsymbol \u2013 171585-004"},"content":{"rendered":"<p>BT Hubsymbol \u2013 171585-004<\/p>","protected":false},"excerpt":{"rendered":"<p data-start=\"1419\" data-end=\"1729\"><strong data-start=\"1419\" data-end=\"1449\">BT Hebesymbol \u2013 171585-004<\/strong> ist ein hochwertiges Warnsymbol, das auf Gabelstaplern und anderen Hebeger\u00e4ten verwendet wird, um die Arbeitssicherheit zu erh\u00f6hen und Bediener zu informieren. Dank seines robusten Materials bietet es eine lange Lebensdauer und sorgt f\u00fcr Ordnung und Sicherheit im Arbeitsbereich.<\/p>\n<p data-start=\"1731\" data-end=\"1749\"><strong data-start=\"1731\" data-end=\"1749\">Eigenschaften:<\/strong><\/p>\n<ul data-start=\"1750\" data-end=\"1988\">\n<li data-start=\"1750\" data-end=\"1783\">\n<p data-start=\"1752\" data-end=\"1783\"><strong data-start=\"1752\" data-end=\"1770\">Artikelnummer:<\/strong> 171585-004<\/p>\n<\/li>\n<li data-start=\"1784\" data-end=\"1833\">\n<p data-start=\"1786\" data-end=\"1833\"><strong data-start=\"1786\" data-end=\"1799\">Material:<\/strong> Robuster Kunststoff oder Metall<\/p>\n<\/li>\n<li data-start=\"1834\" data-end=\"1886\">\n<p data-start=\"1836\" data-end=\"1886\"><strong data-start=\"1836\" data-end=\"1855\">Einsatzbereich:<\/strong> Gabelstapler und Hebesysteme<\/p>\n<\/li>\n<li data-start=\"1887\" data-end=\"1945\">\n<p data-start=\"1889\" data-end=\"1945\"><strong data-start=\"1889\" data-end=\"1912\">Kompatible Modelle:<\/strong> Bestimmte BT-kompatible Ger\u00e4te<\/p>\n<\/li>\n<li data-start=\"1946\" data-end=\"1988\">\n<p data-start=\"1948\" data-end=\"1988\"><strong data-start=\"1948\" data-end=\"1988\">Einfache Montage &amp; Lange Lebensdauer<\/strong><\/p>\n<\/li>\n<\/ul>\n","protected":false},"featured_media":17179,"template":"","meta":[],"product_brand":[],"product_cat":[251,454,518],"product_tag":[],"class_list":{"0":"post-17176","1":"product","2":"type-product","3":"status-publish","4":"has-post-thumbnail","6":"product_cat-bt","7":"product_cat-switch-ve-buton","8":"product_cat-yedek-parca-bt","10":"first","11":"instock","12":"taxable","13":"shipping-taxable","14":"purchasable","15":"product-type-simple"},"_links":{"self":[{"href":"https:\/\/ceoparts.com\/de\/wp-json\/wp\/v2\/product\/17176","targetHints":{"allow":["GET"]}}],"collection":[{"href":"https:\/\/ceoparts.com\/de\/wp-json\/wp\/v2\/product"}],"about":[{"href":"https:\/\/ceoparts.com\/de\/wp-json\/wp\/v2\/types\/product"}],"wp:featuredmedia":[{"embeddable":true,"href":"https:\/\/ceoparts.com\/de\/wp-json\/wp\/v2\/media\/17179"}],"wp:attachment":[{"href":"https:\/\/ceoparts.com\/de\/wp-json\/wp\/v2\/media?parent=17176"}],"wp:term":[{"taxonomy":"product_brand","embeddable":true,"href":"https:\/\/ceoparts.com\/de\/wp-json\/wp\/v2\/product_brand?post=17176"},{"taxonomy":"product_cat","embeddable":true,"href":"https:\/\/ceoparts.com\/de\/wp-json\/wp\/v2\/product_cat?post=17176"},{"taxonomy":"product_tag","embeddable":true,"href":"https:\/\/ceoparts.com\/de\/wp-json\/wp\/v2\/product_tag?post=17176"}],"curies":[{"name":"wp","href":"https:\/\/api.w.org\/{rel}","templated":true}]}}