{"id":17234,"date":"2025-06-27T15:22:17","date_gmt":"2025-06-27T12:22:17","guid":{"rendered":"https:\/\/ceoparts.com\/?post_type=product&#038;p=17234"},"modified":"2026-05-16T10:58:38","modified_gmt":"2026-05-16T07:58:38","slug":"343x140-80-7b-stellana-vulkollan-havsali-yuruyus-tekeri-582029863","status":"publish","type":"product","link":"https:\/\/ceoparts.com\/de\/urun\/343x140-80-7b-stellana-vulkollan-havsali-yuruyus-tekeri-582029863\/","title":{"rendered":"343&#215;140-80 7B Stellana Vulkollan Versenktes Antriebsrad &#8211; 582029863"},"content":{"rendered":"<p>343&#215;140-80 7B Stellana Vulkollan Versenktes Antriebsrad &#8211; 582029863<\/p>\n<p>1643642 HYSTER Yale 582029863<\/p>\n<p>Yale : MR14 &#8211; MR16 &#8211; MR16HD &#8211; MR16N &#8211; MR20<br \/>\nMR20HD &#8211; MR25<br \/>\n(D849)<\/p>","protected":false},"excerpt":{"rendered":"<p data-start=\"1415\" data-end=\"1734\">343&#215;140-80 7B Stellana Vulkollan Senk-Loch Laufrolle besteht aus langlebigem, polyurethanbasiertem Vulkollan mit hoher Verschlei\u00dffestigkeit und ger\u00e4uscharmem Lauf. Die Senk-Loch Konstruktion erm\u00f6glicht kompatible Montage und sicheren Halt. Haupts\u00e4chlich als Laufrolle in Gabelstaplern und Industriefahrzeugen verwendet.<\/p>\n<p data-start=\"1736\" data-end=\"2051\"><strong data-start=\"1736\" data-end=\"1754\">Eigenschaften:<\/strong><br data-start=\"1754\" data-end=\"1757\" \/><strong data-start=\"1757\" data-end=\"1773\">Produktname:<\/strong> 343&#215;140-80 7B Stellana Vulkollan Senk-Loch Laufrolle<br data-start=\"1826\" data-end=\"1829\" \/><strong data-start=\"1829\" data-end=\"1845\">Teilenummer:<\/strong> 582029863<br data-start=\"1855\" data-end=\"1858\" \/><strong data-start=\"1858\" data-end=\"1871\">Material:<\/strong> Vulkollan (Polyurethan-basiert)<br data-start=\"1903\" data-end=\"1906\" \/><strong data-start=\"1906\" data-end=\"1925\">Einsatzbereich:<\/strong> Gabelstapler-Laufrolle, Industrie-Transportfahrzeuge<br data-start=\"1978\" data-end=\"1981\" \/><strong data-start=\"1981\" data-end=\"1993\">Vorteil:<\/strong> Hohe Haltbarkeit, ger\u00e4uscharmer Betrieb, einfache Montage<\/p>\n","protected":false},"featured_media":17239,"template":"","meta":[],"product_brand":[],"product_cat":[256,260,416,418,193],"product_tag":[],"class_list":{"0":"post-17234","1":"product","2":"type-product","3":"status-publish","4":"has-post-thumbnail","6":"product_cat-hyster","7":"product_cat-yuruyus-tekeri-hyster","8":"product_cat-stellana","9":"product_cat-yuruyus-tekeri-stellana","10":"product_cat-yuruyus-tekeri","12":"first","13":"instock","14":"taxable","15":"shipping-taxable","16":"purchasable","17":"product-type-simple"},"_links":{"self":[{"href":"https:\/\/ceoparts.com\/de\/wp-json\/wp\/v2\/product\/17234","targetHints":{"allow":["GET"]}}],"collection":[{"href":"https:\/\/ceoparts.com\/de\/wp-json\/wp\/v2\/product"}],"about":[{"href":"https:\/\/ceoparts.com\/de\/wp-json\/wp\/v2\/types\/product"}],"wp:featuredmedia":[{"embeddable":true,"href":"https:\/\/ceoparts.com\/de\/wp-json\/wp\/v2\/media\/17239"}],"wp:attachment":[{"href":"https:\/\/ceoparts.com\/de\/wp-json\/wp\/v2\/media?parent=17234"}],"wp:term":[{"taxonomy":"product_brand","embeddable":true,"href":"https:\/\/ceoparts.com\/de\/wp-json\/wp\/v2\/product_brand?post=17234"},{"taxonomy":"product_cat","embeddable":true,"href":"https:\/\/ceoparts.com\/de\/wp-json\/wp\/v2\/product_cat?post=17234"},{"taxonomy":"product_tag","embeddable":true,"href":"https:\/\/ceoparts.com\/de\/wp-json\/wp\/v2\/product_tag?post=17234"}],"curies":[{"name":"wp","href":"https:\/\/api.w.org\/{rel}","templated":true}]}}