{"id":17318,"date":"2025-06-28T11:56:03","date_gmt":"2025-06-28T08:56:03","guid":{"rendered":"https:\/\/ceoparts.com\/?post_type=product&#038;p=17318"},"modified":"2026-05-16T13:14:28","modified_gmt":"2026-05-16T10:14:28","slug":"albright-linde-kontaktor-sw80-1674-24v-11523608200","status":"publish","type":"product","link":"https:\/\/ceoparts.com\/de\/urun\/albright-linde-kontaktor-sw80-1674-24v-11523608200\/","title":{"rendered":"Albright Linde Sch\u00fctz SW80-1674 24V \u2013 11523608200"},"content":{"rendered":"<p>Albright Linde Sch\u00fctz SW80-1674 24V \u2013 11523608200<\/p>\n<p>Linde 11523608200<\/p>\n<p>&nbsp;<\/p>\n<table border=\"0\" width=\"191\" cellspacing=\"0\" cellpadding=\"0\">\n<colgroup>\n<col width=\"64\" \/>\n<col width=\"127\" \/><\/colgroup>\n<tbody>\n<tr>\n<td class=\"xl65\" width=\"64\" height=\"20\"><span style=\"font-family: Calibri\">1151<\/span><\/td>\n<td class=\"xl65\" width=\"127\"><span style=\"font-family: Calibri\">T16\/T16P\/T20\/T20P<\/span><\/td>\n<\/tr>\n<tr>\n<td class=\"xl65\" height=\"20\"><span style=\"font-family: Calibri\">1152<\/span><\/td>\n<td class=\"xl65\"><span style=\"font-family: Calibri\">T16\/T18\/T20\/T16L<\/span><\/td>\n<\/tr>\n<tr>\n<td class=\"xl65\" height=\"20\"><span style=\"font-family: Calibri\">1152<\/span><\/td>\n<td class=\"xl65\"><span style=\"font-family: Calibri\">T16\/T18\/T20\/T16L<\/span><\/td>\n<\/tr>\n<tr>\n<td class=\"xl65\" height=\"20\"><span style=\"font-family: Calibri\">1152<\/span><\/td>\n<td class=\"xl65\"><span style=\"font-family: Calibri\">T16\/T18\/T20\/T16L<\/span><\/td>\n<\/tr>\n<tr>\n<td class=\"xl65\" height=\"20\"><span style=\"font-family: Calibri\">1160<\/span><\/td>\n<td class=\"xl65\"><span style=\"font-family: Calibri\">D06\/D08<\/span><\/td>\n<\/tr>\n<\/tbody>\n<\/table>\n<p><\/p>","protected":false},"excerpt":{"rendered":"<p data-start=\"1323\" data-end=\"1557\">Albright Linde Sch\u00fctz SW80-1674 24V ist ein leistungsstarker DC-Sch\u00fctz, der in Gabelstaplern und Industriefahrzeugen eingesetzt wird. Er sorgt f\u00fcr zuverl\u00e4ssiges Schalten und hohe Lebensdauer. Besonders geeignet f\u00fcr Linde Gabelstapler.<\/p>\n<p data-start=\"1559\" data-end=\"1870\"><strong data-start=\"1559\" data-end=\"1577\">Eigenschaften:<\/strong><br data-start=\"1577\" data-end=\"1580\" \/><strong data-start=\"1580\" data-end=\"1596\">Produktname:<\/strong> Albright Linde Sch\u00fctz SW80-1674 24V<br data-start=\"1632\" data-end=\"1635\" \/><strong data-start=\"1635\" data-end=\"1651\">Teilenummer:<\/strong> 11523608200<br data-start=\"1663\" data-end=\"1666\" \/><strong data-start=\"1666\" data-end=\"1679\">Material:<\/strong> Hochfeste elektrische Kontakt- und Verbindungselemente<br data-start=\"1734\" data-end=\"1737\" \/><strong data-start=\"1737\" data-end=\"1756\">Einsatzbereich:<\/strong> Gabelstapler, Elektrofahrzeuge, Batteriesysteme<br data-start=\"1804\" data-end=\"1807\" \/><strong data-start=\"1807\" data-end=\"1819\">Vorteil:<\/strong> Lange Lebensdauer, hohe Leistung, einfache Montage<\/p>\n<p>&nbsp;<\/p>\n","protected":false},"featured_media":17319,"template":"","meta":[],"product_brand":[],"product_cat":[246,462,523],"product_tag":[],"class_list":{"0":"post-17318","1":"product","2":"type-product","3":"status-publish","4":"has-post-thumbnail","6":"product_cat-linde","7":"product_cat-kontaktorler","8":"product_cat-yedek-parca-linde","10":"first","11":"instock","12":"taxable","13":"shipping-taxable","14":"purchasable","15":"product-type-simple"},"_links":{"self":[{"href":"https:\/\/ceoparts.com\/de\/wp-json\/wp\/v2\/product\/17318","targetHints":{"allow":["GET"]}}],"collection":[{"href":"https:\/\/ceoparts.com\/de\/wp-json\/wp\/v2\/product"}],"about":[{"href":"https:\/\/ceoparts.com\/de\/wp-json\/wp\/v2\/types\/product"}],"wp:featuredmedia":[{"embeddable":true,"href":"https:\/\/ceoparts.com\/de\/wp-json\/wp\/v2\/media\/17319"}],"wp:attachment":[{"href":"https:\/\/ceoparts.com\/de\/wp-json\/wp\/v2\/media?parent=17318"}],"wp:term":[{"taxonomy":"product_brand","embeddable":true,"href":"https:\/\/ceoparts.com\/de\/wp-json\/wp\/v2\/product_brand?post=17318"},{"taxonomy":"product_cat","embeddable":true,"href":"https:\/\/ceoparts.com\/de\/wp-json\/wp\/v2\/product_cat?post=17318"},{"taxonomy":"product_tag","embeddable":true,"href":"https:\/\/ceoparts.com\/de\/wp-json\/wp\/v2\/product_tag?post=17318"}],"curies":[{"name":"wp","href":"https:\/\/api.w.org\/{rel}","templated":true}]}}