{"id":17325,"date":"2025-06-30T09:29:48","date_gmt":"2025-06-30T06:29:48","guid":{"rendered":"https:\/\/ceoparts.com\/?post_type=product&#038;p=17325"},"modified":"2026-05-16T11:58:32","modified_gmt":"2026-05-16T08:58:32","slug":"still-saft-0532327","status":"publish","type":"product","link":"https:\/\/ceoparts.com\/de\/urun\/still-saft-0532327\/","title":{"rendered":"Still Welle \u2013 0532327"},"content":{"rendered":"<p>Still Welle \u2013 0532327<\/p>","protected":false},"excerpt":{"rendered":"<p data-start=\"1163\" data-end=\"1494\">Diese Welle ist speziell f\u00fcr Still-Gabelstapler entwickelt und bietet eine hohe Haltbarkeit sowie eine lange Lebensdauer. Sie sorgt f\u00fcr einen reibungslosen Betrieb des Antriebsstrangs und verbessert die Leistung des Ger\u00e4ts. Als Originalersatzteil garantiert sie einen sicheren und effizienten Einsatz.<\/p>\n<p data-start=\"1496\" data-end=\"1516\"><strong data-start=\"1496\" data-end=\"1514\">Eigenschaften:<\/strong><\/p>\n<ul data-start=\"1517\" data-end=\"1632\">\n<li data-start=\"1517\" data-end=\"1541\">\n<p data-start=\"1519\" data-end=\"1541\">Teilenummer: 0532327<\/p>\n<\/li>\n<li data-start=\"1542\" data-end=\"1569\">\n<p data-start=\"1544\" data-end=\"1569\">Kompatible Marke: Still<\/p>\n<\/li>\n<li data-start=\"1570\" data-end=\"1592\">\n<p data-start=\"1572\" data-end=\"1592\">Hochwertiger Stahl<\/p>\n<\/li>\n<li data-start=\"1593\" data-end=\"1611\">\n<p data-start=\"1595\" data-end=\"1611\">Verschlei\u00dffest<\/p>\n<\/li>\n<li data-start=\"1612\" data-end=\"1632\">\n<p data-start=\"1614\" data-end=\"1632\">Einfache Montage<\/p>\n<\/li>\n<\/ul>\n","protected":false},"featured_media":17331,"template":"","meta":[],"product_brand":[],"product_cat":[241,470,524],"product_tag":[],"class_list":{"0":"post-17325","1":"product","2":"type-product","3":"status-publish","4":"has-post-thumbnail","6":"product_cat-still","7":"product_cat-diger-yedek-parcalar","8":"product_cat-yedek-parca-still","10":"first","11":"instock","12":"taxable","13":"shipping-taxable","14":"purchasable","15":"product-type-simple"},"_links":{"self":[{"href":"https:\/\/ceoparts.com\/de\/wp-json\/wp\/v2\/product\/17325","targetHints":{"allow":["GET"]}}],"collection":[{"href":"https:\/\/ceoparts.com\/de\/wp-json\/wp\/v2\/product"}],"about":[{"href":"https:\/\/ceoparts.com\/de\/wp-json\/wp\/v2\/types\/product"}],"wp:featuredmedia":[{"embeddable":true,"href":"https:\/\/ceoparts.com\/de\/wp-json\/wp\/v2\/media\/17331"}],"wp:attachment":[{"href":"https:\/\/ceoparts.com\/de\/wp-json\/wp\/v2\/media?parent=17325"}],"wp:term":[{"taxonomy":"product_brand","embeddable":true,"href":"https:\/\/ceoparts.com\/de\/wp-json\/wp\/v2\/product_brand?post=17325"},{"taxonomy":"product_cat","embeddable":true,"href":"https:\/\/ceoparts.com\/de\/wp-json\/wp\/v2\/product_cat?post=17325"},{"taxonomy":"product_tag","embeddable":true,"href":"https:\/\/ceoparts.com\/de\/wp-json\/wp\/v2\/product_tag?post=17325"}],"curies":[{"name":"wp","href":"https:\/\/api.w.org\/{rel}","templated":true}]}}