{"id":17332,"date":"2025-06-30T12:13:08","date_gmt":"2025-06-30T09:13:08","guid":{"rendered":"https:\/\/ceoparts.com\/?post_type=product&#038;p=17332"},"modified":"2026-05-16T15:04:34","modified_gmt":"2026-05-16T12:04:34","slug":"hyster-hidrolik-unite-4612314","status":"publish","type":"product","link":"https:\/\/ceoparts.com\/de\/urun\/hyster-hidrolik-unite-4612314\/","title":{"rendered":"Hyster Hydraulikeinheit \u2013 4612314"},"content":{"rendered":"<p>Hyster Hydraulikeinheit \u2013 4612314<\/p>","protected":false},"excerpt":{"rendered":"<p data-start=\"1141\" data-end=\"1445\">Diese Hydraulikeinheit wurde speziell f\u00fcr Hyster-Gabelstapler entwickelt und bietet eine starke und zuverl\u00e4ssige Leistung bei Hub- und Transportarbeiten. Ideal f\u00fcr den industriellen Einsatz. Als Originalteil sorgt sie f\u00fcr einen sicheren und st\u00f6rungsfreien Betrieb.<\/p>\n<p data-start=\"1447\" data-end=\"1467\"><strong data-start=\"1447\" data-end=\"1465\">Eigenschaften:<\/strong><\/p>\n<ul data-start=\"1468\" data-end=\"1592\">\n<li data-start=\"1468\" data-end=\"1492\">\n<p data-start=\"1470\" data-end=\"1492\">Teilenummer: 4612314<\/p>\n<\/li>\n<li data-start=\"1493\" data-end=\"1521\">\n<p data-start=\"1495\" data-end=\"1521\">Kompatible Marke: Hyster<\/p>\n<\/li>\n<li data-start=\"1522\" data-end=\"1544\">\n<p data-start=\"1524\" data-end=\"1544\">Hochdruckbest\u00e4ndig<\/p>\n<\/li>\n<li data-start=\"1545\" data-end=\"1571\">\n<p data-start=\"1547\" data-end=\"1571\">Robustes Metallgeh\u00e4use<\/p>\n<\/li>\n<li data-start=\"1572\" data-end=\"1592\">\n<p data-start=\"1574\" data-end=\"1592\">Einfache Montage<\/p>\n<\/li>\n<\/ul>\n","protected":false},"featured_media":17336,"template":"","meta":[],"product_brand":[],"product_cat":[256,461,520],"product_tag":[],"class_list":{"0":"post-17332","1":"product","2":"type-product","3":"status-publish","4":"has-post-thumbnail","6":"product_cat-hyster","7":"product_cat-hidrolik-sistemi","8":"product_cat-yedek-parca-hyster","10":"first","11":"instock","12":"taxable","13":"shipping-taxable","14":"purchasable","15":"product-type-simple"},"_links":{"self":[{"href":"https:\/\/ceoparts.com\/de\/wp-json\/wp\/v2\/product\/17332","targetHints":{"allow":["GET"]}}],"collection":[{"href":"https:\/\/ceoparts.com\/de\/wp-json\/wp\/v2\/product"}],"about":[{"href":"https:\/\/ceoparts.com\/de\/wp-json\/wp\/v2\/types\/product"}],"wp:featuredmedia":[{"embeddable":true,"href":"https:\/\/ceoparts.com\/de\/wp-json\/wp\/v2\/media\/17336"}],"wp:attachment":[{"href":"https:\/\/ceoparts.com\/de\/wp-json\/wp\/v2\/media?parent=17332"}],"wp:term":[{"taxonomy":"product_brand","embeddable":true,"href":"https:\/\/ceoparts.com\/de\/wp-json\/wp\/v2\/product_brand?post=17332"},{"taxonomy":"product_cat","embeddable":true,"href":"https:\/\/ceoparts.com\/de\/wp-json\/wp\/v2\/product_cat?post=17332"},{"taxonomy":"product_tag","embeddable":true,"href":"https:\/\/ceoparts.com\/de\/wp-json\/wp\/v2\/product_tag?post=17332"}],"curies":[{"name":"wp","href":"https:\/\/api.w.org\/{rel}","templated":true}]}}