{"id":17345,"date":"2025-07-02T13:11:45","date_gmt":"2025-07-02T10:11:45","guid":{"rendered":"https:\/\/ceoparts.com\/?post_type=product&#038;p=17345"},"modified":"2026-05-17T18:41:18","modified_gmt":"2026-05-17T15:41:18","slug":"hyster-sensor-8504858","status":"publish","type":"product","link":"https:\/\/ceoparts.com\/de\/urun\/hyster-sensor-8504858\/","title":{"rendered":"Hyster Sensor \u2013 8504858"},"content":{"rendered":"<p>Hyster Sensor \u2013 8504858<\/p>","protected":false},"excerpt":{"rendered":"<p data-start=\"1055\" data-end=\"1349\">Dieser Sensor wurde speziell f\u00fcr Hyster-Gabelstapler entwickelt, um Position, Geschwindigkeit oder andere Funktionen pr\u00e4zise zu erfassen. Ein unverzichtbares Bauteil f\u00fcr Fehlerdiagnose und Leistungs\u00fcberwachung. Als Originalteil besonders zuverl\u00e4ssig und langlebig.<\/p>\n<p data-start=\"1351\" data-end=\"1371\"><strong data-start=\"1351\" data-end=\"1369\">Eigenschaften:<\/strong><\/p>\n<ul data-start=\"1372\" data-end=\"1488\">\n<li data-start=\"1372\" data-end=\"1396\">\n<p data-start=\"1374\" data-end=\"1396\">Teilenummer: 8504858<\/p>\n<\/li>\n<li data-start=\"1397\" data-end=\"1425\">\n<p data-start=\"1399\" data-end=\"1425\">Kompatible Marke: Hyster<\/p>\n<\/li>\n<li data-start=\"1426\" data-end=\"1446\">\n<p data-start=\"1428\" data-end=\"1446\">Hohe Genauigkeit<\/p>\n<\/li>\n<li data-start=\"1447\" data-end=\"1467\">\n<p data-start=\"1449\" data-end=\"1467\">Robustes Geh\u00e4use<\/p>\n<\/li>\n<li data-start=\"1468\" data-end=\"1488\">\n<p data-start=\"1470\" data-end=\"1488\">Einfache Montage<\/p>\n<\/li>\n<\/ul>\n","protected":false},"featured_media":17346,"template":"","meta":[],"product_brand":[],"product_cat":[256,469,520],"product_tag":[],"class_list":{"0":"post-17345","1":"product","2":"type-product","3":"status-publish","4":"has-post-thumbnail","6":"product_cat-hyster","7":"product_cat-elektrik-ve-sistem-parcalari","8":"product_cat-yedek-parca-hyster","10":"first","11":"instock","12":"taxable","13":"shipping-taxable","14":"purchasable","15":"product-type-simple"},"_links":{"self":[{"href":"https:\/\/ceoparts.com\/de\/wp-json\/wp\/v2\/product\/17345","targetHints":{"allow":["GET"]}}],"collection":[{"href":"https:\/\/ceoparts.com\/de\/wp-json\/wp\/v2\/product"}],"about":[{"href":"https:\/\/ceoparts.com\/de\/wp-json\/wp\/v2\/types\/product"}],"wp:featuredmedia":[{"embeddable":true,"href":"https:\/\/ceoparts.com\/de\/wp-json\/wp\/v2\/media\/17346"}],"wp:attachment":[{"href":"https:\/\/ceoparts.com\/de\/wp-json\/wp\/v2\/media?parent=17345"}],"wp:term":[{"taxonomy":"product_brand","embeddable":true,"href":"https:\/\/ceoparts.com\/de\/wp-json\/wp\/v2\/product_brand?post=17345"},{"taxonomy":"product_cat","embeddable":true,"href":"https:\/\/ceoparts.com\/de\/wp-json\/wp\/v2\/product_cat?post=17345"},{"taxonomy":"product_tag","embeddable":true,"href":"https:\/\/ceoparts.com\/de\/wp-json\/wp\/v2\/product_tag?post=17345"}],"curies":[{"name":"wp","href":"https:\/\/api.w.org\/{rel}","templated":true}]}}