{"id":17376,"date":"2025-07-02T15:22:30","date_gmt":"2025-07-02T12:22:30","guid":{"rendered":"https:\/\/ceoparts.com\/?post_type=product&#038;p=17376"},"modified":"2026-05-16T18:10:22","modified_gmt":"2026-05-16T15:10:22","slug":"hyster-arka-kapak","status":"publish","type":"product","link":"https:\/\/ceoparts.com\/de\/urun\/hyster-arka-kapak\/","title":{"rendered":"Hyster R\u00fcckabdeckung"},"content":{"rendered":"<p>Hyster R\u00fcckabdeckung<\/p>","protected":false},"excerpt":{"rendered":"<p data-start=\"904\" data-end=\"1152\">Diese Heckabdeckung f\u00fcr Hyster-Gabelstapler sch\u00fctzt den Motor und die inneren Komponenten und erh\u00f6ht die Haltbarkeit des Staplers. Robuste Bauweise bietet Schutz vor \u00e4u\u00dferen Einfl\u00fcssen und entspricht der Originalqualit\u00e4t.<\/p>\n<p data-start=\"1154\" data-end=\"1174\"><strong data-start=\"1154\" data-end=\"1172\">Eigenschaften:<\/strong><\/p>\n<ul data-start=\"1175\" data-end=\"1272\">\n<li data-start=\"1175\" data-end=\"1203\">\n<p data-start=\"1177\" data-end=\"1203\">Kompatible Marke: Hyster<\/p>\n<\/li>\n<li data-start=\"1204\" data-end=\"1228\">\n<p data-start=\"1206\" data-end=\"1228\">Langlebiges Material<\/p>\n<\/li>\n<li data-start=\"1229\" data-end=\"1249\">\n<p data-start=\"1231\" data-end=\"1249\">Einfache Montage<\/p>\n<\/li>\n<li data-start=\"1250\" data-end=\"1272\">\n<p data-start=\"1252\" data-end=\"1272\">Originalersatzteil<\/p>\n<\/li>\n<\/ul>\n","protected":false},"featured_media":17381,"template":"","meta":[],"product_brand":[],"product_cat":[256,472,520],"product_tag":[],"class_list":{"0":"post-17376","1":"product","2":"type-product","3":"status-publish","4":"has-post-thumbnail","6":"product_cat-hyster","7":"product_cat-kaporta-aksami","8":"product_cat-yedek-parca-hyster","10":"first","11":"instock","12":"taxable","13":"shipping-taxable","14":"purchasable","15":"product-type-simple"},"_links":{"self":[{"href":"https:\/\/ceoparts.com\/de\/wp-json\/wp\/v2\/product\/17376","targetHints":{"allow":["GET"]}}],"collection":[{"href":"https:\/\/ceoparts.com\/de\/wp-json\/wp\/v2\/product"}],"about":[{"href":"https:\/\/ceoparts.com\/de\/wp-json\/wp\/v2\/types\/product"}],"wp:featuredmedia":[{"embeddable":true,"href":"https:\/\/ceoparts.com\/de\/wp-json\/wp\/v2\/media\/17381"}],"wp:attachment":[{"href":"https:\/\/ceoparts.com\/de\/wp-json\/wp\/v2\/media?parent=17376"}],"wp:term":[{"taxonomy":"product_brand","embeddable":true,"href":"https:\/\/ceoparts.com\/de\/wp-json\/wp\/v2\/product_brand?post=17376"},{"taxonomy":"product_cat","embeddable":true,"href":"https:\/\/ceoparts.com\/de\/wp-json\/wp\/v2\/product_cat?post=17376"},{"taxonomy":"product_tag","embeddable":true,"href":"https:\/\/ceoparts.com\/de\/wp-json\/wp\/v2\/product_tag?post=17376"}],"curies":[{"name":"wp","href":"https:\/\/api.w.org\/{rel}","templated":true}]}}