{"id":17402,"date":"2025-07-03T14:40:29","date_gmt":"2025-07-03T11:40:29","guid":{"rendered":"https:\/\/ceoparts.com\/?post_type=product&#038;p=17402"},"modified":"2026-05-16T18:10:45","modified_gmt":"2026-05-16T15:10:45","slug":"manuel-transpalet-2-500-kg-dokum-pompa","status":"publish","type":"product","link":"https:\/\/ceoparts.com\/de\/urun\/manuel-transpalet-2-500-kg-dokum-pompa\/","title":{"rendered":"Manueller Hubwagen 2.500 kg \u2013 Guss-Pumpe, Polyurethanr\u00e4der"},"content":{"rendered":"<p>Manueller Hubwagen 2.500 kg \u2013 Guss-Pumpe, Polyurethanr\u00e4der<\/p>","protected":false},"excerpt":{"rendered":"<p data-start=\"1069\" data-end=\"1480\"><strong data-start=\"1069\" data-end=\"1137\">Guss-Pumpen-Hubwagen \u2013 Kraft, Langlebigkeit und Komfort vereint!<\/strong><br data-start=\"1137\" data-end=\"1140\" \/>Die ideale L\u00f6sung f\u00fcr Ihre industriellen Transportbed\u00fcrfnisse: Der Guss-Pumpen-Hubwagen \u00fcberzeugt durch hohe Leistung und robuste Bauweise. Mit einem 100\u202f% Stahlrahmen und einer Guss-Pumpe bietet er eine besonders lange Lebensdauer. Die 4 Polyurethan-beschichteten R\u00e4der sorgen f\u00fcr einen leisen, reibungslosen und bodenschonenden Transport.<\/p>\n<p data-start=\"1482\" data-end=\"1585\">Jetzt erh\u00e4ltlich mit aktualisierten Lagerbest\u00e4nden und attraktiven Preisen \u2013 mit der Ceoparts-Garantie!<\/p>\n<p data-start=\"1587\" data-end=\"1610\"><strong data-start=\"1587\" data-end=\"1608\">Technische Daten:<\/strong><\/p>\n<ul data-start=\"1611\" data-end=\"1879\">\n<li data-start=\"1611\" data-end=\"1641\">\n<p data-start=\"1613\" data-end=\"1641\"><strong data-start=\"1613\" data-end=\"1628\">Produkttyp:<\/strong> Guss-Pumpe<\/p>\n<\/li>\n<li data-start=\"1642\" data-end=\"1680\">\n<p data-start=\"1644\" data-end=\"1680\"><strong data-start=\"1644\" data-end=\"1657\">Material:<\/strong> Robuster Stahlrahmen<\/p>\n<\/li>\n<li data-start=\"1681\" data-end=\"1711\">\n<p data-start=\"1683\" data-end=\"1711\"><strong data-start=\"1683\" data-end=\"1701\">Tragf\u00e4higkeit:<\/strong> 2500 kg<\/p>\n<\/li>\n<li data-start=\"1712\" data-end=\"1762\">\n<p data-start=\"1714\" data-end=\"1762\"><strong data-start=\"1714\" data-end=\"1725\">Radtyp:<\/strong> 4x Polyurethan (leise und spurlos)<\/p>\n<\/li>\n<li data-start=\"1763\" data-end=\"1790\">\n<p data-start=\"1765\" data-end=\"1790\"><strong data-start=\"1765\" data-end=\"1780\">Gabell\u00e4nge:<\/strong> 1150 mm<\/p>\n<\/li>\n<li data-start=\"1791\" data-end=\"1828\">\n<p data-start=\"1793\" data-end=\"1828\"><strong data-start=\"1793\" data-end=\"1819\">Au\u00dfenbreite der Gabel:<\/strong> 540 mm<\/p>\n<\/li>\n<li data-start=\"1829\" data-end=\"1855\">\n<p data-start=\"1831\" data-end=\"1855\"><strong data-start=\"1831\" data-end=\"1847\">Mindesth\u00f6he:<\/strong> 85 mm<\/p>\n<\/li>\n<li data-start=\"1856\" data-end=\"1879\">\n<p data-start=\"1858\" data-end=\"1879\"><strong data-start=\"1858\" data-end=\"1870\">Hubh\u00f6he:<\/strong> 200 mm<\/p>\n<\/li>\n<\/ul>\n","protected":false},"featured_media":17422,"template":"","meta":[],"product_brand":[],"product_cat":[505],"product_tag":[],"class_list":{"0":"post-17402","1":"product","2":"type-product","3":"status-publish","4":"has-post-thumbnail","6":"product_cat-transpalet","8":"first","9":"instock","10":"taxable","11":"shipping-taxable","12":"purchasable","13":"product-type-simple"},"_links":{"self":[{"href":"https:\/\/ceoparts.com\/de\/wp-json\/wp\/v2\/product\/17402","targetHints":{"allow":["GET"]}}],"collection":[{"href":"https:\/\/ceoparts.com\/de\/wp-json\/wp\/v2\/product"}],"about":[{"href":"https:\/\/ceoparts.com\/de\/wp-json\/wp\/v2\/types\/product"}],"wp:featuredmedia":[{"embeddable":true,"href":"https:\/\/ceoparts.com\/de\/wp-json\/wp\/v2\/media\/17422"}],"wp:attachment":[{"href":"https:\/\/ceoparts.com\/de\/wp-json\/wp\/v2\/media?parent=17402"}],"wp:term":[{"taxonomy":"product_brand","embeddable":true,"href":"https:\/\/ceoparts.com\/de\/wp-json\/wp\/v2\/product_brand?post=17402"},{"taxonomy":"product_cat","embeddable":true,"href":"https:\/\/ceoparts.com\/de\/wp-json\/wp\/v2\/product_cat?post=17402"},{"taxonomy":"product_tag","embeddable":true,"href":"https:\/\/ceoparts.com\/de\/wp-json\/wp\/v2\/product_tag?post=17402"}],"curies":[{"name":"wp","href":"https:\/\/api.w.org\/{rel}","templated":true}]}}