{"id":17410,"date":"2025-07-03T15:06:17","date_gmt":"2025-07-03T12:06:17","guid":{"rendered":"https:\/\/ceoparts.com\/?post_type=product&#038;p=17410"},"modified":"2026-05-16T17:05:24","modified_gmt":"2026-05-16T14:05:24","slug":"manuel-transpalet-2-500-kg-sise-pompa-beyaz-teker","status":"publish","type":"product","link":"https:\/\/ceoparts.com\/de\/urun\/manuel-transpalet-2-500-kg-sise-pompa-beyaz-teker\/","title":{"rendered":"Manueller Hubwagen 2.500 kg \u2013 Flaschenpumpe, Polyamidr\u00e4der"},"content":{"rendered":"<p>Manueller Hubwagen 2.500 kg \u2013 Flaschenpumpe, Polyamidr\u00e4der<\/p>","protected":false},"excerpt":{"rendered":"<p data-start=\"1061\" data-end=\"1431\"><strong data-start=\"1061\" data-end=\"1125\">Flaschenpumpen-Hubwagen \u2013 Sanftes Handling, starke Leistung!<\/strong><br data-start=\"1125\" data-end=\"1128\" \/>Die unverzichtbare L\u00f6sung f\u00fcr Lager, Produktion und Logistik: Der Flaschenpumpen-Hubwagen. Mit seinem stabilen Stahlrahmen und den Polyamidr\u00e4dern bietet er leises und kontrolliertes Fahren \u2013 selbst auf glatten B\u00f6den. Die Flaschenpumpe erm\u00f6glicht einfaches und m\u00fcheloses Heben mit minimalem Kraftaufwand.<\/p>\n<p data-start=\"1433\" data-end=\"1528\">Jetzt erh\u00e4ltlich mit attraktiven Preisen und schneller Lieferung \u2013 CEOParts-Qualit\u00e4t inklusive!<\/p>\n<p data-start=\"1530\" data-end=\"1553\"><strong data-start=\"1530\" data-end=\"1551\">Technische Daten:<\/strong><\/p>\n<ul data-start=\"1554\" data-end=\"1830\">\n<li data-start=\"1554\" data-end=\"1587\">\n<p data-start=\"1556\" data-end=\"1587\"><strong data-start=\"1556\" data-end=\"1571\">Produkttyp:<\/strong> Flaschenpumpe<\/p>\n<\/li>\n<li data-start=\"1588\" data-end=\"1620\">\n<p data-start=\"1590\" data-end=\"1620\"><strong data-start=\"1590\" data-end=\"1603\">Material:<\/strong> Robuster Stahl<\/p>\n<\/li>\n<li data-start=\"1621\" data-end=\"1651\">\n<p data-start=\"1623\" data-end=\"1651\"><strong data-start=\"1623\" data-end=\"1641\">Tragf\u00e4higkeit:<\/strong> 2500 kg<\/p>\n<\/li>\n<li data-start=\"1652\" data-end=\"1713\">\n<p data-start=\"1654\" data-end=\"1713\"><strong data-start=\"1654\" data-end=\"1665\">Radtyp:<\/strong> 4x Polyamid (hart, langlebig, verschlei\u00dffest)<\/p>\n<\/li>\n<li data-start=\"1714\" data-end=\"1741\">\n<p data-start=\"1716\" data-end=\"1741\"><strong data-start=\"1716\" data-end=\"1731\">Gabell\u00e4nge:<\/strong> 1150 mm<\/p>\n<\/li>\n<li data-start=\"1742\" data-end=\"1779\">\n<p data-start=\"1744\" data-end=\"1779\"><strong data-start=\"1744\" data-end=\"1770\">Au\u00dfenbreite der Gabel:<\/strong> 540 mm<\/p>\n<\/li>\n<li data-start=\"1780\" data-end=\"1806\">\n<p data-start=\"1782\" data-end=\"1806\"><strong data-start=\"1782\" data-end=\"1798\">Mindesth\u00f6he:<\/strong> 85 mm<\/p>\n<\/li>\n<li data-start=\"1807\" data-end=\"1830\">\n<p data-start=\"1809\" data-end=\"1830\"><strong data-start=\"1809\" data-end=\"1821\">Hubh\u00f6he:<\/strong> 200 mm<\/p>\n<\/li>\n<\/ul>\n","protected":false},"featured_media":17411,"template":"","meta":[],"product_brand":[],"product_cat":[505],"product_tag":[],"class_list":{"0":"post-17410","1":"product","2":"type-product","3":"status-publish","4":"has-post-thumbnail","6":"product_cat-transpalet","8":"first","9":"instock","10":"taxable","11":"shipping-taxable","12":"purchasable","13":"product-type-simple"},"_links":{"self":[{"href":"https:\/\/ceoparts.com\/de\/wp-json\/wp\/v2\/product\/17410","targetHints":{"allow":["GET"]}}],"collection":[{"href":"https:\/\/ceoparts.com\/de\/wp-json\/wp\/v2\/product"}],"about":[{"href":"https:\/\/ceoparts.com\/de\/wp-json\/wp\/v2\/types\/product"}],"wp:featuredmedia":[{"embeddable":true,"href":"https:\/\/ceoparts.com\/de\/wp-json\/wp\/v2\/media\/17411"}],"wp:attachment":[{"href":"https:\/\/ceoparts.com\/de\/wp-json\/wp\/v2\/media?parent=17410"}],"wp:term":[{"taxonomy":"product_brand","embeddable":true,"href":"https:\/\/ceoparts.com\/de\/wp-json\/wp\/v2\/product_brand?post=17410"},{"taxonomy":"product_cat","embeddable":true,"href":"https:\/\/ceoparts.com\/de\/wp-json\/wp\/v2\/product_cat?post=17410"},{"taxonomy":"product_tag","embeddable":true,"href":"https:\/\/ceoparts.com\/de\/wp-json\/wp\/v2\/product_tag?post=17410"}],"curies":[{"name":"wp","href":"https:\/\/api.w.org\/{rel}","templated":true}]}}