{"id":17440,"date":"2025-07-07T16:44:30","date_gmt":"2025-07-07T13:44:30","guid":{"rendered":"https:\/\/ceoparts.com\/?post_type=product&#038;p=17440"},"modified":"2026-05-16T15:54:57","modified_gmt":"2026-05-16T12:54:57","slug":"still-motor-hiz-kontrol-cihazi-24-36v-200a-1243-42094779415","status":"publish","type":"product","link":"https:\/\/ceoparts.com\/de\/urun\/still-motor-hiz-kontrol-cihazi-24-36v-200a-1243-42094779415\/","title":{"rendered":"STILL Motor-Drehzahlregler 24\u201336V 200A \u2013 1243-42094779415"},"content":{"rendered":"<p>STILL Motor-Drehzahlregler 24\u201336V 200A \u2013 1243-42094779415<\/p>","protected":false},"excerpt":{"rendered":"<p>Dieser gebrauchte Drehzahlregler ist mit STILL-Elektrogabelstaplern und Transportsystemen kompatibel. Er arbeitet im Spannungsbereich von 24 bis 36 Volt DC und bietet mit 200A eine zuverl\u00e4ssige Steuerung f\u00fcr Gleichstrommotoren. Dank seiner robusten Bauweise eignet sich das Ger\u00e4t f\u00fcr den industriellen Einsatz und bietet eine lange Lebensdauer. Das Produkt wurde getestet und ist voll funktionsf\u00e4hig.<\/p>\n<p>Technische Daten:<\/p>\n<p>Modell: 1243-42094779415<\/p>\n<p>Zustand: Gebraucht<\/p>\n<p>Spannung: 24\u201336V DC<\/p>\n<p>Stromst\u00e4rke: 200A<\/p>\n<p>Kompatibilit\u00e4t: STILL Elektrostapler und Transportsysteme<\/p>\n<p>Steuerung: DC-Motor-Geschwindigkeitsregelung<\/p>\n<p>Status: Getestet \u2013 Funktioniert einwandfrei<\/p>\n","protected":false},"featured_media":17441,"template":"","meta":[],"product_brand":[],"product_cat":[241,433,524],"product_tag":[],"class_list":{"0":"post-17440","1":"product","2":"type-product","3":"status-publish","4":"has-post-thumbnail","6":"product_cat-still","7":"product_cat-ikinci-el-urunler","8":"product_cat-yedek-parca-still","10":"first","11":"instock","12":"taxable","13":"shipping-taxable","14":"purchasable","15":"product-type-simple"},"_links":{"self":[{"href":"https:\/\/ceoparts.com\/de\/wp-json\/wp\/v2\/product\/17440","targetHints":{"allow":["GET"]}}],"collection":[{"href":"https:\/\/ceoparts.com\/de\/wp-json\/wp\/v2\/product"}],"about":[{"href":"https:\/\/ceoparts.com\/de\/wp-json\/wp\/v2\/types\/product"}],"wp:featuredmedia":[{"embeddable":true,"href":"https:\/\/ceoparts.com\/de\/wp-json\/wp\/v2\/media\/17441"}],"wp:attachment":[{"href":"https:\/\/ceoparts.com\/de\/wp-json\/wp\/v2\/media?parent=17440"}],"wp:term":[{"taxonomy":"product_brand","embeddable":true,"href":"https:\/\/ceoparts.com\/de\/wp-json\/wp\/v2\/product_brand?post=17440"},{"taxonomy":"product_cat","embeddable":true,"href":"https:\/\/ceoparts.com\/de\/wp-json\/wp\/v2\/product_cat?post=17440"},{"taxonomy":"product_tag","embeddable":true,"href":"https:\/\/ceoparts.com\/de\/wp-json\/wp\/v2\/product_tag?post=17440"}],"curies":[{"name":"wp","href":"https:\/\/api.w.org\/{rel}","templated":true}]}}