{"id":17502,"date":"2025-07-08T17:08:28","date_gmt":"2025-07-08T14:08:28","guid":{"rendered":"https:\/\/ceoparts.com\/?post_type=product&#038;p=17502"},"modified":"2026-05-16T07:33:10","modified_gmt":"2026-05-16T04:33:10","slug":"still-fmx-yuruyus-tekeri-bijonu-519996","status":"publish","type":"product","link":"https:\/\/ceoparts.com\/de\/urun\/still-fmx-yuruyus-tekeri-bijonu-519996\/","title":{"rendered":"Still FMX Antriebsrad-Schraube \/ Bolzen \u2013 519996"},"content":{"rendered":"<p>Still FMX Antriebsrad-Schraube \/ Bolzen \u2013 519996<\/p>\n<p>Still 519996<br \/>\nR20,<br \/>\nR50,<br \/>\nR60,<br \/>\nR70,<br \/>\nRX50,<br \/>\nRX20,<br \/>\nRX60,<br \/>\nRX70<\/p>","protected":false},"excerpt":{"rendered":"<p data-start=\"1007\" data-end=\"1250\">Speziell f\u00fcr die Laufrollen von Still FMX Gabelstaplern entwickelte Radmutter. Bietet hohe Haltbarkeit und sorgt f\u00fcr eine sichere Befestigung der R\u00e4der. Originalteilqualit\u00e4t mit langer Lebensdauer.<\/p>\n<p data-start=\"1252\" data-end=\"1411\"><strong data-start=\"1252\" data-end=\"1273\">Technische Daten:<\/strong><br data-start=\"1273\" data-end=\"1276\" \/>\u2022 Passendes Modell: Still FMX<br data-start=\"1305\" data-end=\"1308\" \/>\u2022 Teilenummer: 519996<br data-start=\"1329\" data-end=\"1332\" \/>\u2022 Anwendung: Laufrollen-Radmutter<br data-start=\"1365\" data-end=\"1368\" \/>\u2022 Eigenschaften: Langlebig, sichere Montage<\/p>\n","protected":false},"featured_media":17503,"template":"","meta":[],"product_brand":[],"product_cat":[241,467,524],"product_tag":[],"class_list":{"0":"post-17502","1":"product","2":"type-product","3":"status-publish","4":"has-post-thumbnail","6":"product_cat-still","7":"product_cat-mil-grubu","8":"product_cat-yedek-parca-still","10":"first","11":"instock","12":"taxable","13":"shipping-taxable","14":"purchasable","15":"product-type-simple"},"_links":{"self":[{"href":"https:\/\/ceoparts.com\/de\/wp-json\/wp\/v2\/product\/17502","targetHints":{"allow":["GET"]}}],"collection":[{"href":"https:\/\/ceoparts.com\/de\/wp-json\/wp\/v2\/product"}],"about":[{"href":"https:\/\/ceoparts.com\/de\/wp-json\/wp\/v2\/types\/product"}],"wp:featuredmedia":[{"embeddable":true,"href":"https:\/\/ceoparts.com\/de\/wp-json\/wp\/v2\/media\/17503"}],"wp:attachment":[{"href":"https:\/\/ceoparts.com\/de\/wp-json\/wp\/v2\/media?parent=17502"}],"wp:term":[{"taxonomy":"product_brand","embeddable":true,"href":"https:\/\/ceoparts.com\/de\/wp-json\/wp\/v2\/product_brand?post=17502"},{"taxonomy":"product_cat","embeddable":true,"href":"https:\/\/ceoparts.com\/de\/wp-json\/wp\/v2\/product_cat?post=17502"},{"taxonomy":"product_tag","embeddable":true,"href":"https:\/\/ceoparts.com\/de\/wp-json\/wp\/v2\/product_tag?post=17502"}],"curies":[{"name":"wp","href":"https:\/\/api.w.org\/{rel}","templated":true}]}}