{"id":17528,"date":"2025-07-09T17:03:27","date_gmt":"2025-07-09T14:03:27","guid":{"rendered":"https:\/\/ceoparts.com\/?post_type=product&#038;p=17528"},"modified":"2026-05-16T14:15:42","modified_gmt":"2026-05-16T11:15:42","slug":"6206-rs-denge-teker-rulmani-30x62x16","status":"publish","type":"product","link":"https:\/\/ceoparts.com\/de\/urun\/6206-rs-denge-teker-rulmani-30x62x16\/","title":{"rendered":"6206 RS St\u00fctzradlager 30x62x16"},"content":{"rendered":"<p>6206 RS St\u00fctzradlager 30x62x16<\/p>","protected":false},"excerpt":{"rendered":"<p data-start=\"1293\" data-end=\"1585\">Dieses Lager ist f\u00fcr Ausgleichsr\u00e4der konzipiert. Das Modell 6206 RS verf\u00fcgt \u00fcber eine einseitige Gummidichtung, die das Eindringen von Staub verhindert. Es bietet einen leisen Lauf und eine lange Lebensdauer, ideal f\u00fcr den industriellen Einsatz.<\/p>\n<p data-start=\"1587\" data-end=\"1765\"><strong data-start=\"1587\" data-end=\"1608\">Technische Daten:<\/strong><br data-start=\"1608\" data-end=\"1611\" \/>\u2022 Modell: 6206 RS<br data-start=\"1628\" data-end=\"1631\" \/>\u2022 Ma\u00dfe: 30x62x16 mm<br data-start=\"1650\" data-end=\"1653\" \/>\u2022 Typ: Ausgleichsradlager<br data-start=\"1678\" data-end=\"1681\" \/>\u2022 Dichtung: Einseitig (RS)<br data-start=\"1707\" data-end=\"1710\" \/>\u2022 Anwendung: Gabelstapler, Industrieanlagen, Radsysteme<\/p>\n","protected":false},"featured_media":17532,"template":"","meta":[],"product_brand":[],"product_cat":[458],"product_tag":[],"class_list":{"0":"post-17528","1":"product","2":"type-product","3":"status-publish","4":"has-post-thumbnail","6":"product_cat-denge-teker-rulmanlari","8":"first","9":"instock","10":"taxable","11":"shipping-taxable","12":"purchasable","13":"product-type-simple"},"_links":{"self":[{"href":"https:\/\/ceoparts.com\/de\/wp-json\/wp\/v2\/product\/17528","targetHints":{"allow":["GET"]}}],"collection":[{"href":"https:\/\/ceoparts.com\/de\/wp-json\/wp\/v2\/product"}],"about":[{"href":"https:\/\/ceoparts.com\/de\/wp-json\/wp\/v2\/types\/product"}],"wp:featuredmedia":[{"embeddable":true,"href":"https:\/\/ceoparts.com\/de\/wp-json\/wp\/v2\/media\/17532"}],"wp:attachment":[{"href":"https:\/\/ceoparts.com\/de\/wp-json\/wp\/v2\/media?parent=17528"}],"wp:term":[{"taxonomy":"product_brand","embeddable":true,"href":"https:\/\/ceoparts.com\/de\/wp-json\/wp\/v2\/product_brand?post=17528"},{"taxonomy":"product_cat","embeddable":true,"href":"https:\/\/ceoparts.com\/de\/wp-json\/wp\/v2\/product_cat?post=17528"},{"taxonomy":"product_tag","embeddable":true,"href":"https:\/\/ceoparts.com\/de\/wp-json\/wp\/v2\/product_tag?post=17528"}],"curies":[{"name":"wp","href":"https:\/\/api.w.org\/{rel}","templated":true}]}}