{"id":17563,"date":"2025-07-17T17:03:41","date_gmt":"2025-07-17T14:03:41","guid":{"rendered":"https:\/\/ceoparts.com\/?post_type=product&#038;p=17563"},"modified":"2026-05-16T06:16:50","modified_gmt":"2026-05-16T03:16:50","slug":"85x110-115-25-blickle-yuk-tekeri-27631340-51064609","status":"publish","type":"product","link":"https:\/\/ceoparts.com\/de\/urun\/85x110-115-25-blickle-yuk-tekeri-27631340-51064609\/","title":{"rendered":"85&#215;110\/115-25 Blickle Lastrolle \u2013 27631340, 51064609"},"content":{"rendered":"<p>85&#215;110\/115-25 Blickle Lastrolle \u2013 27631340, 51064609<\/p>\n<p>Jungheinrich 27631340, 51064609, 50307483, 51041341, 51064639,<\/p>\n<p>&nbsp;<\/p>\n<table dir=\"ltr\" border=\"0\" width=\"310\" cellspacing=\"0\" cellpadding=\"2\">\n<tbody>\n<tr>\n<td width=\"63%\" height=\"19\">\n<p align=\"left\">EJC 10\/12<\/p>\n<\/td>\n<td width=\"37%\" height=\"19\">\n<p align=\"left\">10.97 \u2013<\/p>\n<\/td>\n<\/tr>\n<tr>\n<td width=\"63%\" height=\"19\">\n<p align=\"left\">EJC 110\/112<\/p>\n<\/td>\n<td width=\"37%\" height=\"19\">\n<p align=\"left\">9.07 \u2013<\/p>\n<\/td>\n<\/tr>\n<tr>\n<td width=\"63%\" height=\"19\">\n<p align=\"left\">EJC 110\/112 (Qingpu)<\/p>\n<\/td>\n<td width=\"37%\" height=\"19\">\n<p align=\"left\">7.08 \u2013 9.09<\/p>\n<\/td>\n<\/tr>\n<tr>\n<td width=\"63%\" height=\"19\">\n<p align=\"left\">EJC 110\/112\/212<\/p>\n<\/td>\n<td width=\"37%\" height=\"19\">\n<p align=\"left\">8.11 \u2013<\/p>\n<\/td>\n<\/tr>\n<tr>\n<td width=\"63%\" height=\"19\">\n<p align=\"left\">EJC 110n\/112n<\/p>\n<\/td>\n<td width=\"37%\" height=\"19\">\n<p align=\"left\">10.09 \u2013<\/p>\n<\/td>\n<\/tr>\n<tr>\n<td width=\"63%\" height=\"19\">\n<p align=\"left\">EJC 112n (NICHIYU)<\/p>\n<\/td>\n<td width=\"37%\" height=\"19\">\n<p align=\"left\">1.11 \u2013<\/p>\n<\/td>\n<\/tr>\n<tr>\n<td width=\"63%\" height=\"19\">\n<p align=\"left\">EJC 12 C<\/p>\n<\/td>\n<td width=\"37%\" height=\"19\">\n<p align=\"left\">7.03 \u2013<\/p>\n<\/td>\n<\/tr>\n<tr>\n<td width=\"63%\" height=\"19\">\n<p align=\"left\">EJC 12-16<\/p>\n<\/td>\n<td width=\"37%\" height=\"19\">\n<p align=\"left\">7.96 \u2013 4.98<\/p>\n<\/td>\n<\/tr>\n<tr>\n<td width=\"63%\" height=\"19\">\n<p align=\"left\">EJC 14\/16<\/p>\n<\/td>\n<td width=\"37%\" height=\"19\">\n<p align=\"left\">6.98 \u2013 2.06<\/p>\n<\/td>\n<\/tr>\n<tr>\n<td width=\"63%\" height=\"19\">\n<p align=\"left\">EJC 212 \/ 214 \/ 216<\/p>\n<\/td>\n<td width=\"37%\" height=\"19\">\n<p align=\"left\">6.08 \u2013<\/p>\n<\/td>\n<\/tr>\n<tr>\n<td width=\"63%\" height=\"19\">\n<p align=\"left\">EJC 212-216<\/p>\n<\/td>\n<td width=\"37%\" height=\"19\">\n<p align=\"left\">1.06 \u2013 5.08<\/p>\n<\/td>\n<\/tr>\n<tr>\n<td width=\"63%\" height=\"19\">\n<p align=\"left\">EJC 220<\/p>\n<\/td>\n<td width=\"37%\" height=\"19\">\n<p align=\"left\">8.06 \u2013<\/p>\n<\/td>\n<\/tr>\n<tr>\n<td width=\"63%\" height=\"19\">\n<p align=\"left\">ERC 12-16<\/p>\n<\/td>\n<td width=\"37%\" height=\"19\">\n<p align=\"left\">4.01 \u2013 3.04<\/p>\n<\/td>\n<\/tr>\n<tr>\n<td width=\"63%\" height=\"19\">\n<p align=\"left\">ERC 212\/214\/216<\/p>\n<\/td>\n<td width=\"37%\" height=\"19\">\n<p align=\"left\">4.04 \u2013 4.11<\/p>\n<\/td>\n<\/tr>\n<tr>\n<td width=\"63%\" height=\"19\">\n<p align=\"left\">WP 10\/12<\/p>\n<\/td>\n<td width=\"37%\" height=\"19\">\n<p align=\"left\">9.07 \u2013 4.08<\/p>\n<\/td>\n<\/tr>\n<tr>\n<td width=\"63%\" height=\"19\">\n<p align=\"left\">WP 10\/12 C (BOSS)<\/p>\n<\/td>\n<td width=\"37%\" height=\"19\">\n<p align=\"left\">12.98 \u2013 10.02<\/p>\n<\/td>\n<\/tr>\n<tr>\n<td width=\"63%\" height=\"19\">\n<p align=\"left\">WP 10\/12 C (MIC)<\/p>\n<\/td>\n<td width=\"37%\" height=\"19\">\n<p align=\"left\">12.98 \u2013 10.02<\/p>\n<\/td>\n<\/tr>\n<tr>\n<td width=\"63%\" height=\"19\">\n<p align=\"left\">WP 10\/12 C (MIC)<\/p>\n<\/td>\n<td width=\"37%\" height=\"19\">\n<p align=\"left\">8.02 \u2013<\/p>\n<\/td>\n<\/tr>\n<tr>\n<td width=\"63%\" height=\"19\">\n<p align=\"left\">WP 10\/12 C (STB)<\/p>\n<\/td>\n<td width=\"37%\" height=\"19\">\n<p align=\"left\">12.98 \u2013 10.02<\/p>\n<\/td>\n<\/tr>\n<tr>\n<td width=\"63%\" height=\"19\">\n<p align=\"left\">WP 12 C<\/p>\n<\/td>\n<td width=\"37%\" height=\"19\">\n<p align=\"left\">7.03 \u2013<\/p>\n<\/td>\n<\/tr>\n<tr>\n<td width=\"63%\" height=\"19\">\n<p align=\"left\">WP 12-16<\/p>\n<\/td>\n<td width=\"37%\" height=\"19\">\n<p align=\"left\">1.06 \u2013 4.08<\/p>\n<\/td>\n<\/tr>\n<tr>\n<td width=\"63%\" height=\"19\">\n<p align=\"left\">WP 14\/16 (BOSS)<\/p>\n<\/td>\n<td width=\"37%\" height=\"19\">\n<p align=\"left\">12.98 \u2013<\/p>\n<\/td>\n<\/tr>\n<tr>\n<td width=\"63%\" height=\"19\">\n<p align=\"left\">WP 14\/16 (MIC)<\/p>\n<\/td>\n<td width=\"37%\" height=\"19\">\n<p align=\"left\">12.98 \u2013 8.02<\/p>\n<\/td>\n<\/tr>\n<tr>\n<td width=\"63%\" height=\"19\">\n<p align=\"left\">WP 14\/16 (MIC)<\/p>\n<\/td>\n<td width=\"37%\" height=\"19\">\n<p align=\"left\">8.02 \u2013 4.08<\/p>\n<\/td>\n<\/tr>\n<tr>\n<td width=\"63%\" height=\"19\">\n<p align=\"left\">WP 14\/16 (STB)<\/p>\n<\/td>\n<td width=\"37%\" height=\"19\">\n<p align=\"left\">12.98 \u2013<\/p>\n<\/td>\n<\/tr>\n<tr>\n<td width=\"63%\" height=\"19\">\n<p align=\"left\">WP12\/14\/16 S (BOSS)<\/p>\n<\/td>\n<td width=\"37%\" height=\"19\">\n<p align=\"left\">4.01 \u2013<\/p>\n<\/td>\n<\/tr>\n<tr>\n<td width=\"63%\" height=\"19\">\n<p align=\"left\">WP12\/14\/16 S (MIC)<\/p>\n<\/td>\n<td width=\"37%\" height=\"19\">\n<p align=\"left\">4.01 \u2013 4.08<\/p>\n<\/td>\n<\/tr>\n<tr>\n<td width=\"63%\" height=\"19\">\n<p align=\"left\">WP12\/14\/16 S (STB)<\/p>\n<\/td>\n<td width=\"37%\" height=\"19\">\n<p align=\"left\">4.01 \u2013<\/p>\n<\/td>\n<\/tr>\n<tr>\n<td width=\"63%\" height=\"19\">\n<p align=\"left\">WP 12-16<\/p>\n<\/td>\n<td width=\"37%\" height=\"19\">\n<p align=\"left\">1.06 \u2013 4.08<\/p>\n<\/td>\n<\/tr>\n<tr>\n<td width=\"63%\" height=\"19\">\n<p align=\"left\">WO 20 (MIC) AC<\/p>\n<\/td>\n<td width=\"37%\" height=\"19\">\n<p align=\"left\">7.01 \u2013 6.03<\/p>\n<\/td>\n<\/tr>\n<tr>\n<td width=\"63%\" height=\"19\">\n<p align=\"left\">WN 24 sC<\/p>\n<\/td>\n<td width=\"37%\" height=\"19\">\n<p align=\"left\">10.05 \u2013 4.08<\/p>\n<\/td>\n<\/tr>\n<tr>\n<td width=\"63%\" height=\"19\">\n<p align=\"left\">WN 20 S (MIC)<\/p>\n<\/td>\n<td width=\"37%\" height=\"19\">\n<p align=\"left\">12.02 \u2013 10.03<\/p>\n<\/td>\n<\/tr>\n<tr>\n<td width=\"63%\" height=\"19\">\n<p align=\"left\">WN 20 S<\/p>\n<\/td>\n<td width=\"37%\" height=\"19\">\n<p align=\"left\">10.03 \u2013 9.05<\/p>\n<\/td>\n<\/tr>\n<tr>\n<td width=\"63%\" height=\"19\">\n<p align=\"left\">ESE 220\/320<\/p>\n<\/td>\n<td width=\"37%\" height=\"19\">\n<p align=\"left\">2.10 \u2013<\/p>\n<\/td>\n<\/tr>\n<tr>\n<td width=\"63%\" height=\"19\">\n<p align=\"left\">ESE 20<\/p>\n<\/td>\n<td width=\"37%\" height=\"19\">\n<p align=\"left\">3.99 \u2013 3.04<\/p>\n<\/td>\n<\/tr>\n<tr>\n<td width=\"63%\" height=\"19\">\n<p align=\"left\">ESE 20<\/p>\n<\/td>\n<td width=\"37%\" height=\"19\">\n<p align=\"left\">4.04 \u2013 12.04<\/p>\n<\/td>\n<\/tr>\n<tr>\n<td width=\"63%\" height=\"19\">\n<p align=\"left\">ESE 120<\/p>\n<\/td>\n<td width=\"37%\" height=\"19\">\n<p align=\"left\">1.05 \u2013<\/p>\n<\/td>\n<\/tr>\n<tr>\n<td width=\"63%\" height=\"19\">\n<p align=\"left\">ESC 214\/216Z<\/p>\n<\/td>\n<td width=\"37%\" height=\"19\">\n<p align=\"left\">8.09 \u2013<\/p>\n<\/td>\n<\/tr>\n<tr>\n<td width=\"63%\" height=\"19\">\n<p align=\"left\">ERE 225 KP<\/p>\n<\/td>\n<td width=\"37%\" height=\"19\">\n<p align=\"left\">7.08 \u2013<\/p>\n<\/td>\n<\/tr>\n<tr>\n<td width=\"63%\" height=\"19\">\n<p align=\"left\">ERE 225<\/p>\n<\/td>\n<td width=\"37%\" height=\"19\">\n<p align=\"left\">9.07 \u2013<\/p>\n<\/td>\n<\/tr>\n<tr>\n<td width=\"63%\" height=\"19\">\n<p align=\"left\">ERE 224<\/p>\n<\/td>\n<td width=\"37%\" height=\"19\">\n<p align=\"left\">10.05 \u2013 9.07<\/p>\n<\/td>\n<\/tr>\n<tr>\n<td width=\"63%\" height=\"19\">\n<p align=\"left\">ERE 220<\/p>\n<\/td>\n<td width=\"37%\" height=\"19\">\n<p align=\"left\">10.03 \u2013 9.05<\/p>\n<\/td>\n<\/tr>\n<tr>\n<td width=\"63%\" height=\"19\">\n<p align=\"left\">ERE 20 SAFEWAY<\/p>\n<\/td>\n<td width=\"37%\" height=\"19\">\n<p align=\"left\">2.01 \u2013 8.03<\/p>\n<\/td>\n<\/tr>\n<tr>\n<td width=\"63%\" height=\"19\">\n<p align=\"left\">ERE 20 fester Antrieb<\/p>\n<\/td>\n<td width=\"37%\" height=\"19\">\n<p align=\"left\">1.01 \u2013 10.03<\/p>\n<\/td>\n<\/tr>\n<tr>\n<td width=\"63%\" height=\"19\">\n<p align=\"left\">ERD 220<\/p>\n<\/td>\n<td width=\"37%\" height=\"19\">\n<p align=\"left\">10.03 \u2013<\/p>\n<\/td>\n<\/tr>\n<tr>\n<td width=\"63%\" height=\"19\">\n<p align=\"left\">ERD 16-20<\/p>\n<\/td>\n<td width=\"37%\" height=\"19\">\n<p align=\"left\">3.03 \u2013 10.03<\/p>\n<\/td>\n<\/tr>\n<tr>\n<td width=\"63%\" height=\"19\">\n<p align=\"left\">ERC 212\/214\/216<\/p>\n<\/td>\n<td width=\"37%\" height=\"19\">\n<p align=\"left\">3.11 \u2013<\/p>\n<\/td>\n<\/tr>\n<tr>\n<td width=\"63%\" height=\"19\">\n<p align=\"left\">EKE 20 s<\/p>\n<\/td>\n<td width=\"37%\" height=\"19\">\n<p align=\"left\">8.03 \u2013 12.04<\/p>\n<\/td>\n<\/tr>\n<tr>\n<td width=\"63%\" height=\"19\">\n<p align=\"left\">EJC 220<\/p>\n<\/td>\n<td width=\"37%\" height=\"19\">\n<p align=\"left\">8.06 \u2013<\/p>\n<\/td>\n<\/tr>\n<tr>\n<td width=\"63%\" height=\"19\">\n<p align=\"left\">EJC 212-216<\/p>\n<\/td>\n<td width=\"37%\" height=\"19\">\n<p align=\"left\">1.06 \u2013 5.08<\/p>\n<\/td>\n<\/tr>\n<tr>\n<td width=\"63%\" height=\"19\">\n<p align=\"left\">EJC 212 \/ 214 \/ 216<\/p>\n<\/td>\n<td width=\"37%\" height=\"19\">\n<p align=\"left\">6.08 \u2013<\/p>\n<\/td>\n<\/tr>\n<tr>\n<td width=\"63%\" height=\"19\">\n<p align=\"left\">EJC 110\/112\/212<\/p>\n<\/td>\n<td width=\"37%\" height=\"19\">\n<p align=\"left\">8.11 \u2013<\/p>\n<\/td>\n<\/tr>\n<tr>\n<td width=\"63%\" height=\"19\">\n<p align=\"left\">ECE 225 XL<\/p>\n<\/td>\n<td width=\"37%\" height=\"19\">\n<p align=\"left\">12.07 \u2013 12.08<\/p>\n<\/td>\n<\/tr>\n<tr>\n<td width=\"63%\" height=\"19\">\n<p align=\"left\">ECE 225 XL<\/p>\n<\/td>\n<td width=\"37%\" height=\"19\">\n<p align=\"left\">8.11 \u2013<\/p>\n<\/td>\n<\/tr>\n<tr>\n<td width=\"63%\" height=\"19\">\n<p align=\"left\">ECE 225 XL<\/p>\n<\/td>\n<td width=\"37%\" height=\"19\">\n<p align=\"left\">1.09 \u2013 7.11<\/p>\n<\/td>\n<\/tr>\n<tr>\n<td width=\"63%\" height=\"19\">\n<p align=\"left\">ECE 225 HP<\/p>\n<\/td>\n<td width=\"37%\" height=\"19\">\n<p align=\"left\">12.07 \u2013 10.11<\/p>\n<\/td>\n<\/tr>\n<tr>\n<td width=\"63%\" height=\"19\">\n<p align=\"left\">ECE 225 HP<\/p>\n<\/td>\n<td width=\"37%\" height=\"19\">\n<p align=\"left\">11.11 \u2013<\/p>\n<\/td>\n<\/tr>\n<tr>\n<td width=\"63%\" height=\"19\">\n<p align=\"left\">ECE 220-ac<\/p>\n<\/td>\n<td width=\"37%\" height=\"19\">\n<p align=\"left\">4.04 \u2013 4.07<\/p>\n<\/td>\n<\/tr>\n<tr>\n<td width=\"63%\" height=\"19\">\n<p align=\"left\">ECE 220\/225<\/p>\n<\/td>\n<td width=\"37%\" height=\"19\">\n<p align=\"left\">8.11 \u2013<\/p>\n<\/td>\n<\/tr>\n<tr>\n<td width=\"63%\" height=\"19\">\n<p align=\"left\">ECE 220\/225<\/p>\n<\/td>\n<td width=\"37%\" height=\"19\">\n<p align=\"left\">8.09 \u2013 7.11<\/p>\n<\/td>\n<\/tr>\n<tr>\n<td width=\"63%\" height=\"19\">\n<p align=\"left\">ECE 220\/225<\/p>\n<\/td>\n<td width=\"37%\" height=\"19\">\n<p align=\"left\">12.06 \u2013 7.09<\/p>\n<\/td>\n<\/tr>\n<tr>\n<td width=\"63%\" height=\"19\">\n<p align=\"left\">ECE 220 XL<\/p>\n<\/td>\n<td width=\"37%\" height=\"19\">\n<p align=\"left\">4.04 \u2013 3.08<\/p>\n<\/td>\n<\/tr>\n<tr>\n<td width=\"63%\" height=\"19\">\n<p align=\"left\">ECE 220 HP AC<\/p>\n<\/td>\n<td width=\"37%\" height=\"19\">\n<p align=\"left\">4.04 \u2013 11.07<\/p>\n<\/td>\n<\/tr>\n<tr>\n<td width=\"63%\" height=\"19\">\n<p align=\"left\">ECE 20 AC XL<\/p>\n<\/td>\n<td width=\"37%\" height=\"19\">\n<p align=\"left\">6.02 \u2013 3.04<\/p>\n<\/td>\n<\/tr>\n<tr>\n<td width=\"63%\" height=\"19\">\n<p align=\"left\">ECE 20 AC<\/p>\n<\/td>\n<td width=\"37%\" height=\"19\">\n<p align=\"left\">7.01 \u2013 3.04<\/p>\n<\/td>\n<\/tr>\n<tr>\n<td width=\"63%\" height=\"19\">\n<p align=\"left\">WN 116\/118\/120<\/p>\n<\/td>\n<td width=\"37%\" height=\"19\">\n<p align=\"left\">4.07 \u2013 4.08<\/p>\n<\/td>\n<\/tr>\n<tr>\n<td width=\"63%\" height=\"19\">\n<p align=\"left\">EJE 116\/118\/120<\/p>\n<\/td>\n<td width=\"37%\" height=\"19\">\n<p align=\"left\">4.07 \u2013<\/p>\n<\/td>\n<\/tr>\n<tr>\n<td width=\"63%\" height=\"19\">\n<p align=\"left\">EJE 116\/120 (Qingpu)<\/p>\n<\/td>\n<td width=\"37%\" height=\"19\">\n<p align=\"left\">10.07 \u2013 8.09<\/p>\n<\/td>\n<\/tr>\n<tr>\n<td width=\"63%\" height=\"19\">\n<p align=\"left\">EJE 116n\/120n<\/p>\n<\/td>\n<td width=\"37%\" height=\"19\">\n<p align=\"left\">9.09 \u2013<\/p>\n<\/td>\n<\/tr>\n<tr>\n<td width=\"63%\" height=\"19\">\n<p align=\"left\">EJE 120n (NICHIYU)<\/p>\n<\/td>\n<td width=\"37%\" height=\"19\">\n<p align=\"left\">1.11 \u2013<\/p>\n<\/td>\n<\/tr>\n<tr>\n<td width=\"63%\" height=\"19\">\n<p align=\"left\">EJE 112i<\/p>\n<\/td>\n<td width=\"37%\" height=\"19\">\n<p align=\"left\">11.11 \u2013<\/p>\n<\/td>\n<\/tr>\n<tr>\n<td width=\"63%\" height=\"19\">\n<p align=\"left\">ECE 20<\/p>\n<\/td>\n<td width=\"37%\" height=\"19\">\n<p align=\"left\">9.97 \u2013 3.98<\/p>\n<\/td>\n<\/tr>\n<tr>\n<td width=\"63%\" height=\"19\">\n<p align=\"left\">ECE 20 \u2013 TC<\/p>\n<\/td>\n<td width=\"37%\" height=\"19\">\n<p align=\"left\">7.99 \u2013 3.03<\/p>\n<\/td>\n<\/tr>\n<tr>\n<td width=\"63%\" height=\"19\">\n<p align=\"left\">EDC 20\/25<\/p>\n<\/td>\n<td width=\"37%\" height=\"19\">\n<p align=\"left\">1.00 \u2013 12.04<\/p>\n<\/td>\n<\/tr>\n<tr>\n<td width=\"63%\" height=\"19\">\n<p align=\"left\">EJC 10 KGL (BW)<\/p>\n<\/td>\n<td width=\"37%\" height=\"19\">\n<p align=\"left\">6.78 \u2013<\/p>\n<\/td>\n<\/tr>\n<tr>\n<td width=\"63%\" height=\"19\">\n<p align=\"left\">EJC 12-16<\/p>\n<\/td>\n<td width=\"37%\" height=\"19\">\n<p align=\"left\">7.94 \u2013 6.96<\/p>\n<\/td>\n<\/tr>\n<tr>\n<td width=\"63%\" height=\"19\">\n<p align=\"left\">EJC 12-16<\/p>\n<\/td>\n<td width=\"37%\" height=\"19\">\n<p align=\"left\">7.96 \u2013 4.98<\/p>\n<\/td>\n<\/tr>\n<tr>\n<td width=\"63%\" height=\"19\">\n<p align=\"left\">EJC 220<\/p>\n<\/td>\n<td width=\"37%\" height=\"19\">\n<p align=\"left\">8.06 \u2013<\/p>\n<\/td>\n<\/tr>\n<tr>\n<td width=\"63%\" height=\"19\">\n<p align=\"left\">EJC-20\/25<\/p>\n<\/td>\n<td width=\"37%\" height=\"19\">\n<p align=\"left\">4.05 \u2013 12.06<\/p>\n<\/td>\n<\/tr>\n<tr>\n<td width=\"63%\" height=\"19\">\n<p align=\"left\">EJCc 12,5\/16<\/p>\n<\/td>\n<td width=\"37%\" height=\"19\">\n<p align=\"left\">5.82 \u2013 1.85<\/p>\n<\/td>\n<\/tr>\n<tr>\n<td width=\"63%\" height=\"19\">\n<p align=\"left\">EJD 16<\/p>\n<\/td>\n<td width=\"37%\" height=\"19\">\n<p align=\"left\">5.91 \u2013 12.91<\/p>\n<\/td>\n<\/tr>\n<tr>\n<td width=\"63%\" height=\"19\">\n<p align=\"left\">EJD 16<\/p>\n<\/td>\n<td width=\"37%\" height=\"19\">\n<p align=\"left\">9.92 \u2013 4.94<\/p>\n<\/td>\n<\/tr>\n<tr>\n<td width=\"63%\" height=\"19\">\n<p align=\"left\">EJD 20-3<\/p>\n<\/td>\n<td width=\"37%\" height=\"19\">\n<p align=\"left\">4.95 \u2013 12.01<\/p>\n<\/td>\n<\/tr>\n<tr>\n<td width=\"63%\" height=\"19\">\n<p align=\"left\">EJD 20-3<\/p>\n<\/td>\n<td width=\"37%\" height=\"19\">\n<p align=\"left\">5.94 \u2013 10.94<\/p>\n<\/td>\n<\/tr>\n<tr>\n<td width=\"63%\" height=\"19\">\n<p align=\"left\">EJD 20-3<\/p>\n<\/td>\n<td width=\"37%\" height=\"19\">\n<p align=\"left\">10.94 \u2013 3.95<\/p>\n<\/td>\n<\/tr>\n<tr>\n<td width=\"63%\" height=\"19\">\n<p align=\"left\">EJE 116\/118\/120<\/p>\n<\/td>\n<td width=\"37%\" height=\"19\">\n<p align=\"left\">9.03 \u2013 10.07<\/p>\n<\/td>\n<\/tr>\n<tr>\n<td width=\"63%\" height=\"19\">\n<p align=\"left\">EJE 12,5-16<\/p>\n<\/td>\n<td width=\"37%\" height=\"19\">\n<p align=\"left\">10.88 \u2013 3.91<\/p>\n<\/td>\n<\/tr>\n<tr>\n<td width=\"63%\" height=\"19\">\n<p align=\"left\">EJE 16\/20<\/p>\n<\/td>\n<td width=\"37%\" height=\"19\">\n<p align=\"left\">9.92 \u2013 7.93<\/p>\n<\/td>\n<\/tr>\n<tr>\n<td width=\"63%\" height=\"19\">\n<p align=\"left\">EJE 16-4<\/p>\n<\/td>\n<td width=\"37%\" height=\"19\">\n<p align=\"left\">1.00 \u2013<\/p>\n<\/td>\n<\/tr>\n<tr>\n<td width=\"63%\" height=\"19\">\n<p align=\"left\">EJE 16-4<\/p>\n<\/td>\n<td width=\"37%\" height=\"19\">\n<p align=\"left\">8.96 \u2013 12.99<\/p>\n<\/td>\n<\/tr>\n<tr>\n<td width=\"63%\" height=\"19\">\n<p align=\"left\">EJE 220\/225<\/p>\n<\/td>\n<td width=\"37%\" height=\"19\">\n<p align=\"left\">5.07 \u2013<\/p>\n<\/td>\n<\/tr>\n<tr>\n<td width=\"63%\" height=\"19\">\n<p align=\"left\">EJE 235<\/p>\n<\/td>\n<td width=\"37%\" height=\"19\">\n<p align=\"left\">5.08 \u2013<\/p>\n<\/td>\n<\/tr>\n<tr>\n<td width=\"63%\" height=\"19\">\n<p align=\"left\">EJE 260 (MMC)<\/p>\n<\/td>\n<td width=\"37%\" height=\"19\">\n<p align=\"left\">9.03 \u2013 9.06<\/p>\n<\/td>\n<\/tr>\n<tr>\n<td width=\"63%\" height=\"19\">\n<p align=\"left\">EJE 60 (MMC)<\/p>\n<\/td>\n<td width=\"37%\" height=\"19\">\n<p align=\"left\">1.99 \u2013 8.03<\/p>\n<\/td>\n<\/tr>\n<tr>\n<td width=\"63%\" height=\"19\">\n<p align=\"left\">EJE 60 (USA)<\/p>\n<\/td>\n<td width=\"37%\" height=\"19\">\n<p align=\"left\">1.99 \u2013 4.05<\/p>\n<\/td>\n<\/tr>\n<tr>\n<td width=\"63%\" height=\"19\">\n<p align=\"left\">EJE KMS B<\/p>\n<\/td>\n<td width=\"37%\" height=\"19\">\n<p align=\"left\">11.79 \u2013 8.84<\/p>\n<\/td>\n<\/tr>\n<tr>\n<td width=\"63%\" height=\"19\">\n<p align=\"left\">EJE\/-R 20<\/p>\n<\/td>\n<td width=\"37%\" height=\"19\">\n<p align=\"left\">9.92 \u2013 7.93<\/p>\n<\/td>\n<\/tr>\n<tr>\n<td width=\"63%\" height=\"19\">\n<p align=\"left\">EJE\/-R 20-24<\/p>\n<\/td>\n<td width=\"37%\" height=\"19\">\n<p align=\"left\">6.96 \u2013 4.97<\/p>\n<\/td>\n<\/tr>\n<tr>\n<td width=\"63%\" height=\"19\">\n<p align=\"left\">EKC 12,5 \/ 16 \/ 20<\/p>\n<\/td>\n<td width=\"37%\" height=\"19\">\n<p align=\"left\">1.91 \u2013 1.95<\/p>\n<\/td>\n<\/tr>\n<tr>\n<td width=\"63%\" height=\"19\">\n<p align=\"left\">EKC 16 \/ 20<\/p>\n<\/td>\n<td width=\"37%\" height=\"19\">\n<p align=\"left\">5.82 \u2013 11.84<\/p>\n<\/td>\n<\/tr>\n<tr>\n<td width=\"63%\" height=\"19\">\n<p align=\"left\">EKC 20<\/p>\n<\/td>\n<td width=\"37%\" height=\"19\">\n<p align=\"left\">6.86 \u2013 12.90<\/p>\n<\/td>\n<\/tr>\n<tr>\n<td width=\"63%\" height=\"19\">\n<p align=\"left\">EKC 20<\/p>\n<\/td>\n<td width=\"37%\" height=\"19\">\n<p align=\"left\">1.83 \u2013 5.86<\/p>\n<\/td>\n<\/tr>\n<tr>\n<td width=\"63%\" height=\"19\">\n<p align=\"left\">EKE 16<\/p>\n<\/td>\n<td width=\"37%\" height=\"19\">\n<p align=\"left\">5.82 \u2013 11.84<\/p>\n<\/td>\n<\/tr>\n<tr>\n<td width=\"63%\" height=\"19\">\n<p align=\"left\">EKE 20<\/p>\n<\/td>\n<td width=\"37%\" height=\"19\">\n<p align=\"left\">5.94 \u2013 5.97<\/p>\n<\/td>\n<\/tr>\n<tr>\n<td width=\"63%\" height=\"19\">\n<p align=\"left\">EKE 20<\/p>\n<\/td>\n<td width=\"37%\" height=\"19\">\n<p align=\"left\">1.91 \u2013 4.94<\/p>\n<\/td>\n<\/tr>\n<tr>\n<td width=\"63%\" height=\"19\">\n<p align=\"left\">ERE 20<\/p>\n<\/td>\n<td width=\"37%\" height=\"19\">\n<p align=\"left\">1.92 \u2013 4.94<\/p>\n<\/td>\n<\/tr>\n<tr>\n<td width=\"63%\" height=\"19\">\n<p align=\"left\">ERE 20<\/p>\n<\/td>\n<td width=\"37%\" height=\"19\">\n<p align=\"left\">5.94 \u2013 6.97<\/p>\n<\/td>\n<\/tr>\n<tr>\n<td width=\"63%\" height=\"19\">\n<p align=\"left\">ERE 20<\/p>\n<\/td>\n<td width=\"37%\" height=\"19\">\n<p align=\"left\">7.97 \u2013 9.98<\/p>\n<\/td>\n<\/tr>\n<tr>\n<td width=\"63%\" height=\"19\">\n<p align=\"left\">ERE 20 fester Antrieb<\/p>\n<\/td>\n<td width=\"37%\" height=\"19\">\n<p align=\"left\">1.01 \u2013 10.03<\/p>\n<\/td>\n<\/tr>\n<tr>\n<td width=\"63%\" height=\"19\">\n<p align=\"left\">ESD 20<\/p>\n<\/td>\n<td width=\"37%\" height=\"19\">\n<p align=\"left\">11.99 \u2013 7.03<\/p>\n<\/td>\n<\/tr>\n<tr>\n<td width=\"63%\" height=\"19\">\n<p align=\"left\">WN 20-25 C\/WN20-22rC<\/p>\n<\/td>\n<td width=\"37%\" height=\"19\">\n<p align=\"left\">9.03 \u2013 10.07<\/p>\n<\/td>\n<\/tr>\n<tr>\n<td width=\"63%\" height=\"19\">\n<p align=\"left\">WN 20C\/25C<\/p>\n<\/td>\n<td width=\"37%\" height=\"19\">\n<p align=\"left\">5.07 \u2013<\/p>\n<\/td>\n<\/tr>\n<tr>\n<td width=\"63%\" height=\"19\">\n<p align=\"left\">WP6000<\/p>\n<\/td>\n<td width=\"37%\" height=\"19\">\n<p align=\"left\">10.05 \u2013 10.07<\/p>\n<\/td>\n<\/tr>\n<tr>\n<td width=\"63%\" height=\"19\">\n<p align=\"left\">WP4500<\/p>\n<\/td>\n<td width=\"37%\" height=\"19\">\n<p align=\"left\">9.05 \u2013 10.07<\/p>\n<\/td>\n<\/tr>\n<tr>\n<td width=\"63%\" height=\"19\">\n<p align=\"left\">EJE 116\/118\/120 (USA)<\/p>\n<\/td>\n<td width=\"37%\" height=\"19\">\n<p align=\"left\">9.07 \u2013<\/p>\n<\/td>\n<\/tr>\n<tr>\n<td width=\"63%\" height=\"19\">\n<p align=\"left\">EJE 220\/225 (USA)<\/p>\n<\/td>\n<td width=\"37%\" height=\"19\">\n<p align=\"left\">8.07 \u2013<\/p>\n<\/td>\n<\/tr>\n<tr>\n<td width=\"63%\" height=\"19\">\n<p align=\"left\">PW23<\/p>\n<\/td>\n<td width=\"37%\" height=\"19\">\n<p align=\"left\">9.07 \u2013<\/p>\n<\/td>\n<\/tr>\n<\/tbody>\n<\/table>\n<p>&nbsp;<\/p>\n<p>&nbsp;<\/p>\n<p>Crown<\/p>\n<p>WP2300S WP2300, WP2000S, WP2000<\/p>","protected":false},"excerpt":{"rendered":"<p data-start=\"1552\" data-end=\"1951\">Diese Lastrolle von Blickle eignet sich hervorragend f\u00fcr den Einsatz in industriellen Transportsystemen. Die Polyurethan-Lauffl\u00e4che ist besonders abriebfest und sorgt f\u00fcr einen ger\u00e4uscharmen, gleichm\u00e4\u00dfigen Lauf auch bei hoher Belastung. Mit einer Breite von 85 mm und einem Au\u00dfendurchmesser von 110\/115 mm bietet sie eine langlebige L\u00f6sung.<\/p>\n<p data-start=\"1953\" data-end=\"2218\"><strong data-start=\"1953\" data-end=\"1974\">Technische Daten:<\/strong><br data-start=\"1974\" data-end=\"1977\" \/>\u2022 Ma\u00dfe: 85\u00d7110\/115-25 mm<br data-start=\"2001\" data-end=\"2004\" \/>\u2022 Material: Rad mit Polyurethanbeschichtung<br data-start=\"2047\" data-end=\"2050\" \/>\u2022 Marke: Blickle<br data-start=\"2066\" data-end=\"2069\" \/>\u2022 Teilenummern: 27631340, 51064609<br data-start=\"2103\" data-end=\"2106\" \/>\u2022 Einsatzbereich: Industrielle Lasttransportsysteme<br data-start=\"2157\" data-end=\"2160\" \/>\u2022 Eigenschaften: Abriebfest, leiser und gleichm\u00e4\u00dfiger Lauf<\/p>\n","protected":false},"featured_media":17566,"template":"","meta":[],"product_brand":[],"product_cat":[500,236,238,272,274,400],"product_tag":[],"class_list":{"0":"post-17563","1":"product","2":"type-product","3":"status-publish","4":"has-post-thumbnail","6":"product_cat-catal-tekeri-blickle","7":"product_cat-jungheinrich","8":"product_cat-catal-tekeri-jungheinrich","9":"product_cat-crown","10":"product_cat-catal-tekeri-crown","11":"product_cat-catal-tekeri","13":"first","14":"instock","15":"taxable","16":"shipping-taxable","17":"purchasable","18":"product-type-simple"},"_links":{"self":[{"href":"https:\/\/ceoparts.com\/de\/wp-json\/wp\/v2\/product\/17563","targetHints":{"allow":["GET"]}}],"collection":[{"href":"https:\/\/ceoparts.com\/de\/wp-json\/wp\/v2\/product"}],"about":[{"href":"https:\/\/ceoparts.com\/de\/wp-json\/wp\/v2\/types\/product"}],"wp:featuredmedia":[{"embeddable":true,"href":"https:\/\/ceoparts.com\/de\/wp-json\/wp\/v2\/media\/17566"}],"wp:attachment":[{"href":"https:\/\/ceoparts.com\/de\/wp-json\/wp\/v2\/media?parent=17563"}],"wp:term":[{"taxonomy":"product_brand","embeddable":true,"href":"https:\/\/ceoparts.com\/de\/wp-json\/wp\/v2\/product_brand?post=17563"},{"taxonomy":"product_cat","embeddable":true,"href":"https:\/\/ceoparts.com\/de\/wp-json\/wp\/v2\/product_cat?post=17563"},{"taxonomy":"product_tag","embeddable":true,"href":"https:\/\/ceoparts.com\/de\/wp-json\/wp\/v2\/product_tag?post=17563"}],"curies":[{"name":"wp","href":"https:\/\/api.w.org\/{rel}","templated":true}]}}