{"id":17567,"date":"2025-07-18T09:01:57","date_gmt":"2025-07-18T06:01:57","guid":{"rendered":"https:\/\/ceoparts.com\/?post_type=product&#038;p=17567"},"modified":"2026-05-16T11:43:53","modified_gmt":"2026-05-16T08:43:53","slug":"100x40-15-blickle-denge-tekeri-51058754","status":"publish","type":"product","link":"https:\/\/ceoparts.com\/de\/urun\/100x40-15-blickle-denge-tekeri-51058754\/","title":{"rendered":"100&#215;40-15 Blickle St\u00fctzrad \u2013 51058754"},"content":{"rendered":"<p>100&#215;40-15 Blickle St\u00fctzrad \u2013 51058754<\/p>\n<p>EGU 1600\/710215\/01-97<br \/>\nEGU-710115\/710117\/710119\/710125<br \/>\nEGU-H-710201<br \/>\nEGU 14\/710114\/11-97<br \/>\nEGU 16\/710116\/02-97<br \/>\nEGU 18\/710118\/02-97<br \/>\nEGU 20-S\/710123\/11-97<br \/>\nEGU 20\/710122\/08-97<\/p>","protected":false},"excerpt":{"rendered":"<p data-start=\"1470\" data-end=\"1762\">Dieses St\u00fctzrad von Blickle eignet sich ideal f\u00fcr den Einsatz in Hub- und Transportger\u00e4ten. Hergestellt aus hochwertigem Polyurethan bietet es ger\u00e4uscharmen Lauf, Sto\u00dfd\u00e4mpfung und lange Lebensdauer. Besonders geeignet f\u00fcr empfindliche Bodenfl\u00e4chen.<\/p>\n<p data-start=\"1764\" data-end=\"1997\"><strong data-start=\"1764\" data-end=\"1785\">Technische Daten:<\/strong><br data-start=\"1785\" data-end=\"1788\" \/>\u2022 Gr\u00f6\u00dfe: 100&#215;40-15<br data-start=\"1806\" data-end=\"1809\" \/>\u2022 Material: Polyurethan (PU)<br data-start=\"1837\" data-end=\"1840\" \/>\u2022 Marke: Blickle<br data-start=\"1856\" data-end=\"1859\" \/>\u2022 Teilenummer: 51058754<br data-start=\"1882\" data-end=\"1885\" \/>\u2022 Einsatzbereich: St\u00fctzrad f\u00fcr Flurf\u00f6rderzeuge<br data-start=\"1931\" data-end=\"1934\" \/>\u2022 Eigenschaften: Leiser Lauf, hohe Best\u00e4ndigkeit, bodenschonend<\/p>\n","protected":false},"featured_media":17569,"template":"","meta":[],"product_brand":[],"product_cat":[501,185],"product_tag":[],"class_list":{"0":"post-17567","1":"product","2":"type-product","3":"status-publish","4":"has-post-thumbnail","6":"product_cat-denge-tekeri-blickle","7":"product_cat-denge-tekeri","9":"first","10":"instock","11":"taxable","12":"shipping-taxable","13":"purchasable","14":"product-type-simple"},"_links":{"self":[{"href":"https:\/\/ceoparts.com\/de\/wp-json\/wp\/v2\/product\/17567","targetHints":{"allow":["GET"]}}],"collection":[{"href":"https:\/\/ceoparts.com\/de\/wp-json\/wp\/v2\/product"}],"about":[{"href":"https:\/\/ceoparts.com\/de\/wp-json\/wp\/v2\/types\/product"}],"wp:featuredmedia":[{"embeddable":true,"href":"https:\/\/ceoparts.com\/de\/wp-json\/wp\/v2\/media\/17569"}],"wp:attachment":[{"href":"https:\/\/ceoparts.com\/de\/wp-json\/wp\/v2\/media?parent=17567"}],"wp:term":[{"taxonomy":"product_brand","embeddable":true,"href":"https:\/\/ceoparts.com\/de\/wp-json\/wp\/v2\/product_brand?post=17567"},{"taxonomy":"product_cat","embeddable":true,"href":"https:\/\/ceoparts.com\/de\/wp-json\/wp\/v2\/product_cat?post=17567"},{"taxonomy":"product_tag","embeddable":true,"href":"https:\/\/ceoparts.com\/de\/wp-json\/wp\/v2\/product_tag?post=17567"}],"curies":[{"name":"wp","href":"https:\/\/api.w.org\/{rel}","templated":true}]}}