{"id":17623,"date":"2025-07-21T09:17:15","date_gmt":"2025-07-21T06:17:15","guid":{"rendered":"https:\/\/ceoparts.com\/?post_type=product&#038;p=17623"},"modified":"2026-05-16T11:29:30","modified_gmt":"2026-05-16T08:29:30","slug":"343x114-90-blickle-yuruyus-tekeri-51331328-50262633","status":"publish","type":"product","link":"https:\/\/ceoparts.com\/de\/urun\/343x114-90-blickle-yuruyus-tekeri-51331328-50262633\/","title":{"rendered":"343&#215;114-90 Blickle Antriebsrad \u2013 51331328, 50262633"},"content":{"rendered":"<p>343&#215;114-90 Blickle Antriebsrad \u2013 51331328, 50262633<\/p>\n<table border=\"0\" width=\"246\" cellspacing=\"0\" cellpadding=\"0\">\n<tbody>\n<tr>\n<td width=\"124\" height=\"20\">ETM\/V 214\/216<\/td>\n<td width=\"122\">12.03 \u2013<\/td>\n<\/tr>\n<tr>\n<td height=\"20\">ETM\/V 320\/325<\/td>\n<td>12.04 \u2013<\/td>\n<\/tr>\n<tr>\n<td height=\"20\">ETV 110\/112<\/td>\n<td>11.05 \u2013<\/td>\n<\/tr>\n<tr>\n<td height=\"20\">ETV 114\/116<\/td>\n<td>11.05 \u2013 11.11<\/td>\n<\/tr>\n<tr>\n<td height=\"20\">ETM\/V 214\/216<\/td>\n<td>9.11 \u2013<\/td>\n<\/tr>\n<\/tbody>\n<\/table>","protected":false},"excerpt":{"rendered":"<p data-start=\"1441\" data-end=\"1769\">Diese Antriebsr\u00e4der von Blickle bieten hohe Haltbarkeit und lange Lebensdauer f\u00fcr Gabelstapler und industrielle Transportfahrzeuge. Hergestellt aus verschlei\u00dffestem Material, eignen sie sich f\u00fcr raue Arbeitsbedingungen. Bekannt f\u00fcr leisen Betrieb und hohe Tragf\u00e4higkeit.<\/p>\n<p data-start=\"1771\" data-end=\"1993\"><strong data-start=\"1771\" data-end=\"1792\">Technische Daten:<\/strong><br data-start=\"1792\" data-end=\"1795\" \/>\u2022 Gr\u00f6\u00dfe: 343&#215;114-90<br data-start=\"1814\" data-end=\"1817\" \/>\u2022 Marke: Blickle<br data-start=\"1833\" data-end=\"1836\" \/>\u2022 Teilenummern: 51331328, 50262633<br data-start=\"1870\" data-end=\"1873\" \/>\u2022 Anwendung: Gabelstapler und Transportsysteme<br data-start=\"1919\" data-end=\"1922\" \/>\u2022 Eigenschaften: Hohe Haltbarkeit, Verschlei\u00dffestigkeit, leiser Betrieb<\/p>\n","protected":false},"featured_media":17628,"template":"","meta":[],"product_brand":[],"product_cat":[503,193],"product_tag":[],"class_list":{"0":"post-17623","1":"product","2":"type-product","3":"status-publish","4":"has-post-thumbnail","6":"product_cat-yuruyus-tekeri-blickle","7":"product_cat-yuruyus-tekeri","9":"first","10":"instock","11":"taxable","12":"shipping-taxable","13":"purchasable","14":"product-type-simple"},"_links":{"self":[{"href":"https:\/\/ceoparts.com\/de\/wp-json\/wp\/v2\/product\/17623","targetHints":{"allow":["GET"]}}],"collection":[{"href":"https:\/\/ceoparts.com\/de\/wp-json\/wp\/v2\/product"}],"about":[{"href":"https:\/\/ceoparts.com\/de\/wp-json\/wp\/v2\/types\/product"}],"wp:featuredmedia":[{"embeddable":true,"href":"https:\/\/ceoparts.com\/de\/wp-json\/wp\/v2\/media\/17628"}],"wp:attachment":[{"href":"https:\/\/ceoparts.com\/de\/wp-json\/wp\/v2\/media?parent=17623"}],"wp:term":[{"taxonomy":"product_brand","embeddable":true,"href":"https:\/\/ceoparts.com\/de\/wp-json\/wp\/v2\/product_brand?post=17623"},{"taxonomy":"product_cat","embeddable":true,"href":"https:\/\/ceoparts.com\/de\/wp-json\/wp\/v2\/product_cat?post=17623"},{"taxonomy":"product_tag","embeddable":true,"href":"https:\/\/ceoparts.com\/de\/wp-json\/wp\/v2\/product_tag?post=17623"}],"curies":[{"name":"wp","href":"https:\/\/api.w.org\/{rel}","templated":true}]}}