{"id":17632,"date":"2025-07-21T10:33:09","date_gmt":"2025-07-21T07:33:09","guid":{"rendered":"https:\/\/ceoparts.com\/?post_type=product&#038;p=17632"},"modified":"2026-05-16T11:50:35","modified_gmt":"2026-05-16T08:50:35","slug":"343x135-90-blickle-yuruyus-tekeri-0029903814","status":"publish","type":"product","link":"https:\/\/ceoparts.com\/de\/urun\/343x135-90-blickle-yuruyus-tekeri-0029903814\/","title":{"rendered":"343&#215;135-90 Blickle Antriebsrad \u2013 0029903814"},"content":{"rendered":"<p>343&#215;135-90 Blickle Antriebsrad \u2013 0029903814<\/p>\n<p>115C-11\u00a0R10C\/12C\/14C-11<br \/>\n115-12\u00a0R14\/14G\/16\/16G\/20\/20G-12<br \/>\n115-03\u00a0R14\/R16\/R20-03<br \/>\n115C-03\u00a0R10C\/R12C\/R14C-03<br \/>\n116-03\u00a0R14X\/R16X\/R17X\/R17XHD-03<br \/>\n116-02\u00a0R14X\/R16X\/R17X\/R17XHD<\/p>","protected":false},"excerpt":{"rendered":"<p data-start=\"1340\" data-end=\"1648\">Dieses Antriebsrad von Blickle ist f\u00fcr Gabelstapler und industrielle Transportfahrzeuge konzipiert. Es verf\u00fcgt \u00fcber eine robuste Konstruktion mit hoher Verschlei\u00dffestigkeit und bietet eine lange Lebensdauer. Bekannt f\u00fcr hohe Tragf\u00e4higkeit und leisen Betrieb.<\/p>\n<p data-start=\"1650\" data-end=\"1865\"><strong data-start=\"1650\" data-end=\"1671\">Technische Daten:<\/strong><br data-start=\"1671\" data-end=\"1674\" \/>\u2022 Gr\u00f6\u00dfe: 343\u00d7135-90<br data-start=\"1693\" data-end=\"1696\" \/>\u2022 Marke: Blickle<br data-start=\"1712\" data-end=\"1715\" \/>\u2022 Teilenummer: 0029903814<br data-start=\"1740\" data-end=\"1743\" \/>\u2022 Anwendung: Gabelstapler und Transportfahrzeuge<br data-start=\"1791\" data-end=\"1794\" \/>\u2022 Eigenschaften: Hohe Haltbarkeit, Verschlei\u00dffestigkeit, leiser Betrieb<\/p>\n","protected":false},"featured_media":17633,"template":"","meta":[],"product_brand":[],"product_cat":[503,193],"product_tag":[],"class_list":{"0":"post-17632","1":"product","2":"type-product","3":"status-publish","4":"has-post-thumbnail","6":"product_cat-yuruyus-tekeri-blickle","7":"product_cat-yuruyus-tekeri","9":"first","10":"instock","11":"taxable","12":"shipping-taxable","13":"purchasable","14":"product-type-simple"},"_links":{"self":[{"href":"https:\/\/ceoparts.com\/de\/wp-json\/wp\/v2\/product\/17632","targetHints":{"allow":["GET"]}}],"collection":[{"href":"https:\/\/ceoparts.com\/de\/wp-json\/wp\/v2\/product"}],"about":[{"href":"https:\/\/ceoparts.com\/de\/wp-json\/wp\/v2\/types\/product"}],"wp:featuredmedia":[{"embeddable":true,"href":"https:\/\/ceoparts.com\/de\/wp-json\/wp\/v2\/media\/17633"}],"wp:attachment":[{"href":"https:\/\/ceoparts.com\/de\/wp-json\/wp\/v2\/media?parent=17632"}],"wp:term":[{"taxonomy":"product_brand","embeddable":true,"href":"https:\/\/ceoparts.com\/de\/wp-json\/wp\/v2\/product_brand?post=17632"},{"taxonomy":"product_cat","embeddable":true,"href":"https:\/\/ceoparts.com\/de\/wp-json\/wp\/v2\/product_cat?post=17632"},{"taxonomy":"product_tag","embeddable":true,"href":"https:\/\/ceoparts.com\/de\/wp-json\/wp\/v2\/product_tag?post=17632"}],"curies":[{"name":"wp","href":"https:\/\/api.w.org\/{rel}","templated":true}]}}