{"id":17659,"date":"2025-07-22T10:04:43","date_gmt":"2025-07-22T07:04:43","guid":{"rendered":"https:\/\/ceoparts.com\/?post_type=product&#038;p=17659"},"modified":"2026-05-18T00:39:32","modified_gmt":"2026-05-17T21:39:32","slug":"343x135-80-blickle-yuruyus-tekeri-9815054219","status":"publish","type":"product","link":"https:\/\/ceoparts.com\/de\/urun\/343x135-80-blickle-yuruyus-tekeri-9815054219\/","title":{"rendered":"343&#215;135-80 Blickle Antriebsrad \u2013 9815054219"},"content":{"rendered":"<p>343&#215;135-80 Blickle Antriebsrad \u2013 9815054219<\/p>\n<p>115-02\u00a0R14\/R16\/R20-02<br \/>\n115C-02\u00a0R10C\/R12C\/R14C-02<br \/>\n116\u00a0R14X\/R16X\/R17X\/R17XHD<\/p>","protected":false},"excerpt":{"rendered":"<p data-start=\"1338\" data-end=\"1631\">Dieses Antriebsrad von Blickle eignet sich ideal f\u00fcr Gabelstapler und industrielle Transportfahrzeuge. Es bietet hohe Best\u00e4ndigkeit gegen Verschlei\u00df und sorgt f\u00fcr eine lange Lebensdauer. Leiser Betrieb und hohe Tragkraft sind weitere Vorteile.<\/p>\n<p data-start=\"1633\" data-end=\"1835\"><strong data-start=\"1633\" data-end=\"1654\">Technische Daten:<\/strong><br data-start=\"1654\" data-end=\"1657\" \/>\u2022 Gr\u00f6\u00dfe: 343\u00d7135-80<br data-start=\"1676\" data-end=\"1679\" \/>\u2022 Marke: Blickle<br data-start=\"1695\" data-end=\"1698\" \/>\u2022 Teilenummer: 9815054219<br data-start=\"1723\" data-end=\"1726\" \/>\u2022 Anwendung: Gabelstapler und Transportfahrzeuge<br data-start=\"1774\" data-end=\"1777\" \/>\u2022 Eigenschaften: Verschlei\u00dffest, leise, hohe Tragf\u00e4higkeit<\/p>\n","protected":false},"featured_media":17702,"template":"","meta":[],"product_brand":[],"product_cat":[503,193],"product_tag":[],"class_list":{"0":"post-17659","1":"product","2":"type-product","3":"status-publish","4":"has-post-thumbnail","6":"product_cat-yuruyus-tekeri-blickle","7":"product_cat-yuruyus-tekeri","9":"first","10":"instock","11":"taxable","12":"shipping-taxable","13":"purchasable","14":"product-type-simple"},"_links":{"self":[{"href":"https:\/\/ceoparts.com\/de\/wp-json\/wp\/v2\/product\/17659","targetHints":{"allow":["GET"]}}],"collection":[{"href":"https:\/\/ceoparts.com\/de\/wp-json\/wp\/v2\/product"}],"about":[{"href":"https:\/\/ceoparts.com\/de\/wp-json\/wp\/v2\/types\/product"}],"wp:featuredmedia":[{"embeddable":true,"href":"https:\/\/ceoparts.com\/de\/wp-json\/wp\/v2\/media\/17702"}],"wp:attachment":[{"href":"https:\/\/ceoparts.com\/de\/wp-json\/wp\/v2\/media?parent=17659"}],"wp:term":[{"taxonomy":"product_brand","embeddable":true,"href":"https:\/\/ceoparts.com\/de\/wp-json\/wp\/v2\/product_brand?post=17659"},{"taxonomy":"product_cat","embeddable":true,"href":"https:\/\/ceoparts.com\/de\/wp-json\/wp\/v2\/product_cat?post=17659"},{"taxonomy":"product_tag","embeddable":true,"href":"https:\/\/ceoparts.com\/de\/wp-json\/wp\/v2\/product_tag?post=17659"}],"curies":[{"name":"wp","href":"https:\/\/api.w.org\/{rel}","templated":true}]}}