{"id":17703,"date":"2025-07-22T14:46:13","date_gmt":"2025-07-22T11:46:13","guid":{"rendered":"https:\/\/ceoparts.com\/?post_type=product&#038;p=17703"},"modified":"2026-05-16T11:59:08","modified_gmt":"2026-05-16T08:59:08","slug":"406x170-110-stellana-vulkollan-yuruyus-tekeri-0009903901","status":"publish","type":"product","link":"https:\/\/ceoparts.com\/de\/urun\/406x170-110-stellana-vulkollan-yuruyus-tekeri-0009903901\/","title":{"rendered":"406&#215;170-110 Stellana Vulkollan Antriebsrad \u2013 0009903901"},"content":{"rendered":"<p>406&#215;170-110 Stellana Vulkollan Antriebsrad \u2013 0009903901<\/p>\n<p>406&#215;170-110<\/p>\n<p>Still 8435086 Crown 149214-001 Linde 0009903901<\/p>\n<p>Still MX-X Seria 6123<\/p>\n<p>Crown TSP6500 Seria 1A397<\/p>","protected":false},"excerpt":{"rendered":"<p data-start=\"1521\" data-end=\"1868\">Dieses hochwertige Antriebsrad aus Vulkollan von Stellana wurde f\u00fcr Schwerlast-Gabelstapler und industrielle Transportsysteme entwickelt. Es bietet hervorragende Best\u00e4ndigkeit gegen Abnutzung, Last und St\u00f6\u00dfe. Leiser Betrieb, hohe Tragf\u00e4higkeit und lange Lebensdauer sind gew\u00e4hrleistet.<\/p>\n<p data-start=\"1870\" data-end=\"2115\"><strong data-start=\"1870\" data-end=\"1891\">Technische Daten:<\/strong><br data-start=\"1891\" data-end=\"1894\" \/>\u2022 Gr\u00f6\u00dfe: 406&#215;170-110<br data-start=\"1914\" data-end=\"1917\" \/>\u2022 Material: Vulkollan<br data-start=\"1938\" data-end=\"1941\" \/>\u2022 Marke: Stellana<br data-start=\"1958\" data-end=\"1961\" \/>\u2022 Teilenummer: 0009903901<br data-start=\"1986\" data-end=\"1989\" \/>\u2022 Anwendung: Schwerlast-Gabelstapler und Industrieanlagen<br data-start=\"2046\" data-end=\"2049\" \/>\u2022 Besonderheiten: Hohe Haltbarkeit, leiser und effizienter Betrieb<\/p>\n","protected":false},"featured_media":17708,"template":"","meta":[],"product_brand":[],"product_cat":[246,249,272,275,416,418,193],"product_tag":[],"class_list":{"0":"post-17703","1":"product","2":"type-product","3":"status-publish","4":"has-post-thumbnail","6":"product_cat-linde","7":"product_cat-yuruyus-tekeri-linde","8":"product_cat-crown","9":"product_cat-yuruyus-tekeri-crown","10":"product_cat-stellana","11":"product_cat-yuruyus-tekeri-stellana","12":"product_cat-yuruyus-tekeri","14":"first","15":"instock","16":"taxable","17":"shipping-taxable","18":"purchasable","19":"product-type-simple"},"_links":{"self":[{"href":"https:\/\/ceoparts.com\/de\/wp-json\/wp\/v2\/product\/17703","targetHints":{"allow":["GET"]}}],"collection":[{"href":"https:\/\/ceoparts.com\/de\/wp-json\/wp\/v2\/product"}],"about":[{"href":"https:\/\/ceoparts.com\/de\/wp-json\/wp\/v2\/types\/product"}],"wp:featuredmedia":[{"embeddable":true,"href":"https:\/\/ceoparts.com\/de\/wp-json\/wp\/v2\/media\/17708"}],"wp:attachment":[{"href":"https:\/\/ceoparts.com\/de\/wp-json\/wp\/v2\/media?parent=17703"}],"wp:term":[{"taxonomy":"product_brand","embeddable":true,"href":"https:\/\/ceoparts.com\/de\/wp-json\/wp\/v2\/product_brand?post=17703"},{"taxonomy":"product_cat","embeddable":true,"href":"https:\/\/ceoparts.com\/de\/wp-json\/wp\/v2\/product_cat?post=17703"},{"taxonomy":"product_tag","embeddable":true,"href":"https:\/\/ceoparts.com\/de\/wp-json\/wp\/v2\/product_tag?post=17703"}],"curies":[{"name":"wp","href":"https:\/\/api.w.org\/{rel}","templated":true}]}}